{"id":6088,"date":"2019-10-14T20:57:04","date_gmt":"2019-10-14T20:57:04","guid":{"rendered":"https:\/\/3sdesign.eu\/produkti\/steelline\/"},"modified":"2024-11-12T14:49:41","modified_gmt":"2024-11-12T14:49:41","slug":"steelline","status":"publish","type":"page","link":"https:\/\/3sdesign.eu\/sl\/produkti\/steelline\/","title":{"rendered":"Steelline"},"content":{"rendered":"<p>[et_pb_section fb_built=&#8221;1&#8243; fullwidth=&#8221;on&#8221; _builder_version=&#8221;4.16&#8243; global_colors_info=&#8221;{}&#8221;][et_pb_fullwidth_image src=&#8221;https:\/\/3sdesign.eu\/wp-content\/uploads\/2024\/10\/03-3Sdesign-steelline-steel-furniture-scaled.jpg&#8221; _builder_version=&#8221;4.27.2&#8243; hover_enabled=&#8221;0&#8243; global_colors_info=&#8221;{}&#8221; title_text=&#8221;03-3Sdesign-steelline-kovinsko-pohistvo&#8221; sticky_enabled=&#8221;0&#8243;][\/et_pb_fullwidth_image][\/et_pb_section][et_pb_section fb_built=&#8221;1&#8243; _builder_version=&#8221;4.16&#8243; global_colors_info=&#8221;{}&#8221;][et_pb_row column_structure=&#8221;1_4,1_4,1_4,1_4&#8243; _builder_version=&#8221;4.16&#8243; global_colors_info=&#8221;{}&#8221;][et_pb_column type=&#8221;1_4&#8243; _builder_version=&#8221;4.16&#8243; global_colors_info=&#8221;{}&#8221;][et_pb_text _builder_version=&#8221;4.16&#8243; header_font=&#8221;Noto Sans||||||||&#8221; header_font_size=&#8221;35px&#8221; header_2_line_height=&#8221;1.3em&#8221; global_colors_info=&#8221;{}&#8221;]<\/p>\n<h1 style=\"text-align: left;\"><strong>Steelline<\/strong><\/h1>\n<h2><em><strong>Kovinsko pohi\u0161tvo<\/strong><\/em><\/h2>\n<h2><em>ustvarjeno, da se prilagodi va\u0161emu \u017eivljenskemu slogu.<\/em><\/h2>\n<h2><\/h2>\n<p>[\/et_pb_text][\/et_pb_column][et_pb_column type=&#8221;1_4&#8243; _builder_version=&#8221;4.16&#8243; global_colors_info=&#8221;{}&#8221;][et_pb_text _builder_version=&#8221;4.16&#8243; global_colors_info=&#8221;{}&#8221;]<\/p>\n<p><strong>Steelline je linija ve\u010dnamenskega minimalisti\u010dno oblikovanega kovinskega pohi\u0161tva.<\/strong><\/p>\n<p>Pri oblikovanju linije Steelline, je bi na\u0161 cilj osvoboditi \u017eivljenjski prostor vsakega posameznika in ustvariti vrsto uporabnih odlagalnih povr\u0161in. \u017delele pa smo ustvariti pohi\u0161tvo, ki sicer ni zgolj samo prakti\u010dno, ampak tudi lepo. <\/p>\n<p><a href=\"https:\/\/3sdesign.eu\/products\/\">POGLEJTE KATALOG<\/a><\/p>\n<p>[\/et_pb_text][\/et_pb_column][et_pb_column type=&#8221;1_4&#8243; _builder_version=&#8221;4.16&#8243; global_colors_info=&#8221;{}&#8221;][et_pb_text _builder_version=&#8221;4.16&#8243; global_colors_info=&#8221;{}&#8221;]<\/p>\n<p><span>\u010ciste linije, gladke povr\u0161ine, nevtralne barve in modularni dizajn omogo\u010dajo enostavno spajanje kovinskega pohi\u0161tva Steelline z va\u0161im obstoje\u010dim pohi\u0161tvom. Ker je pohi\u0161tvo ve\u010dnamensko, ga lahko uporabljate v razli\u010dnih prostorih za razli\u010dne namene: od dnevnih sob, kuhinj, kopalnic, predsob, trgovin, pisarn \u2026 <\/span><\/p>\n<p>[\/et_pb_text][\/et_pb_column][et_pb_column type=&#8221;1_4&#8243; _builder_version=&#8221;4.16&#8243; global_colors_info=&#8221;{}&#8221;][et_pb_text _builder_version=&#8221;4.16&#8243; global_colors_info=&#8221;{}&#8221;]<\/p>\n<p><span>\u201cMesto za vse, vse na svojem mestu\u201d je bilo na\u0161e vodilo pri ustvarjanju linije Steelline. Linijo sestavljajo prakti\u010dni elementi, ki nam pridejo prav v vsakodnevnem \u017eivljenju. Prav tako smo poskrbele za enostavno pritrjevanje elementov na stenske povr\u0161ine in za lahko in enostavno vzdr\u017eevanje ter \u010di\u0161\u010denje.   <\/span><\/p>\n<p>[\/et_pb_text][\/et_pb_column][\/et_pb_row][et_pb_row column_structure=&#8221;1_3,1_3,1_3&#8243; _builder_version=&#8221;4.16&#8243; global_colors_info=&#8221;{}&#8221;][et_pb_column type=&#8221;1_3&#8243; _builder_version=&#8221;4.16&#8243; global_colors_info=&#8221;{}&#8221;][et_pb_image src=&#8221;https:\/\/3sdesign.eu\/wp-content\/uploads\/2019\/10\/Steelline-S-MID.png&#8221; show_in_lightbox=&#8221;on&#8221; _builder_version=&#8221;4.16&#8243; global_colors_info=&#8221;{}&#8221;][\/et_pb_image][et_pb_image src=&#8221;https:\/\/3sdesign.eu\/wp-content\/uploads\/2019\/10\/UMBRELLA-STAND-DON_SHELF-LEX.png&#8221; show_in_lightbox=&#8221;on&#8221; _builder_version=&#8221;4.16&#8243; global_colors_info=&#8221;{}&#8221;][\/et_pb_image][\/et_pb_column][et_pb_column type=&#8221;1_3&#8243; _builder_version=&#8221;4.16&#8243; global_colors_info=&#8221;{}&#8221;][et_pb_image src=&#8221;https:\/\/3sdesign.eu\/wp-content\/uploads\/2019\/10\/Steelline_coffee-table-TWIN.png&#8221; show_in_lightbox=&#8221;on&#8221; _builder_version=&#8221;4.16&#8243; global_colors_info=&#8221;{}&#8221;][\/et_pb_image][et_pb_image src=&#8221;https:\/\/3sdesign.eu\/wp-content\/uploads\/2019\/10\/Steelline-LIN.png&#8221; show_in_lightbox=&#8221;on&#8221; _builder_version=&#8221;4.16&#8243; global_colors_info=&#8221;{}&#8221;][\/et_pb_image][\/et_pb_column][et_pb_column type=&#8221;1_3&#8243; _builder_version=&#8221;4.16&#8243; global_colors_info=&#8221;{}&#8221;][et_pb_image src=&#8221;https:\/\/3sdesign.eu\/wp-content\/uploads\/2019\/10\/Steelline-TWIN.png&#8221; show_in_lightbox=&#8221;on&#8221; _builder_version=&#8221;4.16&#8243; global_colors_info=&#8221;{}&#8221;][\/et_pb_image][et_pb_image src=&#8221;https:\/\/3sdesign.eu\/wp-content\/uploads\/2019\/10\/Steelline_IZI-shelf.png&#8221; show_in_lightbox=&#8221;on&#8221; _builder_version=&#8221;4.16&#8243; global_colors_info=&#8221;{}&#8221;][\/et_pb_image][\/et_pb_column][\/et_pb_row][\/et_pb_section][et_pb_section fb_built=&#8221;1&#8243; _builder_version=&#8221;4.16&#8243; background_color=&#8221;rgba(0,0,0,0.08)&#8221; global_colors_info=&#8221;{}&#8221;][et_pb_row column_structure=&#8221;1_3,1_3,1_3&#8243; _builder_version=&#8221;4.16&#8243; global_colors_info=&#8221;{}&#8221;][et_pb_column type=&#8221;1_3&#8243; _builder_version=&#8221;4.16&#8243; global_colors_info=&#8221;{}&#8221;][et_pb_text _builder_version=&#8221;4.26.1&#8243; global_colors_info=&#8221;{}&#8221;]<\/p>\n<p style=\"text-align: center;\">KONTAKT<\/p>\n<p style=\"text-align: center;\">3S design, d.o.o.<\/p>\n<p style=\"text-align: center;\">Slovenija<\/p>\n<p style=\"text-align: center;\"><strong>studio@3sdesign.eu<\/strong><\/p>\n<p style=\"text-align: center;\"><strong>070 322 122<br \/><\/strong><\/p>\n<p>[\/et_pb_text][et_pb_button button_url=&#8221;https:\/\/3sdesign.eu\/sl\/kontaktni-obrazec\/&#8221; url_new_window=&#8221;on&#8221; button_text=&#8221;Kontaktirajte nas&#8221; button_alignment=&#8221;center&#8221; _builder_version=&#8221;4.16&#8243; _module_preset=&#8221;default&#8221; custom_button=&#8221;on&#8221; button_text_color=&#8221;#636363&#8243; button_bg_color=&#8221;#c9c9c9&#8243; locked=&#8221;off&#8221; global_colors_info=&#8221;{}&#8221;][\/et_pb_button][\/et_pb_column][et_pb_column type=&#8221;1_3&#8243; _builder_version=&#8221;4.16&#8243; global_colors_info=&#8221;{}&#8221;][et_pb_text _builder_version=&#8221;4.16&#8243; global_colors_info=&#8221;{}&#8221;]<\/p>\n<p style=\"text-align: center;\">INFORMACIJE<\/p>\n<p style=\"text-align: center;\">\n<p style=\"text-align: center;\">Splo\u0161ni pogoji poslovanja<\/p>\n<p style=\"text-align: center;\">Pogoji dostave in vra\u010dil<\/p>\n<p style=\"text-align: center;\">Varstvo podatkov<\/p>\n<p>[\/et_pb_text][\/et_pb_column][et_pb_column type=&#8221;1_3&#8243; _builder_version=&#8221;4.16&#8243; global_colors_info=&#8221;{}&#8221;][et_pb_text _builder_version=&#8221;4.16&#8243; global_colors_info=&#8221;{}&#8221;]<\/p>\n<p style=\"text-align: center;\">SLEDITE NAM<\/p>\n<p style=\"text-align: center;\">[\/et_pb_text][et_pb_social_media_follow _builder_version=&#8221;4.16&#8243; background_color=&#8221;rgba(0,0,0,0)&#8221; text_orientation=&#8221;center&#8221; global_colors_info=&#8221;{}&#8221;][et_pb_social_media_follow_network social_network=&#8221;facebook&#8221; url=&#8221;https:\/\/www.facebook.com\/3sdesigneu\/&#8221; _builder_version=&#8221;4.16&#8243; background_color=&#8221;rgba(0,0,0,0.6)&#8221; background_enable_color=&#8221;on&#8221; global_colors_info=&#8221;{}&#8221; follow_button=&#8221;off&#8221; url_new_window=&#8221;on&#8221;]facebook[\/et_pb_social_media_follow_network][et_pb_social_media_follow_network social_network=&#8221;instagram&#8221; url=&#8221;https:\/\/www.instagram.com\/3sdesign_eu\/&#8221; _builder_version=&#8221;4.16&#8243; background_color=&#8221;rgba(0,0,0,0.6)&#8221; background_enable_color=&#8221;on&#8221; global_colors_info=&#8221;{}&#8221; follow_button=&#8221;off&#8221; url_new_window=&#8221;on&#8221;]instagram[\/et_pb_social_media_follow_network][et_pb_social_media_follow_network social_network=&#8221;pinterest&#8221; url=&#8221;https:\/\/www.pinterest.com\/3sdesign\/&#8221; _builder_version=&#8221;4.16&#8243; background_color=&#8221;rgba(0,0,0,0.6)&#8221; background_enable_color=&#8221;on&#8221; global_colors_info=&#8221;{}&#8221; follow_button=&#8221;off&#8221; url_new_window=&#8221;on&#8221;]pinterest[\/et_pb_social_media_follow_network][et_pb_social_media_follow_network social_network=&#8221;linkedin&#8221; url=&#8221;https:\/\/www.linkedin.com\/company\/9272777\/admin\/&#8221; _builder_version=&#8221;4.16&#8243; background_color=&#8221;rgba(0,0,0,0.6)&#8221; background_enable_color=&#8221;on&#8221; global_colors_info=&#8221;{}&#8221; follow_button=&#8221;off&#8221; url_new_window=&#8221;on&#8221;]linkedin[\/et_pb_social_media_follow_network][\/et_pb_social_media_follow][\/et_pb_column][\/et_pb_row][\/et_pb_section]<\/p>\n","protected":false},"excerpt":{"rendered":"<p>Steelline Kovinsko pohi\u0161tvo ustvarjeno, da se prilagodi va\u0161emu \u017eivljenskemu slogu. Steelline je linija ve\u010dnamenskega minimalisti\u010dno oblikovanega kovinskega pohi\u0161tva. Pri oblikovanju linije Steelline, je bi na\u0161 cilj osvoboditi \u017eivljenjski prostor vsakega posameznika in ustvariti vrsto uporabnih odlagalnih povr\u0161in. \u017delele pa smo ustvariti pohi\u0161tvo, ki sicer ni zgolj samo prakti\u010dno, ampak tudi lepo. POGLEJTE KATALOG\u010ciste linije, gladke [&hellip;]<\/p>\n","protected":false},"author":1,"featured_media":0,"parent":5858,"menu_order":1,"comment_status":"closed","ping_status":"closed","template":"","meta":{"_et_pb_use_builder":"on","_et_pb_old_content":"","_et_gb_content_width":"","_monsterinsights_skip_tracking":false,"_monsterinsights_sitenote_active":false,"_monsterinsights_sitenote_note":"","_monsterinsights_sitenote_category":0,"footnotes":""},"class_list":["post-6088","page","type-page","status-publish","hentry"],"yoast_head":"<!-- This site is optimized with the Yoast SEO plugin v27.5 - https:\/\/yoast.com\/product\/yoast-seo-wordpress\/ -->\n<title>Steelline &#8226; 3s design<\/title>\n<meta name=\"robots\" content=\"index, follow, max-snippet:-1, max-image-preview:large, max-video-preview:-1\" \/>\n<link rel=\"canonical\" href=\"https:\/\/3sdesign.eu\/sl\/produkti\/steelline\/\" \/>\n<meta property=\"og:locale\" content=\"sl_SI\" \/>\n<meta property=\"og:type\" content=\"article\" \/>\n<meta property=\"og:title\" content=\"Steelline &#8226; 3s design\" \/>\n<meta property=\"og:description\" content=\"Steelline Kovinsko pohi\u0161tvo ustvarjeno, da se prilagodi va\u0161emu \u017eivljenskemu slogu. Steelline je linija ve\u010dnamenskega minimalisti\u010dno oblikovanega kovinskega pohi\u0161tva. Pri oblikovanju linije Steelline, je bi na\u0161 cilj osvoboditi \u017eivljenjski prostor vsakega posameznika in ustvariti vrsto uporabnih odlagalnih povr\u0161in. \u017delele pa smo ustvariti pohi\u0161tvo, ki sicer ni zgolj samo prakti\u010dno, ampak tudi lepo. POGLEJTE KATALOG\u010ciste linije, gladke [&hellip;]\" \/>\n<meta property=\"og:url\" content=\"https:\/\/3sdesign.eu\/sl\/produkti\/steelline\/\" \/>\n<meta property=\"og:site_name\" content=\"3s design\" \/>\n<meta property=\"article:publisher\" content=\"https:\/\/www.facebook.com\/3sdesigneu\/\" \/>\n<meta property=\"article:modified_time\" content=\"2024-11-12T14:49:41+00:00\" \/>\n<meta name=\"twitter:card\" content=\"summary_large_image\" \/>\n<meta name=\"twitter:label1\" content=\"Est. reading time\" \/>\n\t<meta name=\"twitter:data1\" content=\"4 minute\" \/>\n<script type=\"application\/ld+json\" class=\"yoast-schema-graph\">{\"@context\":\"https:\\\/\\\/schema.org\",\"@graph\":[{\"@type\":\"WebPage\",\"@id\":\"https:\\\/\\\/3sdesign.eu\\\/sl\\\/produkti\\\/steelline\\\/\",\"url\":\"https:\\\/\\\/3sdesign.eu\\\/sl\\\/produkti\\\/steelline\\\/\",\"name\":\"Steelline &#8226; 3s design\",\"isPartOf\":{\"@id\":\"https:\\\/\\\/3sdesign.eu\\\/sl\\\/#website\"},\"datePublished\":\"2019-10-14T20:57:04+00:00\",\"dateModified\":\"2024-11-12T14:49:41+00:00\",\"breadcrumb\":{\"@id\":\"https:\\\/\\\/3sdesign.eu\\\/sl\\\/produkti\\\/steelline\\\/#breadcrumb\"},\"inLanguage\":\"sl-SI\",\"potentialAction\":[{\"@type\":\"ReadAction\",\"target\":[\"https:\\\/\\\/3sdesign.eu\\\/sl\\\/produkti\\\/steelline\\\/\"]}]},{\"@type\":\"BreadcrumbList\",\"@id\":\"https:\\\/\\\/3sdesign.eu\\\/sl\\\/produkti\\\/steelline\\\/#breadcrumb\",\"itemListElement\":[{\"@type\":\"ListItem\",\"position\":1,\"name\":\"Home\",\"item\":\"https:\\\/\\\/3sdesign.eu\\\/sl\\\/home\\\/\"},{\"@type\":\"ListItem\",\"position\":2,\"name\":\"Produkti\",\"item\":\"https:\\\/\\\/3sdesign.eu\\\/sl\\\/produkti\\\/\"},{\"@type\":\"ListItem\",\"position\":3,\"name\":\"Steelline\"}]},{\"@type\":\"WebSite\",\"@id\":\"https:\\\/\\\/3sdesign.eu\\\/sl\\\/#website\",\"url\":\"https:\\\/\\\/3sdesign.eu\\\/sl\\\/\",\"name\":\"3s design\",\"description\":\"3S design\",\"publisher\":{\"@id\":\"https:\\\/\\\/3sdesign.eu\\\/sl\\\/#organization\"},\"potentialAction\":[{\"@type\":\"SearchAction\",\"target\":{\"@type\":\"EntryPoint\",\"urlTemplate\":\"https:\\\/\\\/3sdesign.eu\\\/sl\\\/?s={search_term_string}\"},\"query-input\":{\"@type\":\"PropertyValueSpecification\",\"valueRequired\":true,\"valueName\":\"search_term_string\"}}],\"inLanguage\":\"sl-SI\"},{\"@type\":\"Organization\",\"@id\":\"https:\\\/\\\/3sdesign.eu\\\/sl\\\/#organization\",\"name\":\"3S design\",\"url\":\"https:\\\/\\\/3sdesign.eu\\\/sl\\\/\",\"logo\":{\"@type\":\"ImageObject\",\"inLanguage\":\"sl-SI\",\"@id\":\"https:\\\/\\\/3sdesign.eu\\\/sl\\\/#\\\/schema\\\/logo\\\/image\\\/\",\"url\":\"https:\\\/\\\/3sdesign.eu\\\/wp-content\\\/uploads\\\/2019\\\/10\\\/3S-design_logo.png\",\"contentUrl\":\"https:\\\/\\\/3sdesign.eu\\\/wp-content\\\/uploads\\\/2019\\\/10\\\/3S-design_logo.png\",\"width\":800,\"height\":294,\"caption\":\"3S design\"},\"image\":{\"@id\":\"https:\\\/\\\/3sdesign.eu\\\/sl\\\/#\\\/schema\\\/logo\\\/image\\\/\"},\"sameAs\":[\"https:\\\/\\\/www.facebook.com\\\/3sdesigneu\\\/\",\"https:\\\/\\\/www.instagram.com\\\/3sdesign_eu\\\/\",\"https:\\\/\\\/www.linkedin.com\\\/company\\\/3sdesign-eu\",\"https:\\\/\\\/www.pinterest.com\\\/3sdesign\\\/\",\"https:\\\/\\\/www.youtube.com\\\/channel\\\/UCM1RnY3dvrkFxUcZaPBaQog\"]}]}<\/script>\n<!-- \/ Yoast SEO plugin. -->","yoast_head_json":{"title":"Steelline &#8226; 3s design","robots":{"index":"index","follow":"follow","max-snippet":"max-snippet:-1","max-image-preview":"max-image-preview:large","max-video-preview":"max-video-preview:-1"},"canonical":"https:\/\/3sdesign.eu\/sl\/produkti\/steelline\/","og_locale":"sl_SI","og_type":"article","og_title":"Steelline &#8226; 3s design","og_description":"Steelline Kovinsko pohi\u0161tvo ustvarjeno, da se prilagodi va\u0161emu \u017eivljenskemu slogu. Steelline je linija ve\u010dnamenskega minimalisti\u010dno oblikovanega kovinskega pohi\u0161tva. Pri oblikovanju linije Steelline, je bi na\u0161 cilj osvoboditi \u017eivljenjski prostor vsakega posameznika in ustvariti vrsto uporabnih odlagalnih povr\u0161in. \u017delele pa smo ustvariti pohi\u0161tvo, ki sicer ni zgolj samo prakti\u010dno, ampak tudi lepo. POGLEJTE KATALOG\u010ciste linije, gladke [&hellip;]","og_url":"https:\/\/3sdesign.eu\/sl\/produkti\/steelline\/","og_site_name":"3s design","article_publisher":"https:\/\/www.facebook.com\/3sdesigneu\/","article_modified_time":"2024-11-12T14:49:41+00:00","twitter_card":"summary_large_image","twitter_misc":{"Est. reading time":"4 minute"},"schema":{"@context":"https:\/\/schema.org","@graph":[{"@type":"WebPage","@id":"https:\/\/3sdesign.eu\/sl\/produkti\/steelline\/","url":"https:\/\/3sdesign.eu\/sl\/produkti\/steelline\/","name":"Steelline &#8226; 3s design","isPartOf":{"@id":"https:\/\/3sdesign.eu\/sl\/#website"},"datePublished":"2019-10-14T20:57:04+00:00","dateModified":"2024-11-12T14:49:41+00:00","breadcrumb":{"@id":"https:\/\/3sdesign.eu\/sl\/produkti\/steelline\/#breadcrumb"},"inLanguage":"sl-SI","potentialAction":[{"@type":"ReadAction","target":["https:\/\/3sdesign.eu\/sl\/produkti\/steelline\/"]}]},{"@type":"BreadcrumbList","@id":"https:\/\/3sdesign.eu\/sl\/produkti\/steelline\/#breadcrumb","itemListElement":[{"@type":"ListItem","position":1,"name":"Home","item":"https:\/\/3sdesign.eu\/sl\/home\/"},{"@type":"ListItem","position":2,"name":"Produkti","item":"https:\/\/3sdesign.eu\/sl\/produkti\/"},{"@type":"ListItem","position":3,"name":"Steelline"}]},{"@type":"WebSite","@id":"https:\/\/3sdesign.eu\/sl\/#website","url":"https:\/\/3sdesign.eu\/sl\/","name":"3s design","description":"3S design","publisher":{"@id":"https:\/\/3sdesign.eu\/sl\/#organization"},"potentialAction":[{"@type":"SearchAction","target":{"@type":"EntryPoint","urlTemplate":"https:\/\/3sdesign.eu\/sl\/?s={search_term_string}"},"query-input":{"@type":"PropertyValueSpecification","valueRequired":true,"valueName":"search_term_string"}}],"inLanguage":"sl-SI"},{"@type":"Organization","@id":"https:\/\/3sdesign.eu\/sl\/#organization","name":"3S design","url":"https:\/\/3sdesign.eu\/sl\/","logo":{"@type":"ImageObject","inLanguage":"sl-SI","@id":"https:\/\/3sdesign.eu\/sl\/#\/schema\/logo\/image\/","url":"https:\/\/3sdesign.eu\/wp-content\/uploads\/2019\/10\/3S-design_logo.png","contentUrl":"https:\/\/3sdesign.eu\/wp-content\/uploads\/2019\/10\/3S-design_logo.png","width":800,"height":294,"caption":"3S design"},"image":{"@id":"https:\/\/3sdesign.eu\/sl\/#\/schema\/logo\/image\/"},"sameAs":["https:\/\/www.facebook.com\/3sdesigneu\/","https:\/\/www.instagram.com\/3sdesign_eu\/","https:\/\/www.linkedin.com\/company\/3sdesign-eu","https:\/\/www.pinterest.com\/3sdesign\/","https:\/\/www.youtube.com\/channel\/UCM1RnY3dvrkFxUcZaPBaQog"]}]}},"_links":{"self":[{"href":"https:\/\/3sdesign.eu\/sl\/wp-json\/wp\/v2\/pages\/6088","targetHints":{"allow":["GET"]}}],"collection":[{"href":"https:\/\/3sdesign.eu\/sl\/wp-json\/wp\/v2\/pages"}],"about":[{"href":"https:\/\/3sdesign.eu\/sl\/wp-json\/wp\/v2\/types\/page"}],"author":[{"embeddable":true,"href":"https:\/\/3sdesign.eu\/sl\/wp-json\/wp\/v2\/users\/1"}],"replies":[{"embeddable":true,"href":"https:\/\/3sdesign.eu\/sl\/wp-json\/wp\/v2\/comments?post=6088"}],"version-history":[{"count":2,"href":"https:\/\/3sdesign.eu\/sl\/wp-json\/wp\/v2\/pages\/6088\/revisions"}],"predecessor-version":[{"id":6090,"href":"https:\/\/3sdesign.eu\/sl\/wp-json\/wp\/v2\/pages\/6088\/revisions\/6090"}],"up":[{"embeddable":true,"href":"https:\/\/3sdesign.eu\/sl\/wp-json\/wp\/v2\/pages\/5858"}],"wp:attachment":[{"href":"https:\/\/3sdesign.eu\/sl\/wp-json\/wp\/v2\/media?parent=6088"}],"curies":[{"name":"wp","href":"https:\/\/api.w.org\/{rel}","templated":true}]}}