{"id":6082,"date":"2019-10-15T06:38:55","date_gmt":"2019-10-15T06:38:55","guid":{"rendered":"https:\/\/3sdesign.eu\/trgovina\/"},"modified":"2024-11-12T08:40:55","modified_gmt":"2024-11-12T08:40:55","slug":"trgovina","status":"publish","type":"page","link":"https:\/\/3sdesign.eu\/sl\/trgovina\/","title":{"rendered":"TRGOVINA"},"content":{"rendered":"<p>[et_pb_section fb_built=&#8221;1&#8243; _builder_version=&#8221;4.16&#8243; custom_padding=&#8221;32px|||||&#8221; global_colors_info=&#8221;{}&#8221;][et_pb_row _builder_version=&#8221;4.20.4&#8243; _module_preset=&#8221;default&#8221; locked=&#8221;off&#8221; global_colors_info=&#8221;{}&#8221;][et_pb_column type=&#8221;4_4&#8243; _builder_version=&#8221;4.20.4&#8243; _module_preset=&#8221;default&#8221; global_colors_info=&#8221;{}&#8221;][et_pb_cta title=&#8221;Delo v teku&#8230;&#8221; button_url=&#8221;https:\/\/3sdesign.eu\/sl\/kontaktni-obrazec\/&#8221; url_new_window=&#8221;on&#8221; button_text=&#8221;Kontaktirajte nas&#8221; _builder_version=&#8221;4.20.4&#8243; _module_preset=&#8221;default&#8221; header_font=&#8221;|300|||||||&#8221; body_font=&#8221;|300|||||||&#8221; body_font_size=&#8221;18px&#8221; background_color=&#8221;#6a7970&#8243; custom_button=&#8221;on&#8221; button_text_size=&#8221;24px&#8221; button_font=&#8221;|300|||||||&#8221; link_option_url=&#8221;https:\/\/3sdesign.eu\/sl\/kontaktni-obrazec\/&#8221; link_option_url_new_window=&#8221;on&#8221; global_colors_info=&#8221;{}&#8221;]<\/p>\n<p>&nbsp;<\/p>\n<p>Na\u0161a spletna trgovina je v izdelavi.<\/p>\n<p>Za enkrat stran deluje kot spletni katalog, kjer si lahko ogledate vse podrobnosti o na\u0161ih izdelkih.<\/p>\n<p>\u010ce \u017eelite prejeti cenik ali ponudbo za plo\u0161\u010do po meri, izpolnite obrazec na spodnji povezavi ali pa nam pi\u0161ite na studio@3sdesign.eu<\/p>\n<p>[\/et_pb_cta][\/et_pb_column][\/et_pb_row][et_pb_row _builder_version=&#8221;4.16&#8243; background_color=&#8221;rgba(0,0,0,0.07)&#8221; global_colors_info=&#8221;{}&#8221;][et_pb_column type=&#8221;4_4&#8243; _builder_version=&#8221;4.16&#8243; global_colors_info=&#8221;{}&#8221;][et_pb_text _builder_version=&#8221;4.21.0&#8243; text_font=&#8221;|300|||||||&#8221; text_font_size=&#8221;19px&#8221; header_text_color=&#8221;rgba(0,0,0,0.4)&#8221; header_font_size=&#8221;35px&#8221; global_colors_info=&#8221;{}&#8221;]<\/p>\n<h1 style=\"text-align: center;\">Plutoo<\/h1>\n<p style=\"text-align: center;\">Stojalo za obla\u010dila<\/p>\n<p>[\/et_pb_text][\/et_pb_column][\/et_pb_row][et_pb_row _builder_version=&#8221;4.16&#8243; global_colors_info=&#8221;{}&#8221;][et_pb_column type=&#8221;4_4&#8243; _builder_version=&#8221;4.16&#8243; global_colors_info=&#8221;{}&#8221;][et_pb_shop type=&#8221;product_category&#8221; include_categories=&#8221;149&#8243; columns_number=&#8221;3&#8243; orderby=&#8221;menu_order&#8221; _builder_version=&#8221;4.21.0&#8243; global_colors_info=&#8221;{}&#8221;][\/et_pb_shop][\/et_pb_column][\/et_pb_row][et_pb_row _builder_version=&#8221;4.16&#8243; background_color=&#8221;rgba(0,0,0,0.07)&#8221; global_colors_info=&#8221;{}&#8221;][et_pb_column type=&#8221;4_4&#8243; _builder_version=&#8221;4.16&#8243; global_colors_info=&#8221;{}&#8221;][et_pb_text _builder_version=&#8221;4.21.0&#8243; text_font=&#8221;|300|||||||&#8221; text_font_size=&#8221;19px&#8221; header_text_color=&#8221;rgba(0,0,0,0.4)&#8221; header_font_size=&#8221;35px&#8221; global_colors_info=&#8221;{}&#8221;]<\/p>\n<h1 style=\"text-align: center;\">3S magnet<\/h1>\n<p style=\"text-align: center;\">magnetni dodatki<\/p>\n<p>[\/et_pb_text][\/et_pb_column][\/et_pb_row][et_pb_row _builder_version=&#8221;4.16&#8243; global_colors_info=&#8221;{}&#8221;][et_pb_column type=&#8221;4_4&#8243; _builder_version=&#8221;4.16&#8243; global_colors_info=&#8221;{}&#8221;][et_pb_text _builder_version=&#8221;4.16&#8243; header_font_size=&#8221;25px&#8221; header_2_text_color=&#8221;rgba(0,0,0,0.6)&#8221; header_2_font_size=&#8221;25px&#8221; global_colors_info=&#8221;{}&#8221;]<\/p>\n<h2 style=\"text-align: center;\">Kuhinjski dodatki<\/h2>\n<p>[\/et_pb_text][\/et_pb_column][\/et_pb_row][et_pb_row _builder_version=&#8221;4.21.0&#8243; global_colors_info=&#8221;{}&#8221;][et_pb_column type=&#8221;4_4&#8243; _builder_version=&#8221;4.16&#8243; global_colors_info=&#8221;{}&#8221;][et_pb_shop type=&#8221;product_category&#8221; posts_number=&#8221;20&#8243; include_categories=&#8221;20&#8243; columns_number=&#8221;5&#8243; orderby=&#8221;menu_order&#8221; icon_hover_color=&#8221;#6d6d6d&#8221; _builder_version=&#8221;4.21.0&#8243; title_text_align=&#8221;center&#8221; global_colors_info=&#8221;{}&#8221;][\/et_pb_shop][\/et_pb_column][\/et_pb_row][et_pb_row _builder_version=&#8221;4.16&#8243; global_colors_info=&#8221;{}&#8221;][et_pb_column type=&#8221;4_4&#8243; _builder_version=&#8221;4.16&#8243; global_colors_info=&#8221;{}&#8221;][et_pb_text _builder_version=&#8221;4.16&#8243; header_2_text_color=&#8221;rgba(0,0,0,0.6)&#8221; header_2_font_size=&#8221;25px&#8221; global_colors_info=&#8221;{}&#8221;]<\/p>\n<h2 style=\"text-align: center;\">Dodatki za kopalnico<\/h2>\n<p>[\/et_pb_text][\/et_pb_column][\/et_pb_row][et_pb_row _builder_version=&#8221;4.16&#8243; global_colors_info=&#8221;{}&#8221;][et_pb_column type=&#8221;4_4&#8243; _builder_version=&#8221;4.16&#8243; global_colors_info=&#8221;{}&#8221;][et_pb_shop type=&#8221;product_category&#8221; include_categories=&#8221;22&#8243; columns_number=&#8221;6&#8243; orderby=&#8221;menu_order&#8221; _builder_version=&#8221;4.16&#8243; global_colors_info=&#8221;{}&#8221;][\/et_pb_shop][\/et_pb_column][\/et_pb_row][et_pb_row _builder_version=&#8221;4.16&#8243; global_colors_info=&#8221;{}&#8221;][et_pb_column type=&#8221;4_4&#8243; _builder_version=&#8221;4.16&#8243; global_colors_info=&#8221;{}&#8221;][et_pb_text _builder_version=&#8221;4.16&#8243; header_font_size=&#8221;25px&#8221; header_2_text_color=&#8221;rgba(0,0,0,0.6)&#8221; header_2_font_size=&#8221;25px&#8221; global_colors_info=&#8221;{}&#8221;]<\/p>\n<h2 style=\"text-align: center;\">Dodatki za dnevno sobo in predsobo<\/h2>\n<p>[\/et_pb_text][\/et_pb_column][\/et_pb_row][et_pb_row _builder_version=&#8221;4.16&#8243; global_colors_info=&#8221;{}&#8221;][et_pb_column type=&#8221;4_4&#8243; _builder_version=&#8221;4.16&#8243; global_colors_info=&#8221;{}&#8221;][et_pb_shop type=&#8221;product_category&#8221; include_categories=&#8221;40&#8243; columns_number=&#8221;6&#8243; _builder_version=&#8221;4.16&#8243; global_colors_info=&#8221;{}&#8221;][\/et_pb_shop][\/et_pb_column][\/et_pb_row][et_pb_row _builder_version=&#8221;4.16&#8243; global_colors_info=&#8221;{}&#8221;][et_pb_column type=&#8221;4_4&#8243; _builder_version=&#8221;4.16&#8243; global_colors_info=&#8221;{}&#8221;][et_pb_text _builder_version=&#8221;4.16&#8243; header_2_text_color=&#8221;rgba(0,0,0,0.6)&#8221; header_2_font_size=&#8221;25px&#8221; global_colors_info=&#8221;{}&#8221;]<\/p>\n<h2 style=\"text-align: center;\">POLICE<\/h2>\n<p>[\/et_pb_text][\/et_pb_column][\/et_pb_row][et_pb_row _builder_version=&#8221;4.16&#8243; global_colors_info=&#8221;{}&#8221;][et_pb_column type=&#8221;4_4&#8243; _builder_version=&#8221;4.16&#8243; global_colors_info=&#8221;{}&#8221;][et_pb_shop type=&#8221;product_category&#8221; posts_number=&#8221;24&#8243; include_categories=&#8221;62&#8243; columns_number=&#8221;6&#8243; _builder_version=&#8221;4.16&#8243; global_colors_info=&#8221;{}&#8221;][\/et_pb_shop][\/et_pb_column][\/et_pb_row][et_pb_row _builder_version=&#8221;4.16&#8243; global_colors_info=&#8221;{}&#8221;][et_pb_column type=&#8221;4_4&#8243; _builder_version=&#8221;4.16&#8243; global_colors_info=&#8221;{}&#8221;][et_pb_text _builder_version=&#8221;4.16&#8243; header_2_text_color=&#8221;rgba(0,0,0,0.6)&#8221; header_2_font_size=&#8221;25px&#8221; global_colors_info=&#8221;{}&#8221;]<\/p>\n<h2 style=\"text-align: center;\">LON\u010cKI<\/h2>\n<p>[\/et_pb_text][\/et_pb_column][\/et_pb_row][et_pb_row _builder_version=&#8221;4.16&#8243; global_colors_info=&#8221;{}&#8221;][et_pb_column type=&#8221;4_4&#8243; _builder_version=&#8221;4.16&#8243; global_colors_info=&#8221;{}&#8221;][et_pb_shop type=&#8221;product_category&#8221; include_categories=&#8221;64&#8243; columns_number=&#8221;5&#8243; _builder_version=&#8221;4.16&#8243; global_colors_info=&#8221;{}&#8221;][\/et_pb_shop][\/et_pb_column][\/et_pb_row][et_pb_row _builder_version=&#8221;4.16&#8243; global_colors_info=&#8221;{}&#8221;][et_pb_column type=&#8221;4_4&#8243; _builder_version=&#8221;4.16&#8243; global_colors_info=&#8221;{}&#8221;][et_pb_text _builder_version=&#8221;4.16&#8243; header_2_text_color=&#8221;rgba(0,0,0,0.6)&#8221; header_2_font_size=&#8221;25px&#8221; global_colors_info=&#8221;{}&#8221;]<\/p>\n<h2 style=\"text-align: center;\">KLJUKICE<\/h2>\n<p>[\/et_pb_text][\/et_pb_column][\/et_pb_row][et_pb_row _builder_version=&#8221;4.16&#8243; global_colors_info=&#8221;{}&#8221;][et_pb_column type=&#8221;4_4&#8243; _builder_version=&#8221;4.16&#8243; global_colors_info=&#8221;{}&#8221;][et_pb_shop type=&#8221;product_category&#8221; include_categories=&#8221;71&#8243; columns_number=&#8221;5&#8243; _builder_version=&#8221;4.16&#8243; global_colors_info=&#8221;{}&#8221;][\/et_pb_shop][\/et_pb_column][\/et_pb_row][et_pb_row _builder_version=&#8221;4.16&#8243; global_colors_info=&#8221;{}&#8221;][et_pb_column type=&#8221;4_4&#8243; _builder_version=&#8221;4.16&#8243; global_colors_info=&#8221;{}&#8221;][\/et_pb_column][\/et_pb_row][et_pb_row _builder_version=&#8221;4.16&#8243; background_color=&#8221;rgba(0,0,0,0.07)&#8221; global_colors_info=&#8221;{}&#8221;][et_pb_column type=&#8221;4_4&#8243; _builder_version=&#8221;4.16&#8243; global_colors_info=&#8221;{}&#8221;][et_pb_text _builder_version=&#8221;4.21.0&#8243; text_font=&#8221;|300|||||||&#8221; text_font_size=&#8221;20px&#8221; header_text_color=&#8221;rgba(0,0,0,0.4)&#8221; header_font_size=&#8221;35px&#8221; global_colors_info=&#8221;{}&#8221;]<\/p>\n<h1 style=\"text-align: center;\">Steelline<\/h1>\n<p style=\"text-align: center;\">kovinsko pohi\u0161tvo<\/p>\n<p>[\/et_pb_text][\/et_pb_column][\/et_pb_row][et_pb_row _builder_version=&#8221;4.16&#8243; global_colors_info=&#8221;{}&#8221;][et_pb_column type=&#8221;4_4&#8243; _builder_version=&#8221;4.16&#8243; global_colors_info=&#8221;{}&#8221;][et_pb_shop type=&#8221;product_category&#8221; include_categories=&#8221;72&#8243; _builder_version=&#8221;4.16&#8243; global_colors_info=&#8221;{}&#8221;][\/et_pb_shop][\/et_pb_column][\/et_pb_row][et_pb_row _builder_version=&#8221;4.16&#8243; global_colors_info=&#8221;{}&#8221;][et_pb_column type=&#8221;4_4&#8243; _builder_version=&#8221;4.16&#8243; global_colors_info=&#8221;{}&#8221;][\/et_pb_column][\/et_pb_row][\/et_pb_section][et_pb_section fb_built=&#8221;1&#8243; _builder_version=&#8221;4.16&#8243; background_color=&#8221;rgba(0,0,0,0.08)&#8221; global_colors_info=&#8221;{}&#8221;][et_pb_row column_structure=&#8221;1_3,1_3,1_3&#8243; _builder_version=&#8221;4.16&#8243; global_colors_info=&#8221;{}&#8221;][et_pb_column type=&#8221;1_3&#8243; _builder_version=&#8221;4.16&#8243; global_colors_info=&#8221;{}&#8221;][et_pb_text _builder_version=&#8221;4.26.1&#8243; hover_enabled=&#8221;0&#8243; global_colors_info=&#8221;{}&#8221; sticky_enabled=&#8221;0&#8243;]<\/p>\n<p style=\"text-align: center;\">KONTAKT<\/p>\n<p style=\"text-align: center;\">3S design, d.o.o.<\/p>\n<p style=\"text-align: center;\">Slovenija<\/p>\n<p style=\"text-align: center;\"><strong>studio@3sdesign.eu<\/strong><\/p>\n<p style=\"text-align: center;\"><strong>070 322 122<br \/><\/strong><\/p>\n<p>[\/et_pb_text][et_pb_button button_url=&#8221;https:\/\/3sdesign.eu\/sl\/kontaktni-obrazec\/&#8221; url_new_window=&#8221;on&#8221; button_text=&#8221;Kontaktirajte nas&#8221; button_alignment=&#8221;center&#8221; _builder_version=&#8221;4.16&#8243; _module_preset=&#8221;default&#8221; custom_button=&#8221;on&#8221; button_text_color=&#8221;#636363&#8243; button_bg_color=&#8221;#c9c9c9&#8243; locked=&#8221;off&#8221; global_colors_info=&#8221;{}&#8221;][\/et_pb_button][\/et_pb_column][et_pb_column type=&#8221;1_3&#8243; _builder_version=&#8221;4.16&#8243; global_colors_info=&#8221;{}&#8221;][et_pb_text _builder_version=&#8221;4.16&#8243; global_colors_info=&#8221;{}&#8221;]<\/p>\n<p style=\"text-align: center;\">INFORMACIJE<\/p>\n<p style=\"text-align: center;\">\n<p style=\"text-align: center;\">Splo\u0161ni pogoji poslovanja<\/p>\n<p style=\"text-align: center;\">Pogoji dostave in vra\u010dil<\/p>\n<p style=\"text-align: center;\">Varstvo podatkov<\/p>\n<p>[\/et_pb_text][\/et_pb_column][et_pb_column type=&#8221;1_3&#8243; _builder_version=&#8221;4.16&#8243; global_colors_info=&#8221;{}&#8221;][et_pb_text _builder_version=&#8221;4.16&#8243; global_colors_info=&#8221;{}&#8221;]<\/p>\n<p style=\"text-align: center;\">SLEDITE NAM<\/p>\n<p style=\"text-align: center;\">[\/et_pb_text][et_pb_social_media_follow _builder_version=&#8221;4.16&#8243; background_color=&#8221;rgba(0,0,0,0)&#8221; text_orientation=&#8221;center&#8221; global_colors_info=&#8221;{}&#8221;][et_pb_social_media_follow_network social_network=&#8221;facebook&#8221; url=&#8221;https:\/\/www.facebook.com\/3sdesigneu\/&#8221; _builder_version=&#8221;4.16&#8243; background_color=&#8221;rgba(0,0,0,0.6)&#8221; background_enable_color=&#8221;on&#8221; global_colors_info=&#8221;{}&#8221; follow_button=&#8221;off&#8221; url_new_window=&#8221;on&#8221;]facebook[\/et_pb_social_media_follow_network][et_pb_social_media_follow_network social_network=&#8221;instagram&#8221; url=&#8221;https:\/\/www.instagram.com\/3sdesign_eu\/&#8221; _builder_version=&#8221;4.16&#8243; background_color=&#8221;rgba(0,0,0,0.6)&#8221; background_enable_color=&#8221;on&#8221; global_colors_info=&#8221;{}&#8221; follow_button=&#8221;off&#8221; url_new_window=&#8221;on&#8221;]instagram[\/et_pb_social_media_follow_network][et_pb_social_media_follow_network social_network=&#8221;pinterest&#8221; url=&#8221;https:\/\/www.pinterest.com\/3sdesign\/&#8221; _builder_version=&#8221;4.16&#8243; background_color=&#8221;rgba(0,0,0,0.6)&#8221; background_enable_color=&#8221;on&#8221; global_colors_info=&#8221;{}&#8221; follow_button=&#8221;off&#8221; url_new_window=&#8221;on&#8221;]pinterest[\/et_pb_social_media_follow_network][et_pb_social_media_follow_network social_network=&#8221;linkedin&#8221; url=&#8221;https:\/\/www.linkedin.com\/company\/9272777\/admin\/&#8221; _builder_version=&#8221;4.16&#8243; background_color=&#8221;rgba(0,0,0,0.6)&#8221; background_enable_color=&#8221;on&#8221; global_colors_info=&#8221;{}&#8221; follow_button=&#8221;off&#8221; url_new_window=&#8221;on&#8221;]linkedin[\/et_pb_social_media_follow_network][\/et_pb_social_media_follow][\/et_pb_column][\/et_pb_row][\/et_pb_section]<\/p>\n","protected":false},"excerpt":{"rendered":"<p>&nbsp; Na\u0161a spletna trgovina je v izdelavi. Za enkrat stran deluje kot spletni katalog, kjer si lahko ogledate vse podrobnosti o na\u0161ih izdelkih. \u010ce \u017eelite prejeti cenik ali ponudbo za plo\u0161\u010do po meri, izpolnite obrazec na spodnji povezavi ali pa nam pi\u0161ite na studio@3sdesign.euPlutoo Stojalo za obla\u010dila3S magnet magnetni dodatkiKuhinjski dodatkiDodatki za kopalnicoDodatki za dnevno [&hellip;]<\/p>\n","protected":false},"author":1,"featured_media":0,"parent":0,"menu_order":1,"comment_status":"closed","ping_status":"closed","template":"","meta":{"_et_pb_use_builder":"on","_et_pb_old_content":"","_et_gb_content_width":"","_monsterinsights_skip_tracking":false,"_monsterinsights_sitenote_active":false,"_monsterinsights_sitenote_note":"","_monsterinsights_sitenote_category":0,"footnotes":""},"class_list":["post-6082","page","type-page","status-publish","hentry"],"yoast_head":"<!-- This site is optimized with the Yoast SEO plugin v27.5 - https:\/\/yoast.com\/product\/yoast-seo-wordpress\/ -->\n<title>TRGOVINA &#8226; 3s design<\/title>\n<meta name=\"robots\" content=\"index, follow, max-snippet:-1, max-image-preview:large, max-video-preview:-1\" \/>\n<link rel=\"canonical\" href=\"https:\/\/3sdesign.eu\/sl\/trgovina\/\" \/>\n<meta property=\"og:locale\" content=\"sl_SI\" \/>\n<meta property=\"og:type\" content=\"article\" \/>\n<meta property=\"og:title\" content=\"TRGOVINA &#8226; 3s design\" \/>\n<meta property=\"og:description\" content=\"&nbsp; Na\u0161a spletna trgovina je v izdelavi. Za enkrat stran deluje kot spletni katalog, kjer si lahko ogledate vse podrobnosti o na\u0161ih izdelkih. \u010ce \u017eelite prejeti cenik ali ponudbo za plo\u0161\u010do po meri, izpolnite obrazec na spodnji povezavi ali pa nam pi\u0161ite na studio@3sdesign.euPlutoo Stojalo za obla\u010dila3S magnet magnetni dodatkiKuhinjski dodatkiDodatki za kopalnicoDodatki za dnevno [&hellip;]\" \/>\n<meta property=\"og:url\" content=\"https:\/\/3sdesign.eu\/sl\/trgovina\/\" \/>\n<meta property=\"og:site_name\" content=\"3s design\" \/>\n<meta property=\"article:publisher\" content=\"https:\/\/www.facebook.com\/3sdesigneu\/\" \/>\n<meta property=\"article:modified_time\" content=\"2024-11-12T08:40:55+00:00\" \/>\n<meta name=\"twitter:card\" content=\"summary_large_image\" \/>\n<meta name=\"twitter:label1\" content=\"Est. reading time\" \/>\n\t<meta name=\"twitter:data1\" content=\"7 minut\" \/>\n<script type=\"application\/ld+json\" class=\"yoast-schema-graph\">{\"@context\":\"https:\\\/\\\/schema.org\",\"@graph\":[{\"@type\":\"WebPage\",\"@id\":\"https:\\\/\\\/3sdesign.eu\\\/sl\\\/trgovina\\\/\",\"url\":\"https:\\\/\\\/3sdesign.eu\\\/sl\\\/trgovina\\\/\",\"name\":\"TRGOVINA &#8226; 3s design\",\"isPartOf\":{\"@id\":\"https:\\\/\\\/3sdesign.eu\\\/sl\\\/#website\"},\"datePublished\":\"2019-10-15T06:38:55+00:00\",\"dateModified\":\"2024-11-12T08:40:55+00:00\",\"breadcrumb\":{\"@id\":\"https:\\\/\\\/3sdesign.eu\\\/sl\\\/trgovina\\\/#breadcrumb\"},\"inLanguage\":\"sl-SI\",\"potentialAction\":[{\"@type\":\"ReadAction\",\"target\":[\"https:\\\/\\\/3sdesign.eu\\\/sl\\\/trgovina\\\/\"]}]},{\"@type\":\"BreadcrumbList\",\"@id\":\"https:\\\/\\\/3sdesign.eu\\\/sl\\\/trgovina\\\/#breadcrumb\",\"itemListElement\":[{\"@type\":\"ListItem\",\"position\":1,\"name\":\"Home\",\"item\":\"https:\\\/\\\/3sdesign.eu\\\/sl\\\/home\\\/\"},{\"@type\":\"ListItem\",\"position\":2,\"name\":\"TRGOVINA\"}]},{\"@type\":\"WebSite\",\"@id\":\"https:\\\/\\\/3sdesign.eu\\\/sl\\\/#website\",\"url\":\"https:\\\/\\\/3sdesign.eu\\\/sl\\\/\",\"name\":\"3s design\",\"description\":\"3S design\",\"publisher\":{\"@id\":\"https:\\\/\\\/3sdesign.eu\\\/sl\\\/#organization\"},\"potentialAction\":[{\"@type\":\"SearchAction\",\"target\":{\"@type\":\"EntryPoint\",\"urlTemplate\":\"https:\\\/\\\/3sdesign.eu\\\/sl\\\/?s={search_term_string}\"},\"query-input\":{\"@type\":\"PropertyValueSpecification\",\"valueRequired\":true,\"valueName\":\"search_term_string\"}}],\"inLanguage\":\"sl-SI\"},{\"@type\":\"Organization\",\"@id\":\"https:\\\/\\\/3sdesign.eu\\\/sl\\\/#organization\",\"name\":\"3S design\",\"url\":\"https:\\\/\\\/3sdesign.eu\\\/sl\\\/\",\"logo\":{\"@type\":\"ImageObject\",\"inLanguage\":\"sl-SI\",\"@id\":\"https:\\\/\\\/3sdesign.eu\\\/sl\\\/#\\\/schema\\\/logo\\\/image\\\/\",\"url\":\"https:\\\/\\\/3sdesign.eu\\\/wp-content\\\/uploads\\\/2019\\\/10\\\/3S-design_logo.png\",\"contentUrl\":\"https:\\\/\\\/3sdesign.eu\\\/wp-content\\\/uploads\\\/2019\\\/10\\\/3S-design_logo.png\",\"width\":800,\"height\":294,\"caption\":\"3S design\"},\"image\":{\"@id\":\"https:\\\/\\\/3sdesign.eu\\\/sl\\\/#\\\/schema\\\/logo\\\/image\\\/\"},\"sameAs\":[\"https:\\\/\\\/www.facebook.com\\\/3sdesigneu\\\/\",\"https:\\\/\\\/www.instagram.com\\\/3sdesign_eu\\\/\",\"https:\\\/\\\/www.linkedin.com\\\/company\\\/3sdesign-eu\",\"https:\\\/\\\/www.pinterest.com\\\/3sdesign\\\/\",\"https:\\\/\\\/www.youtube.com\\\/channel\\\/UCM1RnY3dvrkFxUcZaPBaQog\"]}]}<\/script>\n<!-- \/ Yoast SEO plugin. -->","yoast_head_json":{"title":"TRGOVINA &#8226; 3s design","robots":{"index":"index","follow":"follow","max-snippet":"max-snippet:-1","max-image-preview":"max-image-preview:large","max-video-preview":"max-video-preview:-1"},"canonical":"https:\/\/3sdesign.eu\/sl\/trgovina\/","og_locale":"sl_SI","og_type":"article","og_title":"TRGOVINA &#8226; 3s design","og_description":"&nbsp; Na\u0161a spletna trgovina je v izdelavi. Za enkrat stran deluje kot spletni katalog, kjer si lahko ogledate vse podrobnosti o na\u0161ih izdelkih. \u010ce \u017eelite prejeti cenik ali ponudbo za plo\u0161\u010do po meri, izpolnite obrazec na spodnji povezavi ali pa nam pi\u0161ite na studio@3sdesign.euPlutoo Stojalo za obla\u010dila3S magnet magnetni dodatkiKuhinjski dodatkiDodatki za kopalnicoDodatki za dnevno [&hellip;]","og_url":"https:\/\/3sdesign.eu\/sl\/trgovina\/","og_site_name":"3s design","article_publisher":"https:\/\/www.facebook.com\/3sdesigneu\/","article_modified_time":"2024-11-12T08:40:55+00:00","twitter_card":"summary_large_image","twitter_misc":{"Est. reading time":"7 minut"},"schema":{"@context":"https:\/\/schema.org","@graph":[{"@type":"WebPage","@id":"https:\/\/3sdesign.eu\/sl\/trgovina\/","url":"https:\/\/3sdesign.eu\/sl\/trgovina\/","name":"TRGOVINA &#8226; 3s design","isPartOf":{"@id":"https:\/\/3sdesign.eu\/sl\/#website"},"datePublished":"2019-10-15T06:38:55+00:00","dateModified":"2024-11-12T08:40:55+00:00","breadcrumb":{"@id":"https:\/\/3sdesign.eu\/sl\/trgovina\/#breadcrumb"},"inLanguage":"sl-SI","potentialAction":[{"@type":"ReadAction","target":["https:\/\/3sdesign.eu\/sl\/trgovina\/"]}]},{"@type":"BreadcrumbList","@id":"https:\/\/3sdesign.eu\/sl\/trgovina\/#breadcrumb","itemListElement":[{"@type":"ListItem","position":1,"name":"Home","item":"https:\/\/3sdesign.eu\/sl\/home\/"},{"@type":"ListItem","position":2,"name":"TRGOVINA"}]},{"@type":"WebSite","@id":"https:\/\/3sdesign.eu\/sl\/#website","url":"https:\/\/3sdesign.eu\/sl\/","name":"3s design","description":"3S design","publisher":{"@id":"https:\/\/3sdesign.eu\/sl\/#organization"},"potentialAction":[{"@type":"SearchAction","target":{"@type":"EntryPoint","urlTemplate":"https:\/\/3sdesign.eu\/sl\/?s={search_term_string}"},"query-input":{"@type":"PropertyValueSpecification","valueRequired":true,"valueName":"search_term_string"}}],"inLanguage":"sl-SI"},{"@type":"Organization","@id":"https:\/\/3sdesign.eu\/sl\/#organization","name":"3S design","url":"https:\/\/3sdesign.eu\/sl\/","logo":{"@type":"ImageObject","inLanguage":"sl-SI","@id":"https:\/\/3sdesign.eu\/sl\/#\/schema\/logo\/image\/","url":"https:\/\/3sdesign.eu\/wp-content\/uploads\/2019\/10\/3S-design_logo.png","contentUrl":"https:\/\/3sdesign.eu\/wp-content\/uploads\/2019\/10\/3S-design_logo.png","width":800,"height":294,"caption":"3S design"},"image":{"@id":"https:\/\/3sdesign.eu\/sl\/#\/schema\/logo\/image\/"},"sameAs":["https:\/\/www.facebook.com\/3sdesigneu\/","https:\/\/www.instagram.com\/3sdesign_eu\/","https:\/\/www.linkedin.com\/company\/3sdesign-eu","https:\/\/www.pinterest.com\/3sdesign\/","https:\/\/www.youtube.com\/channel\/UCM1RnY3dvrkFxUcZaPBaQog"]}]}},"_links":{"self":[{"href":"https:\/\/3sdesign.eu\/sl\/wp-json\/wp\/v2\/pages\/6082","targetHints":{"allow":["GET"]}}],"collection":[{"href":"https:\/\/3sdesign.eu\/sl\/wp-json\/wp\/v2\/pages"}],"about":[{"href":"https:\/\/3sdesign.eu\/sl\/wp-json\/wp\/v2\/types\/page"}],"author":[{"embeddable":true,"href":"https:\/\/3sdesign.eu\/sl\/wp-json\/wp\/v2\/users\/1"}],"replies":[{"embeddable":true,"href":"https:\/\/3sdesign.eu\/sl\/wp-json\/wp\/v2\/comments?post=6082"}],"version-history":[{"count":2,"href":"https:\/\/3sdesign.eu\/sl\/wp-json\/wp\/v2\/pages\/6082\/revisions"}],"predecessor-version":[{"id":6084,"href":"https:\/\/3sdesign.eu\/sl\/wp-json\/wp\/v2\/pages\/6082\/revisions\/6084"}],"wp:attachment":[{"href":"https:\/\/3sdesign.eu\/sl\/wp-json\/wp\/v2\/media?parent=6082"}],"curies":[{"name":"wp","href":"https:\/\/api.w.org\/{rel}","templated":true}]}}