{"id":6079,"date":"2019-10-15T19:56:42","date_gmt":"2019-10-15T19:56:42","guid":{"rendered":"https:\/\/3sdesign.eu\/o-nas\/"},"modified":"2024-11-14T13:33:01","modified_gmt":"2024-11-14T13:33:01","slug":"o-nas","status":"publish","type":"page","link":"https:\/\/3sdesign.eu\/sl\/o-nas\/","title":{"rendered":"O nas"},"content":{"rendered":"<p>[et_pb_section fb_built=&#8221;1&#8243; _builder_version=&#8221;4.16&#8243; global_colors_info=&#8221;{}&#8221;][et_pb_row column_structure=&#8221;1_2,1_2&#8243; _builder_version=&#8221;4.26.1&#8243; global_colors_info=&#8221;{}&#8221;][et_pb_column type=&#8221;1_2&#8243; _builder_version=&#8221;4.16&#8243; global_colors_info=&#8221;{}&#8221;][et_pb_image src=&#8221;https:\/\/3sdesign.eu\/wp-content\/uploads\/2019\/10\/3S-design_team.jpg&#8221; _builder_version=&#8221;4.16&#8243; global_colors_info=&#8221;{}&#8221;][\/et_pb_image][et_pb_text _builder_version=&#8221;4.27.0&#8243; _module_preset=&#8221;default&#8221; hover_enabled=&#8221;0&#8243; sticky_enabled=&#8221;0&#8243;]<\/p>\n<p><span>3S design smo dru\u017einsko podjetje. \u017de vrsto let poglabljamo svoje znanje in izku\u0161nje, zato vam danes lahko ponudimo raznovrstne storitve, vse od arhitekture do oblikovanja notranje opreme. Zaradi zanimanja na\u0161ih strank po unikatnih in funkcionalnih kosih pohi\u0161tva smo se leta 2008 odlo\u010dili, da ustvarimo lastno blagovno znamko dodatkov k pohi\u0161tvu.  <\/span><\/p>\n<p><span>Do danes smo ustvarili kar tri prepoznavne linije, ki so predstavljene tudi v tem katalogu. Prva je 3S magnet \u2013 magnetni sistem, ki ga sestavljajo stenske obloge in magnetni dodatki. Druga je linija Steelline \u2013 linija ve\u010dnamenskega, minimalisti\u010dno oblikovanega kovinskega pohi\u0161tva. Tretja pa so stojala za obla\u010dila Plutoo.  S snovanjem inovativnih izdelkov posku\u0161amo re\u0161evati sodobne bivanjske probleme. V \u010dasu mno\u017ei\u010dnega potro\u0161ni\u0161tva si prizadevamo oblikovati in izdelovati prilagodljivo pohi\u0161tvo z dolgo \u017eivljenjsko dobo. Da dosegamo vrhunsko kakovost izdelkov, v ateljeju tesno sodelujemo z doma\u010do kovinsko delavnico, kjer so izdelani vsi kovinski elementi iz na\u0161e ponudbe.<br \/>Pri izdelavi lesenih kosov pohi\u0161tva pa sodelujemo z razli\u010dnimi slovenskimi obrtniki. Posebno pozornost posve\u010damo detajlom, zato je v na\u0161em proizvodnem procesu \u0161e vedno veliko ro\u010dnega dela. Za izdelke izbiramo lokalne naravne materiale ali lokalne materiale, ki jih je enostavno reciklirati. Predvsem se pa dr\u017eimo na\u010dela, da so vsi na\u0161i izdelki visoko kakovostni in izdelani v Sloveniji. <\/span><\/p>\n<p>[\/et_pb_text][\/et_pb_column][et_pb_column type=&#8221;1_2&#8243; _builder_version=&#8221;4.16&#8243; global_colors_info=&#8221;{}&#8221;][et_pb_text _builder_version=&#8221;4.27.0&#8243; header_text_color=&#8221;rgba(0,0,0,0.25)&#8221; header_font_size=&#8221;22px&#8221; custom_padding=&#8221;||0px|||&#8221; hover_enabled=&#8221;0&#8243; global_colors_info=&#8221;{}&#8221; sticky_enabled=&#8221;0&#8243;]<\/p>\n<h3><strong>RAZSTAVNI SALON<br \/> <\/strong><\/h3>\n<p><span class=\"LrzXr\"><\/span><\/p>\n<p><strong>Center Breza<\/strong><br \/><span class=\"LrzXr\">Breznikova ulica 15, 1230 Dom\u017eale<\/span><\/p>\n<p><strong><span class=\"LrzXr\">Tel: 070 322 122<\/span><\/strong><strong><\/strong><\/p>\n<p><strong>ODPRTO<\/strong>:<br \/>Ponedeljek: Zaprto<br \/>Torek: 10.00-15.00 in 17.00-19.00<br \/>Sreda: 10.00 &#8211; 15.00<br \/>\u010cetrtek: 10.00 &#8211; 15.00<br \/>Petek: Zaprto<br \/>Sobota: Zaprto<br \/>Nedelja: Zaprto <strong><\/strong><\/p>\n<p><strong>Pred obiskom prosim pokli\u010dite 070 322 122, saj smo veliko na terenu &#8211; v\u010dasih tudi med delavnim \u010dasom.<\/strong><strong><\/strong><br \/>\n[\/et_pb_text][et_pb_code _builder_version=&#8221;4.27.0&#8243; _module_preset=&#8221;default&#8221; hover_enabled=&#8221;0&#8243; global_colors_info=&#8221;{}&#8221; sticky_enabled=&#8221;0&#8243;]<iframe src=\"https:\/\/www.google.com\/maps\/embed?pb=!1m18!1m12!1m3!1d2764.216275701826!2d14.595631677400833!3d46.146439287659426!2m3!1f0!2f0!3f0!3m2!1i1024!2i768!4f13.1!3m3!1m2!1s0x47653447761b12e1%3A0x356ae1460a3b270b!2sNakupovalni%20center%20Breza%2C%201230%20Dom%C5%BEale!5e0!3m2!1sen!2ssi!4v1725530842186!5m2!1sen!2ssi\" width=\"700\" height=\"450\" style=\"border:0;\" allowfullscreen=\"\" loading=\"lazy\" referrerpolicy=\"no-referrer-when-downgrade\"><\/iframe>[\/et_pb_code][et_pb_text _builder_version=&#8221;4.27.0&#8243; header_text_color=&#8221;rgba(0,0,0,0.25)&#8221; header_font_size=&#8221;22px&#8221; custom_padding=&#8221;||0px|||&#8221; global_colors_info=&#8221;{}&#8221;]<\/p>\n<h4><strong>KONTAKT:<\/strong><\/h4>\n<p><strong>studio@3sdesign.eu<\/strong><br \/>070 322 122<\/p>\n<p>&nbsp;<\/p>\n<h4><strong>Mednarodne stranke (angle\u0161\u010dina in nem\u0161\u010dina):<\/strong><\/h4>\n<p>Lana Strle<br \/>lana@3sdesign.eu<br \/><strong>+386 41 743 645<\/strong><\/p>\n<p>&nbsp;<\/p>\n<p>[\/et_pb_text][et_pb_social_media_follow _builder_version=&#8221;4.16&#8243; background_color=&#8221;rgba(0,0,0,0)&#8221; text_orientation=&#8221;left&#8221; global_colors_info=&#8221;{}&#8221;][et_pb_social_media_follow_network social_network=&#8221;facebook&#8221; url=&#8221;https:\/\/www.facebook.com\/3sdesigneu\/&#8221; _builder_version=&#8221;4.16&#8243; background_color=&#8221;rgba(0,0,0,0.6)&#8221; background_enable_color=&#8221;on&#8221; global_colors_info=&#8221;{}&#8221; follow_button=&#8221;off&#8221; url_new_window=&#8221;on&#8221;]facebook[\/et_pb_social_media_follow_network][et_pb_social_media_follow_network social_network=&#8221;instagram&#8221; url=&#8221;https:\/\/www.instagram.com\/3sdesign_eu\/&#8221; _builder_version=&#8221;4.16&#8243; background_color=&#8221;rgba(0,0,0,0.6)&#8221; background_enable_color=&#8221;on&#8221; global_colors_info=&#8221;{}&#8221; follow_button=&#8221;off&#8221; url_new_window=&#8221;on&#8221;]instagram[\/et_pb_social_media_follow_network][et_pb_social_media_follow_network social_network=&#8221;pinterest&#8221; url=&#8221;https:\/\/www.pinterest.com\/3sdesign\/&#8221; _builder_version=&#8221;4.16&#8243; background_color=&#8221;rgba(0,0,0,0.6)&#8221; background_enable_color=&#8221;on&#8221; global_colors_info=&#8221;{}&#8221; follow_button=&#8221;off&#8221; url_new_window=&#8221;on&#8221;]pinterest[\/et_pb_social_media_follow_network][et_pb_social_media_follow_network social_network=&#8221;linkedin&#8221; url=&#8221;https:\/\/www.linkedin.com\/company\/9272777\/admin\/&#8221; _builder_version=&#8221;4.16&#8243; background_color=&#8221;rgba(0,0,0,0.6)&#8221; background_enable_color=&#8221;on&#8221; global_colors_info=&#8221;{}&#8221; follow_button=&#8221;off&#8221; url_new_window=&#8221;on&#8221;]linkedin[\/et_pb_social_media_follow_network][\/et_pb_social_media_follow][\/et_pb_column][\/et_pb_row][\/et_pb_section][et_pb_section fb_built=&#8221;1&#8243; fullwidth=&#8221;on&#8221; _builder_version=&#8221;4.16&#8243; global_colors_info=&#8221;{}&#8221;][et_pb_fullwidth_image src=&#8221;https:\/\/3sdesign.eu\/wp-content\/uploads\/2019\/10\/3S-design_metal-workshop.jpg&#8221; _builder_version=&#8221;4.16&#8243; global_colors_info=&#8221;{}&#8221;][\/et_pb_fullwidth_image][\/et_pb_section][et_pb_section fb_built=&#8221;1&#8243; _builder_version=&#8221;4.16&#8243; background_color=&#8221;rgba(0,0,0,0.08)&#8221; locked=&#8221;off&#8221; global_colors_info=&#8221;{}&#8221;][et_pb_row column_structure=&#8221;1_3,1_3,1_3&#8243; _builder_version=&#8221;4.16&#8243; global_colors_info=&#8221;{}&#8221;][et_pb_column type=&#8221;1_3&#8243; _builder_version=&#8221;4.16&#8243; global_colors_info=&#8221;{}&#8221;][et_pb_text _builder_version=&#8221;4.26.1&#8243; global_colors_info=&#8221;{}&#8221;]<\/p>\n<p style=\"text-align: center;\">KONTAKT<\/p>\n<p style=\"text-align: center;\">3S design, d.o.o.<\/p>\n<p style=\"text-align: center;\">Slovenija<\/p>\n<p style=\"text-align: center;\"><strong>studio@3sdesign.eu<\/strong><\/p>\n<p style=\"text-align: center;\"><strong>070 322 122<\/strong><\/p>\n<p>[\/et_pb_text][et_pb_button button_url=&#8221;https:\/\/3sdesign.eu\/sl\/kontaktni-obrazec\/&#8221; url_new_window=&#8221;on&#8221; button_text=&#8221;Kontaktirajte nas&#8221; button_alignment=&#8221;center&#8221; _builder_version=&#8221;4.16&#8243; _module_preset=&#8221;default&#8221; custom_button=&#8221;on&#8221; button_text_color=&#8221;#636363&#8243; button_bg_color=&#8221;#c9c9c9&#8243; locked=&#8221;off&#8221; global_colors_info=&#8221;{}&#8221;][\/et_pb_button][\/et_pb_column][et_pb_column type=&#8221;1_3&#8243; _builder_version=&#8221;4.16&#8243; global_colors_info=&#8221;{}&#8221;][et_pb_text _builder_version=&#8221;4.16&#8243; global_colors_info=&#8221;{}&#8221;]<\/p>\n<p style=\"text-align: center;\">INFORMACIJE<\/p>\n<p style=\"text-align: center;\">\n<p style=\"text-align: center;\">Splo\u0161ni pogoji poslovanja<\/p>\n<p style=\"text-align: center;\">Pogoji dostave in vra\u010dil<\/p>\n<p style=\"text-align: center;\">Varstvo podatkov<\/p>\n<p>[\/et_pb_text][\/et_pb_column][et_pb_column type=&#8221;1_3&#8243; _builder_version=&#8221;4.16&#8243; global_colors_info=&#8221;{}&#8221;][et_pb_text _builder_version=&#8221;4.16&#8243; global_colors_info=&#8221;{}&#8221;]<\/p>\n<p style=\"text-align: center;\">SLEDITE NAM<\/p>\n<p style=\"text-align: center;\">[\/et_pb_text][et_pb_social_media_follow _builder_version=&#8221;4.16&#8243; background_color=&#8221;rgba(0,0,0,0)&#8221; text_orientation=&#8221;center&#8221; global_colors_info=&#8221;{}&#8221;][et_pb_social_media_follow_network social_network=&#8221;facebook&#8221; url=&#8221;https:\/\/www.facebook.com\/3sdesigneu\/&#8221; _builder_version=&#8221;4.16&#8243; background_color=&#8221;rgba(0,0,0,0.6)&#8221; background_enable_color=&#8221;on&#8221; global_colors_info=&#8221;{}&#8221; follow_button=&#8221;off&#8221; url_new_window=&#8221;on&#8221;]facebook[\/et_pb_social_media_follow_network][et_pb_social_media_follow_network social_network=&#8221;instagram&#8221; url=&#8221;https:\/\/www.instagram.com\/3sdesign_eu\/&#8221; _builder_version=&#8221;4.16&#8243; background_color=&#8221;rgba(0,0,0,0.6)&#8221; background_enable_color=&#8221;on&#8221; global_colors_info=&#8221;{}&#8221; follow_button=&#8221;off&#8221; url_new_window=&#8221;on&#8221;]instagram[\/et_pb_social_media_follow_network][et_pb_social_media_follow_network social_network=&#8221;pinterest&#8221; url=&#8221;https:\/\/www.pinterest.com\/3sdesign\/&#8221; _builder_version=&#8221;4.16&#8243; background_color=&#8221;rgba(0,0,0,0.6)&#8221; background_enable_color=&#8221;on&#8221; global_colors_info=&#8221;{}&#8221; follow_button=&#8221;off&#8221; url_new_window=&#8221;on&#8221;]pinterest[\/et_pb_social_media_follow_network][et_pb_social_media_follow_network social_network=&#8221;linkedin&#8221; url=&#8221;https:\/\/www.linkedin.com\/company\/9272777\/admin\/&#8221; _builder_version=&#8221;4.16&#8243; background_color=&#8221;rgba(0,0,0,0.6)&#8221; background_enable_color=&#8221;on&#8221; global_colors_info=&#8221;{}&#8221; follow_button=&#8221;off&#8221; url_new_window=&#8221;on&#8221;]linkedin[\/et_pb_social_media_follow_network][\/et_pb_social_media_follow][\/et_pb_column][\/et_pb_row][\/et_pb_section]<\/p>\n","protected":false},"excerpt":{"rendered":"<p>3S design smo dru\u017einsko podjetje. \u017de vrsto let poglabljamo svoje znanje in izku\u0161nje, zato vam danes lahko ponudimo raznovrstne storitve, vse od arhitekture do oblikovanja notranje opreme. Zaradi zanimanja na\u0161ih strank po unikatnih in funkcionalnih kosih pohi\u0161tva smo se leta 2008 odlo\u010dili, da ustvarimo lastno blagovno znamko dodatkov k pohi\u0161tvu. Do danes smo ustvarili kar [&hellip;]<\/p>\n","protected":false},"author":1,"featured_media":0,"parent":0,"menu_order":2,"comment_status":"closed","ping_status":"closed","template":"","meta":{"_et_pb_use_builder":"on","_et_pb_old_content":"","_et_gb_content_width":"","_monsterinsights_skip_tracking":false,"_monsterinsights_sitenote_active":false,"_monsterinsights_sitenote_note":"","_monsterinsights_sitenote_category":0,"footnotes":""},"class_list":["post-6079","page","type-page","status-publish","hentry"],"yoast_head":"<!-- This site is optimized with the Yoast SEO plugin v27.5 - https:\/\/yoast.com\/product\/yoast-seo-wordpress\/ -->\n<title>O nas &#8226; 3s design<\/title>\n<meta name=\"robots\" content=\"index, follow, max-snippet:-1, max-image-preview:large, max-video-preview:-1\" \/>\n<link rel=\"canonical\" href=\"https:\/\/3sdesign.eu\/sl\/o-nas\/\" \/>\n<meta property=\"og:locale\" content=\"sl_SI\" \/>\n<meta property=\"og:type\" content=\"article\" \/>\n<meta property=\"og:title\" content=\"O nas &#8226; 3s design\" \/>\n<meta property=\"og:description\" content=\"3S design smo dru\u017einsko podjetje. \u017de vrsto let poglabljamo svoje znanje in izku\u0161nje, zato vam danes lahko ponudimo raznovrstne storitve, vse od arhitekture do oblikovanja notranje opreme. Zaradi zanimanja na\u0161ih strank po unikatnih in funkcionalnih kosih pohi\u0161tva smo se leta 2008 odlo\u010dili, da ustvarimo lastno blagovno znamko dodatkov k pohi\u0161tvu. Do danes smo ustvarili kar [&hellip;]\" \/>\n<meta property=\"og:url\" content=\"https:\/\/3sdesign.eu\/sl\/o-nas\/\" \/>\n<meta property=\"og:site_name\" content=\"3s design\" \/>\n<meta property=\"article:publisher\" content=\"https:\/\/www.facebook.com\/3sdesigneu\/\" \/>\n<meta property=\"article:modified_time\" content=\"2024-11-14T13:33:01+00:00\" \/>\n<meta name=\"twitter:card\" content=\"summary_large_image\" \/>\n<meta name=\"twitter:label1\" content=\"Est. reading time\" \/>\n\t<meta name=\"twitter:data1\" content=\"5 minut\" \/>\n<script type=\"application\/ld+json\" class=\"yoast-schema-graph\">{\"@context\":\"https:\\\/\\\/schema.org\",\"@graph\":[{\"@type\":\"WebPage\",\"@id\":\"https:\\\/\\\/3sdesign.eu\\\/sl\\\/o-nas\\\/\",\"url\":\"https:\\\/\\\/3sdesign.eu\\\/sl\\\/o-nas\\\/\",\"name\":\"O nas &#8226; 3s design\",\"isPartOf\":{\"@id\":\"https:\\\/\\\/3sdesign.eu\\\/sl\\\/#website\"},\"datePublished\":\"2019-10-15T19:56:42+00:00\",\"dateModified\":\"2024-11-14T13:33:01+00:00\",\"breadcrumb\":{\"@id\":\"https:\\\/\\\/3sdesign.eu\\\/sl\\\/o-nas\\\/#breadcrumb\"},\"inLanguage\":\"sl-SI\",\"potentialAction\":[{\"@type\":\"ReadAction\",\"target\":[\"https:\\\/\\\/3sdesign.eu\\\/sl\\\/o-nas\\\/\"]}]},{\"@type\":\"BreadcrumbList\",\"@id\":\"https:\\\/\\\/3sdesign.eu\\\/sl\\\/o-nas\\\/#breadcrumb\",\"itemListElement\":[{\"@type\":\"ListItem\",\"position\":1,\"name\":\"Home\",\"item\":\"https:\\\/\\\/3sdesign.eu\\\/sl\\\/home\\\/\"},{\"@type\":\"ListItem\",\"position\":2,\"name\":\"O nas\"}]},{\"@type\":\"WebSite\",\"@id\":\"https:\\\/\\\/3sdesign.eu\\\/sl\\\/#website\",\"url\":\"https:\\\/\\\/3sdesign.eu\\\/sl\\\/\",\"name\":\"3s design\",\"description\":\"3S design\",\"publisher\":{\"@id\":\"https:\\\/\\\/3sdesign.eu\\\/sl\\\/#organization\"},\"potentialAction\":[{\"@type\":\"SearchAction\",\"target\":{\"@type\":\"EntryPoint\",\"urlTemplate\":\"https:\\\/\\\/3sdesign.eu\\\/sl\\\/?s={search_term_string}\"},\"query-input\":{\"@type\":\"PropertyValueSpecification\",\"valueRequired\":true,\"valueName\":\"search_term_string\"}}],\"inLanguage\":\"sl-SI\"},{\"@type\":\"Organization\",\"@id\":\"https:\\\/\\\/3sdesign.eu\\\/sl\\\/#organization\",\"name\":\"3S design\",\"url\":\"https:\\\/\\\/3sdesign.eu\\\/sl\\\/\",\"logo\":{\"@type\":\"ImageObject\",\"inLanguage\":\"sl-SI\",\"@id\":\"https:\\\/\\\/3sdesign.eu\\\/sl\\\/#\\\/schema\\\/logo\\\/image\\\/\",\"url\":\"https:\\\/\\\/3sdesign.eu\\\/wp-content\\\/uploads\\\/2019\\\/10\\\/3S-design_logo.png\",\"contentUrl\":\"https:\\\/\\\/3sdesign.eu\\\/wp-content\\\/uploads\\\/2019\\\/10\\\/3S-design_logo.png\",\"width\":800,\"height\":294,\"caption\":\"3S design\"},\"image\":{\"@id\":\"https:\\\/\\\/3sdesign.eu\\\/sl\\\/#\\\/schema\\\/logo\\\/image\\\/\"},\"sameAs\":[\"https:\\\/\\\/www.facebook.com\\\/3sdesigneu\\\/\",\"https:\\\/\\\/www.instagram.com\\\/3sdesign_eu\\\/\",\"https:\\\/\\\/www.linkedin.com\\\/company\\\/3sdesign-eu\",\"https:\\\/\\\/www.pinterest.com\\\/3sdesign\\\/\",\"https:\\\/\\\/www.youtube.com\\\/channel\\\/UCM1RnY3dvrkFxUcZaPBaQog\"]}]}<\/script>\n<!-- \/ Yoast SEO plugin. -->","yoast_head_json":{"title":"O nas &#8226; 3s design","robots":{"index":"index","follow":"follow","max-snippet":"max-snippet:-1","max-image-preview":"max-image-preview:large","max-video-preview":"max-video-preview:-1"},"canonical":"https:\/\/3sdesign.eu\/sl\/o-nas\/","og_locale":"sl_SI","og_type":"article","og_title":"O nas &#8226; 3s design","og_description":"3S design smo dru\u017einsko podjetje. \u017de vrsto let poglabljamo svoje znanje in izku\u0161nje, zato vam danes lahko ponudimo raznovrstne storitve, vse od arhitekture do oblikovanja notranje opreme. Zaradi zanimanja na\u0161ih strank po unikatnih in funkcionalnih kosih pohi\u0161tva smo se leta 2008 odlo\u010dili, da ustvarimo lastno blagovno znamko dodatkov k pohi\u0161tvu. Do danes smo ustvarili kar [&hellip;]","og_url":"https:\/\/3sdesign.eu\/sl\/o-nas\/","og_site_name":"3s design","article_publisher":"https:\/\/www.facebook.com\/3sdesigneu\/","article_modified_time":"2024-11-14T13:33:01+00:00","twitter_card":"summary_large_image","twitter_misc":{"Est. reading time":"5 minut"},"schema":{"@context":"https:\/\/schema.org","@graph":[{"@type":"WebPage","@id":"https:\/\/3sdesign.eu\/sl\/o-nas\/","url":"https:\/\/3sdesign.eu\/sl\/o-nas\/","name":"O nas &#8226; 3s design","isPartOf":{"@id":"https:\/\/3sdesign.eu\/sl\/#website"},"datePublished":"2019-10-15T19:56:42+00:00","dateModified":"2024-11-14T13:33:01+00:00","breadcrumb":{"@id":"https:\/\/3sdesign.eu\/sl\/o-nas\/#breadcrumb"},"inLanguage":"sl-SI","potentialAction":[{"@type":"ReadAction","target":["https:\/\/3sdesign.eu\/sl\/o-nas\/"]}]},{"@type":"BreadcrumbList","@id":"https:\/\/3sdesign.eu\/sl\/o-nas\/#breadcrumb","itemListElement":[{"@type":"ListItem","position":1,"name":"Home","item":"https:\/\/3sdesign.eu\/sl\/home\/"},{"@type":"ListItem","position":2,"name":"O nas"}]},{"@type":"WebSite","@id":"https:\/\/3sdesign.eu\/sl\/#website","url":"https:\/\/3sdesign.eu\/sl\/","name":"3s design","description":"3S design","publisher":{"@id":"https:\/\/3sdesign.eu\/sl\/#organization"},"potentialAction":[{"@type":"SearchAction","target":{"@type":"EntryPoint","urlTemplate":"https:\/\/3sdesign.eu\/sl\/?s={search_term_string}"},"query-input":{"@type":"PropertyValueSpecification","valueRequired":true,"valueName":"search_term_string"}}],"inLanguage":"sl-SI"},{"@type":"Organization","@id":"https:\/\/3sdesign.eu\/sl\/#organization","name":"3S design","url":"https:\/\/3sdesign.eu\/sl\/","logo":{"@type":"ImageObject","inLanguage":"sl-SI","@id":"https:\/\/3sdesign.eu\/sl\/#\/schema\/logo\/image\/","url":"https:\/\/3sdesign.eu\/wp-content\/uploads\/2019\/10\/3S-design_logo.png","contentUrl":"https:\/\/3sdesign.eu\/wp-content\/uploads\/2019\/10\/3S-design_logo.png","width":800,"height":294,"caption":"3S design"},"image":{"@id":"https:\/\/3sdesign.eu\/sl\/#\/schema\/logo\/image\/"},"sameAs":["https:\/\/www.facebook.com\/3sdesigneu\/","https:\/\/www.instagram.com\/3sdesign_eu\/","https:\/\/www.linkedin.com\/company\/3sdesign-eu","https:\/\/www.pinterest.com\/3sdesign\/","https:\/\/www.youtube.com\/channel\/UCM1RnY3dvrkFxUcZaPBaQog"]}]}},"_links":{"self":[{"href":"https:\/\/3sdesign.eu\/sl\/wp-json\/wp\/v2\/pages\/6079","targetHints":{"allow":["GET"]}}],"collection":[{"href":"https:\/\/3sdesign.eu\/sl\/wp-json\/wp\/v2\/pages"}],"about":[{"href":"https:\/\/3sdesign.eu\/sl\/wp-json\/wp\/v2\/types\/page"}],"author":[{"embeddable":true,"href":"https:\/\/3sdesign.eu\/sl\/wp-json\/wp\/v2\/users\/1"}],"replies":[{"embeddable":true,"href":"https:\/\/3sdesign.eu\/sl\/wp-json\/wp\/v2\/comments?post=6079"}],"version-history":[{"count":8,"href":"https:\/\/3sdesign.eu\/sl\/wp-json\/wp\/v2\/pages\/6079\/revisions"}],"predecessor-version":[{"id":6852,"href":"https:\/\/3sdesign.eu\/sl\/wp-json\/wp\/v2\/pages\/6079\/revisions\/6852"}],"wp:attachment":[{"href":"https:\/\/3sdesign.eu\/sl\/wp-json\/wp\/v2\/media?parent=6079"}],"curies":[{"name":"wp","href":"https:\/\/api.w.org\/{rel}","templated":true}]}}