{"id":5858,"date":"2019-10-18T19:20:38","date_gmt":"2019-10-18T19:20:38","guid":{"rendered":"https:\/\/3sdesign.eu\/produkti\/"},"modified":"2024-10-11T09:09:43","modified_gmt":"2024-10-11T09:09:43","slug":"produkti","status":"publish","type":"page","link":"https:\/\/3sdesign.eu\/sl\/produkti\/","title":{"rendered":"Produkti"},"content":{"rendered":"<p>[et_pb_section fb_built=&#8221;1&#8243; _builder_version=&#8221;4.20.4&#8243; background_color=&#8221;RGBA(255,255,255,0)&#8221; locked=&#8221;off&#8221; global_colors_info=&#8221;{}&#8221;][et_pb_row _builder_version=&#8221;4.20.4&#8243; _module_preset=&#8221;default&#8221; custom_padding=&#8221;0px|||||&#8221; global_colors_info=&#8221;{}&#8221;][et_pb_column type=&#8221;4_4&#8243; _builder_version=&#8221;4.20.4&#8243; _module_preset=&#8221;default&#8221; global_colors_info=&#8221;{}&#8221;][et_pb_text _builder_version=&#8221;4.20.4&#8243; text_font=&#8221;Noto Sans||||||||&#8221; text_line_height=&#8221;1.9em&#8221; header_font=&#8221;|300|on||||||&#8221; header_text_color=&#8221;rgba(0,0,0,0.72)&#8221; header_font_size=&#8221;70px&#8221; header_2_font=&#8221;|300|on||||||&#8221; header_2_line_height=&#8221;1.1em&#8221; min_height=&#8221;102px&#8221; custom_margin=&#8221;1px||-56px|||&#8221; custom_padding=&#8221;50px||0px|||&#8221; global_colors_info=&#8221;{}&#8221;]<\/p>\n<h1 class=\"display-2\" style=\"text-align: center;\">Kolekcije<\/h1>\n<p style=\"text-align: center;\"><span><\/span><\/p>\n<p style=\"text-align: center;\"><span><\/span><\/p>\n<p>[\/et_pb_text][\/et_pb_column][\/et_pb_row][et_pb_row column_structure=&#8221;1_2,1_2&#8243; _builder_version=&#8221;4.20.4&#8243; _module_preset=&#8221;default&#8221; custom_margin=&#8221;20px|auto||auto|false|false&#8221; custom_padding=&#8221;14px||0px|||&#8221; global_colors_info=&#8221;{}&#8221;][et_pb_column type=&#8221;1_2&#8243; _builder_version=&#8221;4.20.4&#8243; _module_preset=&#8221;default&#8221; global_colors_info=&#8221;{}&#8221;][et_pb_text _builder_version=&#8221;4.20.4&#8243; text_font=&#8221;Noto Sans||||||||&#8221; header_font=&#8221;|300|||||||&#8221; header_text_color=&#8221;rgba(0,0,0,0.6)&#8221; header_font_size=&#8221;55px&#8221; header_2_font_size=&#8221;15px&#8221; header_3_font_size=&#8221;15px&#8221; custom_padding=&#8221;||0px|||&#8221; link_option_url=&#8221;https:\/\/3sdesign.eu\/sl\/produkti\/3s-magnet\/&#8221; global_colors_info=&#8221;{}&#8221;]<\/p>\n<h1 style=\"text-align: center;\"><span style=\"color: #000000;\">3S magnet<\/span><\/h1>\n<p>[\/et_pb_text][et_pb_video src=&#8221;https:\/\/youtu.be\/1nVcywbdXtU?si=Sg0DRtTN8jDjv6PA&#8221; _builder_version=&#8221;4.26.1&#8243; _module_preset=&#8221;default&#8221; hover_enabled=&#8221;0&#8243; sticky_enabled=&#8221;0&#8243;][\/et_pb_video][\/et_pb_column][et_pb_column type=&#8221;1_2&#8243; _builder_version=&#8221;4.20.4&#8243; _module_preset=&#8221;default&#8221; global_colors_info=&#8221;{}&#8221;][et_pb_image src=&#8221;https:\/\/3sdesign.eu\/wp-content\/uploads\/2023\/01\/3S-magnet_FB.jpg&#8221; alt=&#8221;3S magnet&#8221; title_text=&#8221;3S magnet&#8221; url=&#8221;https:\/\/3sdesign.eu\/sl\/produkti\/3s-magnet\/&#8221; _builder_version=&#8221;4.20.4&#8243; _module_preset=&#8221;default&#8221; global_colors_info=&#8221;{}&#8221;][\/et_pb_image][et_pb_text _builder_version=&#8221;4.20.4&#8243; text_font=&#8221;|300|||||||&#8221; text_text_color=&#8221;#000000&#8243; text_font_size=&#8221;20px&#8221; header_font=&#8221;Noto Sans|700|||||||&#8221; header_text_color=&#8221;rgba(0,0,0,0.6)&#8221; header_2_font_size=&#8221;15px&#8221; header_3_font_size=&#8221;15px&#8221; min_height=&#8221;79.5px&#8221; custom_margin=&#8221;-12px||40px|||&#8221; custom_padding=&#8221;0px||0px|||&#8221; link_option_url=&#8221;https:\/\/3sdesign.eu\/sl\/produkti\/3s-magnet\/&#8221; global_colors_info=&#8221;{}&#8221;]<\/p>\n<p style=\"text-align: center;\">3S magnet sistem je sestavljen iz kuhinjskih stenskih oblog in magnetnih dodatkov.<\/p>\n<p>[\/et_pb_text][\/et_pb_column][\/et_pb_row][et_pb_row column_structure=&#8221;1_2,1_2&#8243; _builder_version=&#8221;4.20.2&#8243; min_height=&#8221;691px&#8221; custom_margin=&#8221;-22px|auto||auto||&#8221; custom_padding=&#8221;53px|||||&#8221; global_colors_info=&#8221;{}&#8221;][et_pb_column type=&#8221;1_2&#8243; _builder_version=&#8221;4.16&#8243; global_colors_info=&#8221;{}&#8221;][et_pb_text _builder_version=&#8221;4.20.4&#8243; text_font=&#8221;Noto Sans||||||||&#8221; text_font_size=&#8221;1px&#8221; header_font=&#8221;|300|||||||&#8221; header_text_color=&#8221;rgba(0,0,0,0.6)&#8221; header_font_size=&#8221;55px&#8221; header_2_font_size=&#8221;15px&#8221; header_3_font_size=&#8221;15px&#8221; custom_margin=&#8221;2px|||||&#8221; link_option_url=&#8221;https:\/\/3sdesign.eu\/3sproducts\/clothes-stand\/&#8221; global_colors_info=&#8221;{}&#8221;]<\/p>\n<h1 style=\"text-align: center;\"><span style=\"color: #000000;\">Plutoo<\/span><\/h1>\n<p>[\/et_pb_text][et_pb_image src=&#8221;https:\/\/3sdesign.eu\/wp-content\/uploads\/2019\/10\/Plutoo_Clothes-stand-Plutoo.jpg&#8221; url=&#8221;https:\/\/3sdesign.eu\/3sproducts\/clothes-stand\/&#8221; _builder_version=&#8221;4.20.4&#8243; min_height=&#8221;296px&#8221; custom_margin=&#8221;||-3px|||&#8221; custom_padding=&#8221;||0px|||&#8221; global_colors_info=&#8221;{}&#8221;][\/et_pb_image][et_pb_text _builder_version=&#8221;4.20.4&#8243; text_font=&#8221;|300|||||||&#8221; text_text_color=&#8221;#000000&#8243; text_font_size=&#8221;20px&#8221; header_font=&#8221;Noto Sans|700|||||||&#8221; header_text_color=&#8221;rgba(0,0,0,0.6)&#8221; header_2_font_size=&#8221;15px&#8221; header_3_font_size=&#8221;15px&#8221; custom_margin=&#8221;||29px|||&#8221; custom_padding=&#8221;34px|||||&#8221; link_option_url=&#8221;https:\/\/3sdesign.eu\/3sproducts\/clothes-stand\/&#8221; global_colors_info=&#8221;{}&#8221;]<\/p>\n<p style=\"text-align: center;\">Stojalo za obleke bo hitro postalo nepogre\u0161ljiv del va\u0161e notranje opreme. Slu\u017eilo vam bo zvesto in dolgo \u010dasa. <\/p>\n<p>[\/et_pb_text][\/et_pb_column][et_pb_column type=&#8221;1_2&#8243; _builder_version=&#8221;4.16&#8243; global_colors_info=&#8221;{}&#8221;][et_pb_text _builder_version=&#8221;4.20.4&#8243; text_font=&#8221;Noto Sans||||||||&#8221; header_font=&#8221;|300|||||||&#8221; header_text_color=&#8221;rgba(0,0,0,0.6)&#8221; header_font_size=&#8221;55px&#8221; header_2_font_size=&#8221;15px&#8221; header_3_font_size=&#8221;15px&#8221; link_option_url=&#8221;https:\/\/3sdesign.eu\/3sproducts\/steelline\/&#8221; global_colors_info=&#8221;{}&#8221;]<\/p>\n<h1 style=\"text-align: center;\"><span style=\"color: #000000;\">Steelline<\/span><\/h1>\n<p>[\/et_pb_text][et_pb_image src=&#8221;https:\/\/3sdesign.eu\/wp-content\/uploads\/2019\/10\/Steelline_coffee-table-TWIN.jpg&#8221; url=&#8221;https:\/\/3sdesign.eu\/3sproducts\/steelline\/&#8221; _builder_version=&#8221;4.20.4&#8243; custom_margin=&#8221;||16px|||&#8221; global_colors_info=&#8221;{}&#8221;][\/et_pb_image][et_pb_text _builder_version=&#8221;4.20.4&#8243; text_font=&#8221;|300|||||||&#8221; text_text_color=&#8221;#000000&#8243; text_font_size=&#8221;20px&#8221; header_font=&#8221;Noto Sans|700|||||||&#8221; header_text_color=&#8221;rgba(0,0,0,0.6)&#8221; header_2_font_size=&#8221;15px&#8221; header_3_font_size=&#8221;15px&#8221; custom_margin=&#8221;29px|||||&#8221; custom_padding=&#8221;1px|||||&#8221; link_option_url=&#8221;https:\/\/3sdesign.eu\/3sproducts\/steelline\/&#8221; global_colors_info=&#8221;{}&#8221;]<\/p>\n<p style=\"text-align: center;\">Linija kovinskega pohi\u0161tva je zasnovana tako, da polep\u0161a in optimizira va\u0161 dom. Dodajte elegantne in minimalisti\u010dne povr\u0161ine za odlaganje in shranjevanje, kjerkoli jih potrebujete.<\/p>\n<p>[\/et_pb_text][\/et_pb_column][\/et_pb_row][et_pb_row _builder_version=&#8221;4.16&#8243; global_colors_info=&#8221;{}&#8221;][et_pb_column type=&#8221;4_4&#8243; _builder_version=&#8221;4.16&#8243; global_colors_info=&#8221;{}&#8221;][et_pb_text _builder_version=&#8221;4.20.4&#8243; text_font=&#8221;Noto Sans||||||||&#8221; text_line_height=&#8221;1.8em&#8221; header_font=&#8221;|300|||||||&#8221; header_text_color=&#8221;rgba(0,0,0,0.72)&#8221; header_font_size=&#8221;50px&#8221; header_2_font=&#8221;|300|||||||&#8221; global_colors_info=&#8221;{}&#8221;]<\/p>\n<h2 style=\"text-align: center;\"><em><span style=\"color: #000000;\">Inovativno oblikovanje, ki iz va\u0161ega doma privabi najbolj\u0161e.<\/span><\/em><\/h2>\n<p style=\"text-align: center;\"><span><\/span><\/p>\n<p style=\"text-align: center;\"><span><\/span><\/p>\n<p>[\/et_pb_text][\/et_pb_column][\/et_pb_row][et_pb_row _builder_version=&#8221;4.20.4&#8243; _module_preset=&#8221;default&#8221; background_color=&#8221;#6a7970&#8243; locked=&#8221;off&#8221; global_colors_info=&#8221;{}&#8221;][et_pb_column type=&#8221;4_4&#8243; _builder_version=&#8221;4.20.4&#8243; _module_preset=&#8221;default&#8221; global_colors_info=&#8221;{}&#8221;][et_pb_text _builder_version=&#8221;4.20.4&#8243; _module_preset=&#8221;default&#8221; text_text_color=&#8221;#FFFFFF&#8221; header_font=&#8221;|300|||||||&#8221; header_2_font=&#8221;|300|||||||&#8221; header_2_font_size=&#8221;45px&#8221; global_colors_info=&#8221;{}&#8221;]<\/p>\n<h2 class=\"et_pb_slide_title et-fb-editable-element et-fb-editable-element__editing\" data-shortcode-id=\"0.0.0.1.0-1682323136813\" data-quickaccess-id=\"header\" style=\"text-align: center;\" contenteditable=\"true\"><span style=\"color: #ffffff;\">Nov katalog<\/span><\/h2>\n<p>[\/et_pb_text][et_pb_button button_url=&#8221;https:\/\/3sdesign.eu\/SI\/wp-content\/uploads\/2022\/10\/KATALOG_2022_SI.pdf&#8221; url_new_window=&#8221;on&#8221; button_text=&#8221;Kliknite za dostop do na\u0161ega novega kataloga&#8221; button_alignment=&#8221;center&#8221; _builder_version=&#8221;4.20.4&#8243; _module_preset=&#8221;default&#8221; custom_button=&#8221;on&#8221; button_text_size=&#8221;29px&#8221; button_text_color=&#8221;#FFFFFF&#8221; button_font=&#8221;|300|||||||&#8221; background_layout=&#8221;dark&#8221; global_colors_info=&#8221;{}&#8221;][\/et_pb_button][\/et_pb_column][\/et_pb_row][\/et_pb_section][et_pb_section fb_built=&#8221;1&#8243; _builder_version=&#8221;4.16&#8243; background_color=&#8221;rgba(0,0,0,0.08)&#8221; locked=&#8221;off&#8221; global_colors_info=&#8221;{}&#8221;][et_pb_row column_structure=&#8221;1_3,1_3,1_3&#8243; _builder_version=&#8221;4.16&#8243; global_colors_info=&#8221;{}&#8221;][et_pb_column type=&#8221;1_3&#8243; _builder_version=&#8221;4.16&#8243; global_colors_info=&#8221;{}&#8221;][et_pb_text _builder_version=&#8221;4.26.1&#8243; text_font=&#8221;|300|||||||&#8221; hover_enabled=&#8221;0&#8243; global_colors_info=&#8221;{}&#8221; sticky_enabled=&#8221;0&#8243;]<\/p>\n<p style=\"text-align: center;\"><span style=\"color: #808080;\"><strong>KONTAKT<\/strong><\/span><\/p>\n<p style=\"text-align: center;\"><span style=\"color: #000000;\">3S design, d.o.o.<\/span><\/p>\n<p style=\"text-align: center;\"><span style=\"color: #000000;\">Slovenija<\/span><\/p>\n<p style=\"text-align: center;\"><span style=\"color: #000000;\"><strong>studio@3sdesign.eu<\/strong><\/span><\/p>\n<p style=\"text-align: center;\"><strong><span style=\"color: #000000;\">070 322 122<\/span><br \/><\/strong><\/p>\n<p>[\/et_pb_text][et_pb_button button_url=&#8221;https:\/\/3sdesign.eu\/sl\/kontaktni-obrazec\/&#8221; url_new_window=&#8221;on&#8221; button_text=&#8221;Kontaktirajte nas&#8221; button_alignment=&#8221;center&#8221; _builder_version=&#8221;4.16&#8243; _module_preset=&#8221;default&#8221; custom_button=&#8221;on&#8221; button_text_color=&#8221;#636363&#8243; button_bg_color=&#8221;#c9c9c9&#8243; global_colors_info=&#8221;{}&#8221;][\/et_pb_button][\/et_pb_column][et_pb_column type=&#8221;1_3&#8243; _builder_version=&#8221;4.16&#8243; global_colors_info=&#8221;{}&#8221;][et_pb_text _builder_version=&#8221;4.20.4&#8243; text_font=&#8221;|300|||||||&#8221; global_colors_info=&#8221;{}&#8221;]<\/p>\n<p style=\"text-align: center;\"><span style=\"color: #808080;\"><strong>INFORMACIJE<\/strong><\/span><\/p>\n<p style=\"text-align: center;\"><span style=\"color: #000000;\">Splo\u0161ni pogoji poslovanja<\/span><\/p>\n<p style=\"text-align: center;\"><span style=\"color: #000000;\">Pogoji dostave in vra\u010dil<\/span><\/p>\n<p style=\"text-align: center;\"><span style=\"color: #000000;\">Varstvo podatkov<\/span><\/p>\n<p>[\/et_pb_text][\/et_pb_column][et_pb_column type=&#8221;1_3&#8243; _builder_version=&#8221;4.16&#8243; global_colors_info=&#8221;{}&#8221;][et_pb_text _builder_version=&#8221;4.20.4&#8243; global_colors_info=&#8221;{}&#8221;]<\/p>\n<p style=\"text-align: center;\"><span style=\"color: #808080;\"><strong>SLEDITE NAM<\/strong><\/span><\/p>\n<p style=\"text-align: center;\">[\/et_pb_text][et_pb_social_media_follow _builder_version=&#8221;4.16&#8243; background_color=&#8221;rgba(0,0,0,0)&#8221; text_orientation=&#8221;center&#8221; global_colors_info=&#8221;{}&#8221;][et_pb_social_media_follow_network social_network=&#8221;facebook&#8221; url=&#8221;https:\/\/www.facebook.com\/3sdesigneu\/&#8221; _builder_version=&#8221;4.16&#8243; background_color=&#8221;rgba(0,0,0,0.6)&#8221; background_enable_color=&#8221;on&#8221; global_colors_info=&#8221;{}&#8221; follow_button=&#8221;off&#8221; url_new_window=&#8221;on&#8221;]facebook[\/et_pb_social_media_follow_network][et_pb_social_media_follow_network social_network=&#8221;instagram&#8221; url=&#8221;https:\/\/www.instagram.com\/3sdesign_eu\/&#8221; _builder_version=&#8221;4.16&#8243; background_color=&#8221;rgba(0,0,0,0.6)&#8221; background_enable_color=&#8221;on&#8221; global_colors_info=&#8221;{}&#8221; follow_button=&#8221;off&#8221; url_new_window=&#8221;on&#8221;]instagram[\/et_pb_social_media_follow_network][et_pb_social_media_follow_network social_network=&#8221;pinterest&#8221; url=&#8221;https:\/\/www.pinterest.com\/3sdesign\/&#8221; _builder_version=&#8221;4.16&#8243; background_color=&#8221;rgba(0,0,0,0.6)&#8221; background_enable_color=&#8221;on&#8221; global_colors_info=&#8221;{}&#8221; follow_button=&#8221;off&#8221; url_new_window=&#8221;on&#8221;]pinterest[\/et_pb_social_media_follow_network][et_pb_social_media_follow_network social_network=&#8221;linkedin&#8221; url=&#8221;https:\/\/www.linkedin.com\/company\/9272777\/admin\/&#8221; _builder_version=&#8221;4.16&#8243; background_color=&#8221;rgba(0,0,0,0.6)&#8221; background_enable_color=&#8221;on&#8221; global_colors_info=&#8221;{}&#8221; follow_button=&#8221;off&#8221; url_new_window=&#8221;on&#8221;]linkedin[\/et_pb_social_media_follow_network][et_pb_social_media_follow_network social_network=&#8221;youtube&#8221; url=&#8221;https:\/\/www.youtube.com\/channel\/UCM1RnY3dvrkFxUcZaPBaQog\/&#8221; _builder_version=&#8221;4.16&#8243; background_color=&#8221;#a82400&#8243; global_colors_info=&#8221;{}&#8221; follow_button=&#8221;off&#8221; url_new_window=&#8221;on&#8221;]youtube[\/et_pb_social_media_follow_network][\/et_pb_social_media_follow][\/et_pb_column][\/et_pb_row][\/et_pb_section]<\/p>\n","protected":false},"excerpt":{"rendered":"<p>Kolekcije 3S magnet3S magnet sistem je sestavljen iz kuhinjskih stenskih oblog in magnetnih dodatkov.PlutooStojalo za obleke bo hitro postalo nepogre\u0161ljiv del va\u0161e notranje opreme. Slu\u017eilo vam bo zvesto in dolgo \u010dasa. SteellineLinija kovinskega pohi\u0161tva je zasnovana tako, da polep\u0161a in optimizira va\u0161 dom. Dodajte elegantne in minimalisti\u010dne povr\u0161ine za odlaganje in shranjevanje, kjerkoli jih potrebujete.Inovativno [&hellip;]<\/p>\n","protected":false},"author":1,"featured_media":0,"parent":0,"menu_order":0,"comment_status":"closed","ping_status":"closed","template":"","meta":{"_et_pb_use_builder":"on","_et_pb_old_content":"","_et_gb_content_width":"","_monsterinsights_skip_tracking":false,"_monsterinsights_sitenote_active":false,"_monsterinsights_sitenote_note":"","_monsterinsights_sitenote_category":0,"footnotes":""},"class_list":["post-5858","page","type-page","status-publish","hentry"],"yoast_head":"<!-- This site is optimized with the Yoast SEO plugin v27.5 - https:\/\/yoast.com\/product\/yoast-seo-wordpress\/ -->\n<title>Produkti &#8226; 3s design<\/title>\n<meta name=\"description\" content=\"Izvedite ve\u010d o magnetnem sistemu 3S magnet, stojalu za obleke Plutoo in liniji kovinskega pohi\u0161tva Steelline. Inovativne re\u0161itve za moderni dom.\" \/>\n<meta name=\"robots\" content=\"index, follow, max-snippet:-1, max-image-preview:large, max-video-preview:-1\" \/>\n<link rel=\"canonical\" href=\"https:\/\/3sdesign.eu\/sl\/produkti\/\" \/>\n<meta property=\"og:locale\" content=\"sl_SI\" \/>\n<meta property=\"og:type\" content=\"article\" \/>\n<meta property=\"og:title\" content=\"Produkti &#8226; 3s design\" \/>\n<meta property=\"og:description\" content=\"Izvedite ve\u010d o magnetnem sistemu 3S magnet, stojalu za obleke Plutoo in liniji kovinskega pohi\u0161tva Steelline. Inovativne re\u0161itve za moderni dom.\" \/>\n<meta property=\"og:url\" content=\"https:\/\/3sdesign.eu\/sl\/produkti\/\" \/>\n<meta property=\"og:site_name\" content=\"3s design\" \/>\n<meta property=\"article:publisher\" content=\"https:\/\/www.facebook.com\/3sdesigneu\/\" \/>\n<meta property=\"article:modified_time\" content=\"2024-10-11T09:09:43+00:00\" \/>\n<meta name=\"twitter:card\" content=\"summary_large_image\" \/>\n<meta name=\"twitter:label1\" content=\"Est. reading time\" \/>\n\t<meta name=\"twitter:data1\" content=\"6 minut\" \/>\n<script type=\"application\/ld+json\" class=\"yoast-schema-graph\">{\"@context\":\"https:\\\/\\\/schema.org\",\"@graph\":[{\"@type\":\"WebPage\",\"@id\":\"https:\\\/\\\/3sdesign.eu\\\/sl\\\/produkti\\\/\",\"url\":\"https:\\\/\\\/3sdesign.eu\\\/sl\\\/produkti\\\/\",\"name\":\"Produkti &#8226; 3s design\",\"isPartOf\":{\"@id\":\"https:\\\/\\\/3sdesign.eu\\\/sl\\\/#website\"},\"datePublished\":\"2019-10-18T19:20:38+00:00\",\"dateModified\":\"2024-10-11T09:09:43+00:00\",\"description\":\"Izvedite ve\u010d o magnetnem sistemu 3S magnet, stojalu za obleke Plutoo in liniji kovinskega pohi\u0161tva Steelline. Inovativne re\u0161itve za moderni dom.\",\"breadcrumb\":{\"@id\":\"https:\\\/\\\/3sdesign.eu\\\/sl\\\/produkti\\\/#breadcrumb\"},\"inLanguage\":\"sl-SI\",\"potentialAction\":[{\"@type\":\"ReadAction\",\"target\":[\"https:\\\/\\\/3sdesign.eu\\\/sl\\\/produkti\\\/\"]}]},{\"@type\":\"BreadcrumbList\",\"@id\":\"https:\\\/\\\/3sdesign.eu\\\/sl\\\/produkti\\\/#breadcrumb\",\"itemListElement\":[{\"@type\":\"ListItem\",\"position\":1,\"name\":\"Home\",\"item\":\"https:\\\/\\\/3sdesign.eu\\\/sl\\\/home\\\/\"},{\"@type\":\"ListItem\",\"position\":2,\"name\":\"Produkti\"}]},{\"@type\":\"WebSite\",\"@id\":\"https:\\\/\\\/3sdesign.eu\\\/sl\\\/#website\",\"url\":\"https:\\\/\\\/3sdesign.eu\\\/sl\\\/\",\"name\":\"3s design\",\"description\":\"3S design\",\"publisher\":{\"@id\":\"https:\\\/\\\/3sdesign.eu\\\/sl\\\/#organization\"},\"potentialAction\":[{\"@type\":\"SearchAction\",\"target\":{\"@type\":\"EntryPoint\",\"urlTemplate\":\"https:\\\/\\\/3sdesign.eu\\\/sl\\\/?s={search_term_string}\"},\"query-input\":{\"@type\":\"PropertyValueSpecification\",\"valueRequired\":true,\"valueName\":\"search_term_string\"}}],\"inLanguage\":\"sl-SI\"},{\"@type\":\"Organization\",\"@id\":\"https:\\\/\\\/3sdesign.eu\\\/sl\\\/#organization\",\"name\":\"3S design\",\"url\":\"https:\\\/\\\/3sdesign.eu\\\/sl\\\/\",\"logo\":{\"@type\":\"ImageObject\",\"inLanguage\":\"sl-SI\",\"@id\":\"https:\\\/\\\/3sdesign.eu\\\/sl\\\/#\\\/schema\\\/logo\\\/image\\\/\",\"url\":\"https:\\\/\\\/3sdesign.eu\\\/wp-content\\\/uploads\\\/2019\\\/10\\\/3S-design_logo.png\",\"contentUrl\":\"https:\\\/\\\/3sdesign.eu\\\/wp-content\\\/uploads\\\/2019\\\/10\\\/3S-design_logo.png\",\"width\":800,\"height\":294,\"caption\":\"3S design\"},\"image\":{\"@id\":\"https:\\\/\\\/3sdesign.eu\\\/sl\\\/#\\\/schema\\\/logo\\\/image\\\/\"},\"sameAs\":[\"https:\\\/\\\/www.facebook.com\\\/3sdesigneu\\\/\",\"https:\\\/\\\/www.instagram.com\\\/3sdesign_eu\\\/\",\"https:\\\/\\\/www.linkedin.com\\\/company\\\/3sdesign-eu\",\"https:\\\/\\\/www.pinterest.com\\\/3sdesign\\\/\",\"https:\\\/\\\/www.youtube.com\\\/channel\\\/UCM1RnY3dvrkFxUcZaPBaQog\"]}]}<\/script>\n<!-- \/ Yoast SEO plugin. -->","yoast_head_json":{"title":"Produkti &#8226; 3s design","description":"Izvedite ve\u010d o magnetnem sistemu 3S magnet, stojalu za obleke Plutoo in liniji kovinskega pohi\u0161tva Steelline. Inovativne re\u0161itve za moderni dom.","robots":{"index":"index","follow":"follow","max-snippet":"max-snippet:-1","max-image-preview":"max-image-preview:large","max-video-preview":"max-video-preview:-1"},"canonical":"https:\/\/3sdesign.eu\/sl\/produkti\/","og_locale":"sl_SI","og_type":"article","og_title":"Produkti &#8226; 3s design","og_description":"Izvedite ve\u010d o magnetnem sistemu 3S magnet, stojalu za obleke Plutoo in liniji kovinskega pohi\u0161tva Steelline. Inovativne re\u0161itve za moderni dom.","og_url":"https:\/\/3sdesign.eu\/sl\/produkti\/","og_site_name":"3s design","article_publisher":"https:\/\/www.facebook.com\/3sdesigneu\/","article_modified_time":"2024-10-11T09:09:43+00:00","twitter_card":"summary_large_image","twitter_misc":{"Est. reading time":"6 minut"},"schema":{"@context":"https:\/\/schema.org","@graph":[{"@type":"WebPage","@id":"https:\/\/3sdesign.eu\/sl\/produkti\/","url":"https:\/\/3sdesign.eu\/sl\/produkti\/","name":"Produkti &#8226; 3s design","isPartOf":{"@id":"https:\/\/3sdesign.eu\/sl\/#website"},"datePublished":"2019-10-18T19:20:38+00:00","dateModified":"2024-10-11T09:09:43+00:00","description":"Izvedite ve\u010d o magnetnem sistemu 3S magnet, stojalu za obleke Plutoo in liniji kovinskega pohi\u0161tva Steelline. Inovativne re\u0161itve za moderni dom.","breadcrumb":{"@id":"https:\/\/3sdesign.eu\/sl\/produkti\/#breadcrumb"},"inLanguage":"sl-SI","potentialAction":[{"@type":"ReadAction","target":["https:\/\/3sdesign.eu\/sl\/produkti\/"]}]},{"@type":"BreadcrumbList","@id":"https:\/\/3sdesign.eu\/sl\/produkti\/#breadcrumb","itemListElement":[{"@type":"ListItem","position":1,"name":"Home","item":"https:\/\/3sdesign.eu\/sl\/home\/"},{"@type":"ListItem","position":2,"name":"Produkti"}]},{"@type":"WebSite","@id":"https:\/\/3sdesign.eu\/sl\/#website","url":"https:\/\/3sdesign.eu\/sl\/","name":"3s design","description":"3S design","publisher":{"@id":"https:\/\/3sdesign.eu\/sl\/#organization"},"potentialAction":[{"@type":"SearchAction","target":{"@type":"EntryPoint","urlTemplate":"https:\/\/3sdesign.eu\/sl\/?s={search_term_string}"},"query-input":{"@type":"PropertyValueSpecification","valueRequired":true,"valueName":"search_term_string"}}],"inLanguage":"sl-SI"},{"@type":"Organization","@id":"https:\/\/3sdesign.eu\/sl\/#organization","name":"3S design","url":"https:\/\/3sdesign.eu\/sl\/","logo":{"@type":"ImageObject","inLanguage":"sl-SI","@id":"https:\/\/3sdesign.eu\/sl\/#\/schema\/logo\/image\/","url":"https:\/\/3sdesign.eu\/wp-content\/uploads\/2019\/10\/3S-design_logo.png","contentUrl":"https:\/\/3sdesign.eu\/wp-content\/uploads\/2019\/10\/3S-design_logo.png","width":800,"height":294,"caption":"3S design"},"image":{"@id":"https:\/\/3sdesign.eu\/sl\/#\/schema\/logo\/image\/"},"sameAs":["https:\/\/www.facebook.com\/3sdesigneu\/","https:\/\/www.instagram.com\/3sdesign_eu\/","https:\/\/www.linkedin.com\/company\/3sdesign-eu","https:\/\/www.pinterest.com\/3sdesign\/","https:\/\/www.youtube.com\/channel\/UCM1RnY3dvrkFxUcZaPBaQog"]}]}},"_links":{"self":[{"href":"https:\/\/3sdesign.eu\/sl\/wp-json\/wp\/v2\/pages\/5858","targetHints":{"allow":["GET"]}}],"collection":[{"href":"https:\/\/3sdesign.eu\/sl\/wp-json\/wp\/v2\/pages"}],"about":[{"href":"https:\/\/3sdesign.eu\/sl\/wp-json\/wp\/v2\/types\/page"}],"author":[{"embeddable":true,"href":"https:\/\/3sdesign.eu\/sl\/wp-json\/wp\/v2\/users\/1"}],"replies":[{"embeddable":true,"href":"https:\/\/3sdesign.eu\/sl\/wp-json\/wp\/v2\/comments?post=5858"}],"version-history":[{"count":5,"href":"https:\/\/3sdesign.eu\/sl\/wp-json\/wp\/v2\/pages\/5858\/revisions"}],"predecessor-version":[{"id":6038,"href":"https:\/\/3sdesign.eu\/sl\/wp-json\/wp\/v2\/pages\/5858\/revisions\/6038"}],"wp:attachment":[{"href":"https:\/\/3sdesign.eu\/sl\/wp-json\/wp\/v2\/media?parent=5858"}],"curies":[{"name":"wp","href":"https:\/\/api.w.org\/{rel}","templated":true}]}}