{"id":6853,"date":"2019-11-19T15:56:11","date_gmt":"2019-11-19T15:56:11","guid":{"rendered":"https:\/\/3sdesign.eu\/plutoo-bestellen\/"},"modified":"2024-11-14T14:07:47","modified_gmt":"2024-11-14T14:07:47","slug":"plutoo-bestellen","status":"publish","type":"page","link":"https:\/\/3sdesign.eu\/de\/plutoo-bestellen\/","title":{"rendered":"Plutoo bestellen"},"content":{"rendered":"\n[et_pb_section fb_built=&#8220;1&#8243; _builder_version=&#8220;4.16&#8243; global_colors_info=&#8220;{}&#8220;][et_pb_row _builder_version=&#8220;4.16&#8243; global_colors_info=&#8220;{}&#8220;][et_pb_column type=&#8220;4_4&#8243; _builder_version=&#8220;4.16&#8243; global_colors_info=&#8220;{}&#8220;][et_pb_text _builder_version=&#8220;4.21.0&#8243; _module_preset=&#8220;default&#8220; header_font_size=&#8220;38px&#8220; global_colors_info=&#8220;{}&#8220;]<h1 class=\"et_pb_contact_main_title et-fb-editable-element et-fb-editable-element__editing\" data-shortcode-id=\"0.0.0.0-1691579966032\" data-quickaccess-id=\"title\" contenteditable=\"true\" style=\"text-align: center;\">Kleiderst\u00e4nder Plutoo bestellen  <\/h1>[\/et_pb_text][et_pb_text _builder_version=&#8220;4.21.0&#8243; _module_preset=&#8220;default&#8220; text_font=&#8220;|300|||||||&#8220; header_font_size=&#8220;38px&#8220; global_colors_info=&#8220;{}&#8220;]<p style=\"text-align: center;\">Mit dem Absenden dieser Nachricht senden Sie uns lediglich eine Anfrage f\u00fcr eine Bestellung des Kleiderst\u00e4nders. Diese Anfrage ist in keiner Weise bindend. <\/p>\n<p style=\"text-align: center;\">Sobald wir Ihre Anfrage erhalten haben, werden wir Ihnen eine Proformarechnung mit Angabe der Bearbeitungszeit und der Versandkosten zukommen lassen.<\/p>\n<p style=\"text-align: center;\">Wir bieten Bank\u00fcberweisung oder Paypal als Zahlungsoption an. Mehrwertsteuerfreie K\u00e4ufe sind f\u00fcr L\u00e4nder au\u00dferhalb der EU und Unternehmen mit einer g\u00fcltigen internationalen EU-Mehrwertsteuernummer m\u00f6glich. <\/p>[\/et_pb_text][et_pb_contact_form email=&#8220;studio@3sdesign.eu&#8220; title=&#8220;F\u00fcllen Sie das Formular aus, um ein Angebot zu erhalten&#8220; custom_message=&#8220;Name: %%Name%%||et_pb_line_break_holder||Email: %%Email%%||et_pb_line_break_holder||Address: %%Postcode%% %%Country%%||et_pb_line_break_holder||Product you are interested in: %%Product%%||et_pb_line_break_holder||||et_pb_line_break_holder||Message: %%Message%%&#8220; success_message=&#8220;Vielen Dank, dass Sie uns Ihre Anfrage schicken! Wir werden uns so schnell wie m\u00f6glich mit einer Proforma-Rechnung bei Ihnen melden.   &#8220; submit_button_text=&#8220;Senden und anfragen&#8220; _builder_version=&#8220;4.21.0&#8243; _unique_id=&#8220;1e575b62-0012-4f90-ba81-65c7319798c7&#8243; title_font_size=&#8220;30px&#8220; title_line_height=&#8220;1.5em&#8220; custom_button=&#8220;on&#8220; button_text_color=&#8220;#FFFFFF&#8220; button_bg_color=&#8220;#6a7970&#8243; custom_margin=&#8220;||75px|||&#8220; global_colors_info=&#8220;{}&#8220;][et_pb_contact_field field_id=&#8220;Name&#8220; field_title=&#8220;Name&#8220; _builder_version=&#8220;4.16&#8243; global_colors_info=&#8220;{}&#8220; button_text_size__hover_enabled=&#8220;off&#8220; button_one_text_size__hover_enabled=&#8220;off&#8220; button_two_text_size__hover_enabled=&#8220;off&#8220; button_text_color__hover_enabled=&#8220;off&#8220; button_one_text_color__hover_enabled=&#8220;off&#8220; button_two_text_color__hover_enabled=&#8220;off&#8220; button_border_width__hover_enabled=&#8220;off&#8220; button_one_border_width__hover_enabled=&#8220;off&#8220; button_two_border_width__hover_enabled=&#8220;off&#8220; button_border_color__hover_enabled=&#8220;off&#8220; button_one_border_color__hover_enabled=&#8220;off&#8220; button_two_border_color__hover_enabled=&#8220;off&#8220; button_border_radius__hover_enabled=&#8220;off&#8220; button_one_border_radius__hover_enabled=&#8220;off&#8220; button_two_border_radius__hover_enabled=&#8220;off&#8220; button_letter_spacing__hover_enabled=&#8220;off&#8220; button_one_letter_spacing__hover_enabled=&#8220;off&#8220; button_two_letter_spacing__hover_enabled=&#8220;off&#8220; button_bg_color__hover_enabled=&#8220;off&#8220; button_one_bg_color__hover_enabled=&#8220;off&#8220; button_two_bg_color__hover_enabled=&#8220;off&#8220;][\/et_pb_contact_field][et_pb_contact_field field_id=&#8220;Email&#8220; field_title=&#8220;E-Mail Adresse&#8220; field_type=&#8220;email&#8220; _builder_version=&#8220;4.16&#8243; global_colors_info=&#8220;{}&#8220; button_text_size__hover_enabled=&#8220;off&#8220; button_one_text_size__hover_enabled=&#8220;off&#8220; button_two_text_size__hover_enabled=&#8220;off&#8220; button_text_color__hover_enabled=&#8220;off&#8220; button_one_text_color__hover_enabled=&#8220;off&#8220; button_two_text_color__hover_enabled=&#8220;off&#8220; button_border_width__hover_enabled=&#8220;off&#8220; button_one_border_width__hover_enabled=&#8220;off&#8220; button_two_border_width__hover_enabled=&#8220;off&#8220; button_border_color__hover_enabled=&#8220;off&#8220; button_one_border_color__hover_enabled=&#8220;off&#8220; button_two_border_color__hover_enabled=&#8220;off&#8220; button_border_radius__hover_enabled=&#8220;off&#8220; button_one_border_radius__hover_enabled=&#8220;off&#8220; button_two_border_radius__hover_enabled=&#8220;off&#8220; button_letter_spacing__hover_enabled=&#8220;off&#8220; button_one_letter_spacing__hover_enabled=&#8220;off&#8220; button_two_letter_spacing__hover_enabled=&#8220;off&#8220; button_bg_color__hover_enabled=&#8220;off&#8220; button_one_bg_color__hover_enabled=&#8220;off&#8220; button_two_bg_color__hover_enabled=&#8220;off&#8220;][\/et_pb_contact_field][et_pb_contact_field field_id=&#8220;Coutry&#8220; field_title=&#8220;Land&#8220; _builder_version=&#8220;4.21.0&#8243; global_colors_info=&#8220;{}&#8220;][\/et_pb_contact_field][et_pb_contact_field field_id=&#8220;Postcode&#8220; field_title=&#8220;Postleitzahl&#8220; required_mark=&#8220;off&#8220; _builder_version=&#8220;4.16&#8243; global_colors_info=&#8220;{}&#8220;][\/et_pb_contact_field][et_pb_contact_field field_id=&#8220;Product&#8220; field_title=&#8220;Material des K\u00f6rpers&#8220; field_type=&#8220;select&#8220; select_options=&#8220;%91{%22value%22:%22Schwarz &#8211; MDF%22,%22checked%22:0,%22dragID%22:-1},{%22value%22:%22Wei\u00df &#8211; MDF%22,%22checked%22:0,%22dragID%22:0},{%22value%22:%22Buche Massivholz%22,%22checked%22:0,%22dragID%22:1},{%22value%22:%22Massivholz Esche%22,%22checked%22:0,%22dragID%22:2},{%22value%22:%22Eiche Massivholz%22,%22checked%22:0,%22dragID%22:3},{%22value%22:%22Walnuss Massivholz%22,%22checked%22:0,%22dragID%22:4}%93&#8243; _builder_version=&#8220;4.21.0&#8243; form_field_background_color=&#8220;rgba(122,130,114,0.5)&#8220; form_field_text_color=&#8220;#FFFFFF&#8220; form_field_focus_background_color=&#8220;#FFFFFF&#8220; background_enable_color=&#8220;off&#8220; global_colors_info=&#8220;{}&#8220;][\/et_pb_contact_field][et_pb_contact_field field_id=&#8220;Oil&#8220; field_title=&#8220;Farbe des \u00d6ls f\u00fcr den K\u00f6rper&#8220; field_type=&#8220;select&#8220; select_options=&#8220;%91{%22value%22:%22Sauber \\\/ transparent%22,%22checked%22:0,%22dragID%22:-1},{%22dragID%22:0,%22value%22:%22Wei\u00df%22,%22checked%22:0},{%22dragID%22:1,%22value%22:%22Dunkelbraun%22,%22checked%22:0},{%22dragID%22:2,%22value%22:%22Andere%22,%22checked%22:0}%93&#8243; required_mark=&#8220;off&#8220; conditional_logic=&#8220;on&#8220; conditional_logic_rules=&#8220;%91{%22field%22:%22product%22,%22condition%22:%22is%22,%22value%22:%22Beech solid wood%22},{%22field%22:%22product%22,%22condition%22:%22is%22,%22value%22:%22Ash solid wood%22},{%22field%22:%22product%22,%22condition%22:%22is%22,%22value%22:%22Oak solid wood%22},{%22field%22:%22product%22,%22condition%22:%22is%22,%22value%22:%22Walnut solid wood%22}%93&#8243; _builder_version=&#8220;4.21.0&#8243; form_field_background_color=&#8220;rgba(106,121,112,0.5)&#8220; form_field_text_color=&#8220;#FFFFFF&#8220; global_colors_info=&#8220;{}&#8220;][\/et_pb_contact_field][et_pb_contact_field field_id=&#8220;Hanging_bars&#8220; field_title=&#8220;Farbe der Aufh\u00e4ngestangen&#8220; field_type=&#8220;select&#8220; select_options=&#8220;%91{%22dragID%22:0,%22value%22:%224 x Wei\u00df%22,%22checked%22:0},{%22value%22:%224 x Schwarz%22,%22checked%22:0,%22dragID%22:3},{%22dragID%22:4,%22value%22:%224 x Nat\u00fcrliches Buchenholz%22,%22checked%22:0},{%22value%22:%224 x Nat\u00fcrliches Eichenholz%22,%22checked%22:0,%22dragID%22:5},{%22dragID%22:6,%22value%22:%22Andere%22,%22checked%22:0}%93&#8243; required_mark=&#8220;off&#8220; _builder_version=&#8220;4.21.0&#8243; form_field_background_color=&#8220;rgba(106,121,112,0.5)&#8220; form_field_text_color=&#8220;#FFFFFF&#8220; global_colors_info=&#8220;{}&#8220;][\/et_pb_contact_field][et_pb_contact_field field_id=&#8220;Hanger&#8220; field_title=&#8220;Farbe des oberen Stahlb\u00fcgels&#8220; field_type=&#8220;select&#8220; select_options=&#8220;%91{%22value%22:%22Schwarz%22,%22checked%22:0,%22dragID%22:0},{%22dragID%22:-1,%22value%22:%22Wei\u00df%22,%22checked%22:0},{%22dragID%22:3,%22value%22:%22Andere%22,%22checked%22:0}%93&#8243; required_mark=&#8220;off&#8220; _builder_version=&#8220;4.21.0&#8243; form_field_background_color=&#8220;rgba(106,121,112,0.5)&#8220; form_field_text_color=&#8220;#FFFFFF&#8220; global_colors_info=&#8220;{}&#8220;][\/et_pb_contact_field][et_pb_contact_field field_id=&#8220;Message&#8220; field_title=&#8220;Nachricht (optional)&#8220; field_type=&#8220;text&#8220; fullwidth_field=&#8220;on&#8220; _builder_version=&#8220;4.21.0&#8243; global_colors_info=&#8220;{}&#8220; button_text_size__hover_enabled=&#8220;off&#8220; button_one_text_size__hover_enabled=&#8220;off&#8220; button_two_text_size__hover_enabled=&#8220;off&#8220; button_text_color__hover_enabled=&#8220;off&#8220; button_one_text_color__hover_enabled=&#8220;off&#8220; button_two_text_color__hover_enabled=&#8220;off&#8220; button_border_width__hover_enabled=&#8220;off&#8220; button_one_border_width__hover_enabled=&#8220;off&#8220; button_two_border_width__hover_enabled=&#8220;off&#8220; button_border_color__hover_enabled=&#8220;off&#8220; button_one_border_color__hover_enabled=&#8220;off&#8220; button_two_border_color__hover_enabled=&#8220;off&#8220; button_border_radius__hover_enabled=&#8220;off&#8220; button_one_border_radius__hover_enabled=&#8220;off&#8220; button_two_border_radius__hover_enabled=&#8220;off&#8220; button_letter_spacing__hover_enabled=&#8220;off&#8220; button_one_letter_spacing__hover_enabled=&#8220;off&#8220; button_two_letter_spacing__hover_enabled=&#8220;off&#8220; button_bg_color__hover_enabled=&#8220;off&#8220; button_one_bg_color__hover_enabled=&#8220;off&#8220; button_two_bg_color__hover_enabled=&#8220;off&#8220;][\/et_pb_contact_field][\/et_pb_contact_form][\/et_pb_column][\/et_pb_row][\/et_pb_section][et_pb_section fb_built=&#8220;1&#8243; _builder_version=&#8220;4.16&#8243; background_color=&#8220;rgba(0,0,0,0.08)&#8220; locked=&#8220;off&#8220; global_colors_info=&#8220;{}&#8220;][et_pb_row column_structure=&#8220;1_3,1_3,1_3&#8243; _builder_version=&#8220;4.16&#8243; global_colors_info=&#8220;{}&#8220;][et_pb_column type=&#8220;1_3&#8243; _builder_version=&#8220;4.16&#8243; global_colors_info=&#8220;{}&#8220;][et_pb_text _builder_version=&#8220;4.16&#8243; global_colors_info=&#8220;{}&#8220;]<p style=\"text-align: center;\">KONTAKT<\/p>\n<p style=\"text-align: center;\">3S design d.o.o.<\/p>\n<p style=\"text-align: center;\">Slowenien<\/p>\n<p style=\"text-align: center;\"><strong>studio@3sdesign.eu<\/strong><\/p>\n<p style=\"text-align: center;\"><strong>+386 1 505 28 63<br><\/strong><\/p>[\/et_pb_text][\/et_pb_column][et_pb_column type=&#8220;1_3&#8243; _builder_version=&#8220;4.16&#8243; global_colors_info=&#8220;{}&#8220;][et_pb_text _builder_version=&#8220;4.16&#8243; global_colors_info=&#8220;{}&#8220;]<p style=\"text-align: center;\">INFORMATION<\/p>\n<p style=\"text-align: center;\">\n<p style=\"text-align: center;\">Gesch\u00e4ftsbedingungen<\/p>\n<p style=\"text-align: center;\">Lieferung und R\u00fccksendungen<\/p>\n<p style=\"text-align: center;\">Private Politik<\/p>[\/et_pb_text][\/et_pb_column][et_pb_column type=&#8220;1_3&#8243; _builder_version=&#8220;4.16&#8243; global_colors_info=&#8220;{}&#8220;][et_pb_text _builder_version=&#8220;4.16&#8243; global_colors_info=&#8220;{}&#8220;]<p style=\"text-align: center;\">BITTE FOLGEN<\/p>\n<p style=\"text-align: center;\">[\/et_pb_text][et_pb_social_media_follow _builder_version=&#8220;4.16&#8243; background_color=&#8220;rgba(0,0,0,0)&#8220; text_orientation=&#8220;center&#8220; global_colors_info=&#8220;{}&#8220;][et_pb_social_media_follow_network social_network=&#8220;facebook&#8220; url=&#8220;https:\/\/www.facebook.com\/3sdesigneu\/&#8220; _builder_version=&#8220;4.16&#8243; background_color=&#8220;rgba(0,0,0,0.6)&#8220; background_enable_color=&#8220;on&#8220; global_colors_info=&#8220;{}&#8220; follow_button=&#8220;off&#8220; url_new_window=&#8220;on&#8220;]facebook[\/et_pb_social_media_follow_network][et_pb_social_media_follow_network social_network=&#8220;instagram&#8220; url=&#8220;https:\/\/www.instagram.com\/3sdesign_eu\/&#8220; _builder_version=&#8220;4.16&#8243; background_color=&#8220;rgba(0,0,0,0.6)&#8220; background_enable_color=&#8220;on&#8220; global_colors_info=&#8220;{}&#8220; follow_button=&#8220;off&#8220; url_new_window=&#8220;on&#8220;]instagram[\/et_pb_social_media_follow_network][et_pb_social_media_follow_network social_network=&#8220;pinterest&#8220; url=&#8220;https:\/\/www.pinterest.com\/3sdesign\/&#8220; _builder_version=&#8220;4.16&#8243; background_color=&#8220;rgba(0,0,0,0.6)&#8220; background_enable_color=&#8220;on&#8220; global_colors_info=&#8220;{}&#8220; follow_button=&#8220;off&#8220; url_new_window=&#8220;on&#8220;]pinterest[\/et_pb_social_media_follow_network][et_pb_social_media_follow_network social_network=&#8220;linkedin&#8220; url=&#8220;https:\/\/www.linkedin.com\/company\/9272777\/admin\/&#8220; _builder_version=&#8220;4.16&#8243; background_color=&#8220;rgba(0,0,0,0.6)&#8220; background_enable_color=&#8220;on&#8220; global_colors_info=&#8220;{}&#8220; follow_button=&#8220;off&#8220; url_new_window=&#8220;on&#8220;]linkedin[\/et_pb_social_media_follow_network][\/et_pb_social_media_follow][\/et_pb_column][\/et_pb_row][\/et_pb_section]\n","protected":false},"excerpt":{"rendered":"<p>Erhalten Sie ein Angebot f\u00fcr Kleiderst\u00e4nder Plutoo<\/p>\n","protected":false},"author":1,"featured_media":0,"parent":0,"menu_order":0,"comment_status":"closed","ping_status":"closed","template":"","meta":{"_et_pb_use_builder":"on","_et_pb_old_content":"","_et_gb_content_width":"","_monsterinsights_skip_tracking":false,"_monsterinsights_sitenote_active":false,"_monsterinsights_sitenote_note":"","_monsterinsights_sitenote_category":0,"footnotes":""},"class_list":["post-6853","page","type-page","status-publish","hentry"],"yoast_head":"<!-- This site is optimized with the Yoast SEO plugin v27.5 - https:\/\/yoast.com\/product\/yoast-seo-wordpress\/ -->\n<title>Plutoo bestellen &#8226; 3s design<\/title>\n<meta name=\"description\" content=\"F\u00fcllen Sie dieses Formular aus, um Kleiderst\u00e4nder Plutoo zu bestellen.\" \/>\n<meta name=\"robots\" content=\"index, follow, max-snippet:-1, max-image-preview:large, max-video-preview:-1\" \/>\n<link rel=\"canonical\" href=\"https:\/\/3sdesign.eu\/de\/plutoo-bestellen\/\" \/>\n<meta property=\"og:locale\" content=\"de_DE\" \/>\n<meta property=\"og:type\" content=\"article\" \/>\n<meta property=\"og:title\" content=\"Plutoo bestellen &#8226; 3s design\" \/>\n<meta property=\"og:description\" content=\"F\u00fcllen Sie dieses Formular aus, um Kleiderst\u00e4nder Plutoo zu bestellen.\" \/>\n<meta property=\"og:url\" content=\"https:\/\/3sdesign.eu\/de\/plutoo-bestellen\/\" \/>\n<meta property=\"og:site_name\" content=\"3s design\" \/>\n<meta property=\"article:publisher\" content=\"https:\/\/www.facebook.com\/3sdesigneu\/\" \/>\n<meta property=\"article:modified_time\" content=\"2024-11-14T14:07:47+00:00\" \/>\n<meta name=\"twitter:card\" content=\"summary_large_image\" \/>\n<meta name=\"twitter:label1\" content=\"Gesch\u00e4tzte Lesezeit\" \/>\n\t<meta name=\"twitter:data1\" content=\"7\u00a0Minuten\" \/>\n<script type=\"application\/ld+json\" class=\"yoast-schema-graph\">{\"@context\":\"https:\\\/\\\/schema.org\",\"@graph\":[{\"@type\":\"WebPage\",\"@id\":\"https:\\\/\\\/3sdesign.eu\\\/de\\\/plutoo-bestellen\\\/\",\"url\":\"https:\\\/\\\/3sdesign.eu\\\/de\\\/plutoo-bestellen\\\/\",\"name\":\"Plutoo bestellen &#8226; 3s design\",\"isPartOf\":{\"@id\":\"https:\\\/\\\/3sdesign.eu\\\/de\\\/#website\"},\"datePublished\":\"2019-11-19T15:56:11+00:00\",\"dateModified\":\"2024-11-14T14:07:47+00:00\",\"description\":\"F\u00fcllen Sie dieses Formular aus, um Kleiderst\u00e4nder Plutoo zu bestellen.\",\"breadcrumb\":{\"@id\":\"https:\\\/\\\/3sdesign.eu\\\/de\\\/plutoo-bestellen\\\/#breadcrumb\"},\"inLanguage\":\"de\",\"potentialAction\":[{\"@type\":\"ReadAction\",\"target\":[\"https:\\\/\\\/3sdesign.eu\\\/de\\\/plutoo-bestellen\\\/\"]}]},{\"@type\":\"BreadcrumbList\",\"@id\":\"https:\\\/\\\/3sdesign.eu\\\/de\\\/plutoo-bestellen\\\/#breadcrumb\",\"itemListElement\":[{\"@type\":\"ListItem\",\"position\":1,\"name\":\"Home\",\"item\":\"https:\\\/\\\/3sdesign.eu\\\/de\\\/home\\\/\"},{\"@type\":\"ListItem\",\"position\":2,\"name\":\"Plutoo bestellen\"}]},{\"@type\":\"WebSite\",\"@id\":\"https:\\\/\\\/3sdesign.eu\\\/de\\\/#website\",\"url\":\"https:\\\/\\\/3sdesign.eu\\\/de\\\/\",\"name\":\"3s design\",\"description\":\"3S design\",\"publisher\":{\"@id\":\"https:\\\/\\\/3sdesign.eu\\\/de\\\/#organization\"},\"potentialAction\":[{\"@type\":\"SearchAction\",\"target\":{\"@type\":\"EntryPoint\",\"urlTemplate\":\"https:\\\/\\\/3sdesign.eu\\\/de\\\/?s={search_term_string}\"},\"query-input\":{\"@type\":\"PropertyValueSpecification\",\"valueRequired\":true,\"valueName\":\"search_term_string\"}}],\"inLanguage\":\"de\"},{\"@type\":\"Organization\",\"@id\":\"https:\\\/\\\/3sdesign.eu\\\/de\\\/#organization\",\"name\":\"3S design\",\"url\":\"https:\\\/\\\/3sdesign.eu\\\/de\\\/\",\"logo\":{\"@type\":\"ImageObject\",\"inLanguage\":\"de\",\"@id\":\"https:\\\/\\\/3sdesign.eu\\\/de\\\/#\\\/schema\\\/logo\\\/image\\\/\",\"url\":\"https:\\\/\\\/3sdesign.eu\\\/wp-content\\\/uploads\\\/2019\\\/10\\\/3S-design_logo.png\",\"contentUrl\":\"https:\\\/\\\/3sdesign.eu\\\/wp-content\\\/uploads\\\/2019\\\/10\\\/3S-design_logo.png\",\"width\":800,\"height\":294,\"caption\":\"3S design\"},\"image\":{\"@id\":\"https:\\\/\\\/3sdesign.eu\\\/de\\\/#\\\/schema\\\/logo\\\/image\\\/\"},\"sameAs\":[\"https:\\\/\\\/www.facebook.com\\\/3sdesigneu\\\/\",\"https:\\\/\\\/www.instagram.com\\\/3sdesign_eu\\\/\",\"https:\\\/\\\/www.linkedin.com\\\/company\\\/3sdesign-eu\",\"https:\\\/\\\/www.pinterest.com\\\/3sdesign\\\/\",\"https:\\\/\\\/www.youtube.com\\\/channel\\\/UCM1RnY3dvrkFxUcZaPBaQog\"]}]}<\/script>\n<!-- \/ Yoast SEO plugin. -->","yoast_head_json":{"title":"Plutoo bestellen &#8226; 3s design","description":"F\u00fcllen Sie dieses Formular aus, um Kleiderst\u00e4nder Plutoo zu bestellen.","robots":{"index":"index","follow":"follow","max-snippet":"max-snippet:-1","max-image-preview":"max-image-preview:large","max-video-preview":"max-video-preview:-1"},"canonical":"https:\/\/3sdesign.eu\/de\/plutoo-bestellen\/","og_locale":"de_DE","og_type":"article","og_title":"Plutoo bestellen &#8226; 3s design","og_description":"F\u00fcllen Sie dieses Formular aus, um Kleiderst\u00e4nder Plutoo zu bestellen.","og_url":"https:\/\/3sdesign.eu\/de\/plutoo-bestellen\/","og_site_name":"3s design","article_publisher":"https:\/\/www.facebook.com\/3sdesigneu\/","article_modified_time":"2024-11-14T14:07:47+00:00","twitter_card":"summary_large_image","twitter_misc":{"Gesch\u00e4tzte Lesezeit":"7\u00a0Minuten"},"schema":{"@context":"https:\/\/schema.org","@graph":[{"@type":"WebPage","@id":"https:\/\/3sdesign.eu\/de\/plutoo-bestellen\/","url":"https:\/\/3sdesign.eu\/de\/plutoo-bestellen\/","name":"Plutoo bestellen &#8226; 3s design","isPartOf":{"@id":"https:\/\/3sdesign.eu\/de\/#website"},"datePublished":"2019-11-19T15:56:11+00:00","dateModified":"2024-11-14T14:07:47+00:00","description":"F\u00fcllen Sie dieses Formular aus, um Kleiderst\u00e4nder Plutoo zu bestellen.","breadcrumb":{"@id":"https:\/\/3sdesign.eu\/de\/plutoo-bestellen\/#breadcrumb"},"inLanguage":"de","potentialAction":[{"@type":"ReadAction","target":["https:\/\/3sdesign.eu\/de\/plutoo-bestellen\/"]}]},{"@type":"BreadcrumbList","@id":"https:\/\/3sdesign.eu\/de\/plutoo-bestellen\/#breadcrumb","itemListElement":[{"@type":"ListItem","position":1,"name":"Home","item":"https:\/\/3sdesign.eu\/de\/home\/"},{"@type":"ListItem","position":2,"name":"Plutoo bestellen"}]},{"@type":"WebSite","@id":"https:\/\/3sdesign.eu\/de\/#website","url":"https:\/\/3sdesign.eu\/de\/","name":"3s design","description":"3S design","publisher":{"@id":"https:\/\/3sdesign.eu\/de\/#organization"},"potentialAction":[{"@type":"SearchAction","target":{"@type":"EntryPoint","urlTemplate":"https:\/\/3sdesign.eu\/de\/?s={search_term_string}"},"query-input":{"@type":"PropertyValueSpecification","valueRequired":true,"valueName":"search_term_string"}}],"inLanguage":"de"},{"@type":"Organization","@id":"https:\/\/3sdesign.eu\/de\/#organization","name":"3S design","url":"https:\/\/3sdesign.eu\/de\/","logo":{"@type":"ImageObject","inLanguage":"de","@id":"https:\/\/3sdesign.eu\/de\/#\/schema\/logo\/image\/","url":"https:\/\/3sdesign.eu\/wp-content\/uploads\/2019\/10\/3S-design_logo.png","contentUrl":"https:\/\/3sdesign.eu\/wp-content\/uploads\/2019\/10\/3S-design_logo.png","width":800,"height":294,"caption":"3S design"},"image":{"@id":"https:\/\/3sdesign.eu\/de\/#\/schema\/logo\/image\/"},"sameAs":["https:\/\/www.facebook.com\/3sdesigneu\/","https:\/\/www.instagram.com\/3sdesign_eu\/","https:\/\/www.linkedin.com\/company\/3sdesign-eu","https:\/\/www.pinterest.com\/3sdesign\/","https:\/\/www.youtube.com\/channel\/UCM1RnY3dvrkFxUcZaPBaQog"]}]}},"_links":{"self":[{"href":"https:\/\/3sdesign.eu\/de\/wp-json\/wp\/v2\/pages\/6853","targetHints":{"allow":["GET"]}}],"collection":[{"href":"https:\/\/3sdesign.eu\/de\/wp-json\/wp\/v2\/pages"}],"about":[{"href":"https:\/\/3sdesign.eu\/de\/wp-json\/wp\/v2\/types\/page"}],"author":[{"embeddable":true,"href":"https:\/\/3sdesign.eu\/de\/wp-json\/wp\/v2\/users\/1"}],"replies":[{"embeddable":true,"href":"https:\/\/3sdesign.eu\/de\/wp-json\/wp\/v2\/comments?post=6853"}],"version-history":[{"count":1,"href":"https:\/\/3sdesign.eu\/de\/wp-json\/wp\/v2\/pages\/6853\/revisions"}],"predecessor-version":[{"id":6854,"href":"https:\/\/3sdesign.eu\/de\/wp-json\/wp\/v2\/pages\/6853\/revisions\/6854"}],"wp:attachment":[{"href":"https:\/\/3sdesign.eu\/de\/wp-json\/wp\/v2\/media?parent=6853"}],"curies":[{"name":"wp","href":"https:\/\/api.w.org\/{rel}","templated":true}]}}