{"id":6066,"date":"2019-10-14T20:19:56","date_gmt":"2019-10-14T20:19:56","guid":{"rendered":"https:\/\/3sdesign.eu\/produkte\/plutoo\/"},"modified":"2024-11-11T21:52:12","modified_gmt":"2024-11-11T21:52:12","slug":"plutoo","status":"publish","type":"page","link":"https:\/\/3sdesign.eu\/de\/produkte\/plutoo\/","title":{"rendered":"Plutoo"},"content":{"rendered":"<p>[et_pb_section fb_built=&#8220;1&#8243; fullwidth=&#8220;on&#8220; _builder_version=&#8220;4.16&#8243; global_colors_info=&#8220;{}&#8220;][et_pb_fullwidth_image src=&#8220;https:\/\/3sdesign.eu\/wp-content\/uploads\/2019\/10\/Clothes-stand-Plutoo_MDF_oak_beech.jpg&#8220; _builder_version=&#8220;4.16&#8243; global_colors_info=&#8220;{}&#8220;][\/et_pb_fullwidth_image][\/et_pb_section][et_pb_section fb_built=&#8220;1&#8243; _builder_version=&#8220;4.16&#8243; custom_padding=&#8220;||13px|||&#8220; global_colors_info=&#8220;{}&#8220;][et_pb_row column_structure=&#8220;1_4,1_4,1_4,1_4&#8243; _builder_version=&#8220;4.21.0&#8243; custom_margin=&#8220;1px|auto||auto||&#8220; global_colors_info=&#8220;{}&#8220;][et_pb_column type=&#8220;1_4&#8243; _builder_version=&#8220;4.16&#8243; global_colors_info=&#8220;{}&#8220;][et_pb_text _builder_version=&#8220;4.21.0&#8243; header_font=&#8220;Noto Sans|300|||||||&#8220; header_font_size=&#8220;40px&#8220; header_2_font=&#8220;|300|||||||&#8220; header_2_line_height=&#8220;1.3em&#8220; header_3_font=&#8220;|300|||||||&#8220; global_colors_info=&#8220;{}&#8220;]<\/p>\n<h1><em>Plutoo<\/em><\/h1>\n<p>&nbsp;<\/p>\n<h2><em>Der Kleiderst\u00e4nder Plutoo ist eine moderne Variante eines sehr traditionellen M\u00f6belst\u00fccks<\/em> \u2013 <em>des Stummes Dieners.<\/em><\/h2>\n<p>[\/et_pb_text][\/et_pb_column][et_pb_column type=&#8220;1_4&#8243; _builder_version=&#8220;4.16&#8243; global_colors_info=&#8220;{}&#8220;][et_pb_text _builder_version=&#8220;4.21.0&#8243; text_font=&#8220;|300|||||||&#8220; global_colors_info=&#8220;{}&#8220;]<\/p>\n<p><span><strong>Wir stellen Ihnen den Inbegriff von Eleganz und Organisation vor: Plutoo Kleiderst\u00e4nder. <\/strong> <\/span><span><strong><\/strong><\/span><\/p>\n<p><span>Dieser Kleiderst\u00e4nder wurde mit Pr\u00e4zision aus hochwertigem Holz gefertigt und ist ebenso robust wie sch\u00f6n. Sein schlankes Design f\u00fcgt sich m\u00fchelos in jede Inneneinrichtung ein und passt sowohl zu modernen als auch zu traditionellen Einrichtungen.   <\/span><\/p>\n<p><span><\/span><a href=\"https:\/\/3sdesign.eu\/products\/\">JETZT EINKAUFEN<\/a><\/p>\n<p>[\/et_pb_text][\/et_pb_column][et_pb_column type=&#8220;1_4&#8243; _builder_version=&#8220;4.16&#8243; global_colors_info=&#8220;{}&#8220;][et_pb_text _builder_version=&#8220;4.21.0&#8243; text_font=&#8220;|300|||||||&#8220; global_colors_info=&#8220;{}&#8220;]<\/p>\n<p><span>Mit seinem vielseitigen Design bietet unser Kleiderst\u00e4nder reichlich Platz zum Aufh\u00e4ngen Ihrer gesamten Alltagsgarderobe. Von eleganten Kleidern \u00fcber Ma\u00dfanz\u00fcge bis hin zu legeren Ensembles &#8211; dieses exquisite M\u00f6belst\u00fcck wertet nicht nur Ihre Inneneinrichtung auf, sondern sorgt auch daf\u00fcr, dass Ihre Kleidung knitterfrei und leicht zug\u00e4nglich bleibt.   <\/span><\/p>\n<p>[\/et_pb_text][\/et_pb_column][et_pb_column type=&#8220;1_4&#8243; _builder_version=&#8220;4.21.0&#8243; _module_preset=&#8220;default&#8220; global_colors_info=&#8220;{}&#8220;][et_pb_text _builder_version=&#8220;4.21.0&#8243; text_font=&#8220;|300|||||||&#8220; global_colors_info=&#8220;{}&#8220;]<\/p>\n<p><span>Entdecken Sie die perfekte Kombination aus Funktionalit\u00e4t und Stil mit unserem Plutoo Kleiderst\u00e4nder. Platzsparende L\u00f6sungen sind in den kompakten Wohnumgebungen von heute unverzichtbar, und unser Kleiderst\u00e4nder bietet genau das. Mit seiner kompakten Grundfl\u00e4che maximiert dieser St\u00e4nder den verf\u00fcgbaren Platz, ohne die Funktionalit\u00e4t zu beeintr\u00e4chtigen.    <br \/><\/span><\/p>\n<p>[\/et_pb_text][\/et_pb_column][\/et_pb_row][et_pb_row _builder_version=&#8220;4.20.4&#8243; _module_preset=&#8220;default&#8220; locked=&#8220;off&#8220; global_colors_info=&#8220;{}&#8220;][et_pb_column type=&#8220;4_4&#8243; _builder_version=&#8220;4.20.4&#8243; _module_preset=&#8220;default&#8220; global_colors_info=&#8220;{}&#8220;][et_pb_cta title=&#8220;Bestellen Sie einen Kleiderst\u00e4nder&#8220; button_url=&#8220;https:\/\/3sdesign.eu\/order-clothes-stand\/&#8220; url_new_window=&#8220;on&#8220; button_text=&#8220;Plutoo bestellen&#8220; _builder_version=&#8220;4.21.0&#8243; _module_preset=&#8220;default&#8220; header_font=&#8220;|300|||||||&#8220; body_font=&#8220;|300|||||||&#8220; background_color=&#8220;#6a7970&#8243; custom_button=&#8220;on&#8220; button_text_size=&#8220;24px&#8220; button_font=&#8220;|300|||||||&#8220; link_option_url=&#8220;https:\/\/3sdesign.eu\/order-clothes-stand\/&#8220; link_option_url_new_window=&#8220;on&#8220; global_colors_info=&#8220;{}&#8220;]<\/p>\n<p>&nbsp;<\/p>\n<p>Senden Sie uns eine Nachricht \u00fcber den unten stehenden Link oder eine E-Mail an <a href=\"mailto:studio@3sdesign.eu\">studio@3sdesign.eu<\/a> und wir senden Ihnen ein Angebot \/ eine Proformarechnung f\u00fcr den Kleiderst\u00e4nder Ihrer Wahl.<\/p>\n<p>Wir bieten Bank\u00fcberweisung oder Paypal als Zahlungsm\u00f6glichkeiten an.<\/p>\n<p>Weitere Fragen beantworten wir Ihnen gerne, wenn Sie uns kontaktieren!<\/p>\n<p>[\/et_pb_cta][et_pb_cta title=&#8220;Sehen Sie alle unsere Produkte!&#8220; button_url=&#8220;https:\/\/3sdesign.eu\/shop\/&#8220; button_text=&#8220;Online-Katalog (SHOP)&#8220; _builder_version=&#8220;4.21.0&#8243; _module_preset=&#8220;default&#8220; header_font=&#8220;|300|||||||&#8220; body_font=&#8220;|300|||||||&#8220; background_color=&#8220;rgba(0,0,0,0.33)&#8220; custom_button=&#8220;on&#8220; button_font=&#8220;|300|||||||&#8220; link_option_url=&#8220;https:\/\/3sdesign.eu\/shop\/&#8220; global_colors_info=&#8220;{}&#8220;]<\/p>\n<p>In unserem SHOP (Online-Katalog) finden Sie alle Kleiderst\u00e4nder-Optionen und deren Preise!<\/p>\n<p>Wir bieten Anpassungen bei der Farbe des \u00d6ls und der Farbe der Aufh\u00e4ngestangen.<\/p>\n<p>[\/et_pb_cta][\/et_pb_column][\/et_pb_row][et_pb_row _builder_version=&#8220;4.20.4&#8243; _module_preset=&#8220;default&#8220; locked=&#8220;off&#8220; global_colors_info=&#8220;{}&#8220;][et_pb_column type=&#8220;4_4&#8243; _builder_version=&#8220;4.20.4&#8243; _module_preset=&#8220;default&#8220; global_colors_info=&#8220;{}&#8220;][\/et_pb_column][\/et_pb_row][\/et_pb_section][et_pb_section fb_built=&#8220;1&#8243; _builder_version=&#8220;4.21.0&#8243; _module_preset=&#8220;default&#8220; custom_padding=&#8220;29px|||||&#8220; global_colors_info=&#8220;{}&#8220;][et_pb_row column_structure=&#8220;1_2,1_2&#8243; _builder_version=&#8220;4.21.0&#8243; _module_preset=&#8220;default&#8220; global_colors_info=&#8220;{}&#8220;][et_pb_column type=&#8220;1_2&#8243; _builder_version=&#8220;4.21.0&#8243; _module_preset=&#8220;default&#8220; global_colors_info=&#8220;{}&#8220;][et_pb_image src=&#8220;https:\/\/3sdesign.eu\/wp-content\/uploads\/2019\/10\/Clothes-stand-Plutoo_MDF_black-edition.jpg&#8220; _builder_version=&#8220;4.16&#8243; global_colors_info=&#8220;{}&#8220;][\/et_pb_image][et_pb_image src=&#8220;https:\/\/3sdesign.eu\/wp-content\/uploads\/2023\/07\/Clothes-stand-walnut-03.jpg&#8220; alt=&#8220;Kleiderb\u00fcgel-Walnuss&#8220; title_text=&#8220;Kleiderst\u00e4nder-Walnuss-03&#8243; _builder_version=&#8220;4.21.0&#8243; _module_preset=&#8220;default&#8220; global_colors_info=&#8220;{}&#8220;][\/et_pb_image][et_pb_image src=&#8220;https:\/\/3sdesign.eu\/wp-content\/uploads\/2019\/10\/Clothes-stand-Plutoo_detail_OAK_oiled-white-01.jpg&#8220; _builder_version=&#8220;4.16&#8243; global_colors_info=&#8220;{}&#8220;][\/et_pb_image][et_pb_image src=&#8220;https:\/\/3sdesign.eu\/wp-content\/uploads\/2023\/07\/Clothes-rack-ash-wood-03.jpg&#8220; alt=&#8220;Kleiderst\u00e4nder als Holz&#8220; title_text=&#8220;Kleiderst\u00e4nder-Esche-Holz-03&#8243; _builder_version=&#8220;4.21.0&#8243; _module_preset=&#8220;default&#8220; global_colors_info=&#8220;{}&#8220;][\/et_pb_image][\/et_pb_column][et_pb_column type=&#8220;1_2&#8243; _builder_version=&#8220;4.21.0&#8243; _module_preset=&#8220;default&#8220; global_colors_info=&#8220;{}&#8220;][et_pb_image src=&#8220;https:\/\/3sdesign.eu\/wp-content\/uploads\/2019\/10\/Plutoo-clothes-stand-OAK.jpg&#8220; _builder_version=&#8220;4.16&#8243; custom_padding=&#8220;|0px||||&#8220; global_colors_info=&#8220;{}&#8220;][\/et_pb_image][et_pb_image src=&#8220;https:\/\/3sdesign.eu\/wp-content\/uploads\/2023\/07\/Clothes-stand-walnut-05-1.jpg&#8220; alt=&#8220;Kleiderst\u00e4nder aus Walnussholz&#8220; title_text=&#8220;Kleiderst\u00e4nder-Walnuss-05&#8243; _builder_version=&#8220;4.21.0&#8243; _module_preset=&#8220;default&#8220; global_colors_info=&#8220;{}&#8220;][\/et_pb_image][et_pb_image src=&#8220;https:\/\/3sdesign.eu\/wp-content\/uploads\/2019\/10\/Clothes-stand-Plutoo_black.jpg&#8220; _builder_version=&#8220;4.16&#8243; custom_padding=&#8220;||26px|0px||&#8220; global_colors_info=&#8220;{}&#8220;][\/et_pb_image][et_pb_image src=&#8220;https:\/\/3sdesign.eu\/wp-content\/uploads\/2023\/07\/Clothes-rack-ash-wood-01.jpg&#8220; title_text=&#8220;Kleidung-rack-ash-wood-01&#8243; _builder_version=&#8220;4.21.0&#8243; _module_preset=&#8220;default&#8220; global_colors_info=&#8220;{}&#8220;][\/et_pb_image][\/et_pb_column][\/et_pb_row][\/et_pb_section][et_pb_section fb_built=&#8220;1&#8243; _builder_version=&#8220;4.16&#8243; background_color=&#8220;rgba(0,0,0,0.08)&#8220; global_colors_info=&#8220;{}&#8220;][et_pb_row column_structure=&#8220;1_3,1_3,1_3&#8243; _builder_version=&#8220;4.16&#8243; global_colors_info=&#8220;{}&#8220;][et_pb_column type=&#8220;1_3&#8243; _builder_version=&#8220;4.16&#8243; global_colors_info=&#8220;{}&#8220;][et_pb_text _builder_version=&#8220;4.26.1&#8243; hover_enabled=&#8220;0&#8243; global_colors_info=&#8220;{}&#8220; sticky_enabled=&#8220;0&#8243;]<\/p>\n<p style=\"text-align: center;\">KONTAKT<\/p>\n<p style=\"text-align: center;\">3S design d.o.o.<\/p>\n<p style=\"text-align: center;\">Slowenien<\/p>\n<p style=\"text-align: center;\"><strong>studio@3sdesign.eu<\/strong><\/p>\n<p style=\"text-align: center;\"><strong>070 322 122<br \/><\/strong><\/p>\n<p>[\/et_pb_text][et_pb_button button_url=&#8220;https:\/\/3sdesign.eu\/de\/kontakt-formular\/&#8220; url_new_window=&#8220;on&#8220; button_text=&#8220;Anfrage senden&#8220; button_alignment=&#8220;center&#8220; _builder_version=&#8220;4.16&#8243; _module_preset=&#8220;default&#8220; custom_button=&#8220;on&#8220; button_text_color=&#8220;#636363&#8243; button_bg_color=&#8220;#c9c9c9&#8243; locked=&#8220;off&#8220; global_colors_info=&#8220;{}&#8220;][\/et_pb_button][\/et_pb_column][et_pb_column type=&#8220;1_3&#8243; _builder_version=&#8220;4.16&#8243; global_colors_info=&#8220;{}&#8220;][et_pb_text _builder_version=&#8220;4.16&#8243; global_colors_info=&#8220;{}&#8220;]<\/p>\n<p style=\"text-align: center;\">INFORMATION<\/p>\n<p style=\"text-align: center;\">\n<p style=\"text-align: center;\">Gesch\u00e4ftsbedingungen<\/p>\n<p style=\"text-align: center;\">Lieferung und R\u00fccksendungen<\/p>\n<p style=\"text-align: center;\">Private Politik<\/p>\n<p>[\/et_pb_text][\/et_pb_column][et_pb_column type=&#8220;1_3&#8243; _builder_version=&#8220;4.16&#8243; global_colors_info=&#8220;{}&#8220;][et_pb_text _builder_version=&#8220;4.16&#8243; global_colors_info=&#8220;{}&#8220;]<\/p>\n<p style=\"text-align: center;\">BITTE FOLGEN<\/p>\n<p style=\"text-align: center;\">[\/et_pb_text][et_pb_social_media_follow _builder_version=&#8220;4.16&#8243; background_color=&#8220;rgba(0,0,0,0)&#8220; text_orientation=&#8220;center&#8220; global_colors_info=&#8220;{}&#8220;][et_pb_social_media_follow_network social_network=&#8220;facebook&#8220; url=&#8220;https:\/\/www.facebook.com\/3sdesigneu\/&#8220; _builder_version=&#8220;4.16&#8243; background_color=&#8220;rgba(0,0,0,0.6)&#8220; background_enable_color=&#8220;on&#8220; global_colors_info=&#8220;{}&#8220; follow_button=&#8220;off&#8220; url_new_window=&#8220;on&#8220;]facebook[\/et_pb_social_media_follow_network][et_pb_social_media_follow_network social_network=&#8220;instagram&#8220; url=&#8220;https:\/\/www.instagram.com\/3sdesign_eu\/&#8220; _builder_version=&#8220;4.16&#8243; background_color=&#8220;rgba(0,0,0,0.6)&#8220; background_enable_color=&#8220;on&#8220; global_colors_info=&#8220;{}&#8220; follow_button=&#8220;off&#8220; url_new_window=&#8220;on&#8220;]instagram[\/et_pb_social_media_follow_network][et_pb_social_media_follow_network social_network=&#8220;pinterest&#8220; url=&#8220;https:\/\/www.pinterest.com\/3sdesign\/&#8220; _builder_version=&#8220;4.16&#8243; background_color=&#8220;rgba(0,0,0,0.6)&#8220; background_enable_color=&#8220;on&#8220; global_colors_info=&#8220;{}&#8220; follow_button=&#8220;off&#8220; url_new_window=&#8220;on&#8220;]pinterest[\/et_pb_social_media_follow_network][et_pb_social_media_follow_network social_network=&#8220;linkedin&#8220; url=&#8220;https:\/\/www.linkedin.com\/company\/9272777\/admin\/&#8220; _builder_version=&#8220;4.16&#8243; background_color=&#8220;rgba(0,0,0,0.6)&#8220; background_enable_color=&#8220;on&#8220; global_colors_info=&#8220;{}&#8220; follow_button=&#8220;off&#8220; url_new_window=&#8220;on&#8220;]linkedin[\/et_pb_social_media_follow_network][\/et_pb_social_media_follow][\/et_pb_column][\/et_pb_row][\/et_pb_section]<\/p>\n","protected":false},"excerpt":{"rendered":"<p>Plutoo &nbsp; Der Kleiderst\u00e4nder Plutoo ist eine moderne Variante eines sehr traditionellen M\u00f6belst\u00fccks \u2013 des Stummes Dieners.Wir stellen Ihnen den Inbegriff von Eleganz und Organisation vor: Plutoo Kleiderst\u00e4nder. Dieser Kleiderst\u00e4nder wurde mit Pr\u00e4zision aus hochwertigem Holz gefertigt und ist ebenso robust wie sch\u00f6n. Sein schlankes Design f\u00fcgt sich m\u00fchelos in jede Inneneinrichtung ein und passt [&hellip;]<\/p>\n","protected":false},"author":1,"featured_media":0,"parent":5816,"menu_order":2,"comment_status":"closed","ping_status":"closed","template":"","meta":{"_et_pb_use_builder":"on","_et_pb_old_content":"","_et_gb_content_width":"","_monsterinsights_skip_tracking":false,"_monsterinsights_sitenote_active":false,"_monsterinsights_sitenote_note":"","_monsterinsights_sitenote_category":0,"footnotes":""},"class_list":["post-6066","page","type-page","status-publish","hentry"],"yoast_head":"<!-- This site is optimized with the Yoast SEO plugin v27.5 - https:\/\/yoast.com\/product\/yoast-seo-wordpress\/ -->\n<title>Plutoo &#8226; 3s design<\/title>\n<meta name=\"description\" content=\"Plutoo ist ein Kleiderst\u00e4nder, der ein klassisches M\u00f6belst\u00fcck - einen Stummer Diener - neu gestaltet. Wenn Sie eine ordentliche M\u00f6glichkeit zum Ausl\u00fcften und Aufh\u00e4ngen von Kleidung brauchen.\" \/>\n<meta name=\"robots\" content=\"index, follow, max-snippet:-1, max-image-preview:large, max-video-preview:-1\" \/>\n<link rel=\"canonical\" href=\"https:\/\/3sdesign.eu\/de\/produkte\/plutoo\/\" \/>\n<meta property=\"og:locale\" content=\"de_DE\" \/>\n<meta property=\"og:type\" content=\"article\" \/>\n<meta property=\"og:title\" content=\"Plutoo &#8226; 3s design\" \/>\n<meta property=\"og:description\" content=\"Plutoo ist ein Kleiderst\u00e4nder, der ein klassisches M\u00f6belst\u00fcck - einen Stummer Diener - neu gestaltet. Wenn Sie eine ordentliche M\u00f6glichkeit zum Ausl\u00fcften und Aufh\u00e4ngen von Kleidung brauchen.\" \/>\n<meta property=\"og:url\" content=\"https:\/\/3sdesign.eu\/de\/produkte\/plutoo\/\" \/>\n<meta property=\"og:site_name\" content=\"3s design\" \/>\n<meta property=\"article:publisher\" content=\"https:\/\/www.facebook.com\/3sdesigneu\/\" \/>\n<meta property=\"article:modified_time\" content=\"2024-11-11T21:52:12+00:00\" \/>\n<meta name=\"twitter:card\" content=\"summary_large_image\" \/>\n<meta name=\"twitter:label1\" content=\"Gesch\u00e4tzte Lesezeit\" \/>\n\t<meta name=\"twitter:data1\" content=\"6\u00a0Minuten\" \/>\n<script type=\"application\/ld+json\" class=\"yoast-schema-graph\">{\"@context\":\"https:\\\/\\\/schema.org\",\"@graph\":[{\"@type\":\"WebPage\",\"@id\":\"https:\\\/\\\/3sdesign.eu\\\/de\\\/produkte\\\/plutoo\\\/\",\"url\":\"https:\\\/\\\/3sdesign.eu\\\/de\\\/produkte\\\/plutoo\\\/\",\"name\":\"Plutoo &#8226; 3s design\",\"isPartOf\":{\"@id\":\"https:\\\/\\\/3sdesign.eu\\\/de\\\/#website\"},\"datePublished\":\"2019-10-14T20:19:56+00:00\",\"dateModified\":\"2024-11-11T21:52:12+00:00\",\"description\":\"Plutoo ist ein Kleiderst\u00e4nder, der ein klassisches M\u00f6belst\u00fcck - einen Stummer Diener - neu gestaltet. Wenn Sie eine ordentliche M\u00f6glichkeit zum Ausl\u00fcften und Aufh\u00e4ngen von Kleidung brauchen.\",\"breadcrumb\":{\"@id\":\"https:\\\/\\\/3sdesign.eu\\\/de\\\/produkte\\\/plutoo\\\/#breadcrumb\"},\"inLanguage\":\"de\",\"potentialAction\":[{\"@type\":\"ReadAction\",\"target\":[\"https:\\\/\\\/3sdesign.eu\\\/de\\\/produkte\\\/plutoo\\\/\"]}]},{\"@type\":\"BreadcrumbList\",\"@id\":\"https:\\\/\\\/3sdesign.eu\\\/de\\\/produkte\\\/plutoo\\\/#breadcrumb\",\"itemListElement\":[{\"@type\":\"ListItem\",\"position\":1,\"name\":\"Home\",\"item\":\"https:\\\/\\\/3sdesign.eu\\\/de\\\/home\\\/\"},{\"@type\":\"ListItem\",\"position\":2,\"name\":\"Produkte\",\"item\":\"https:\\\/\\\/3sdesign.eu\\\/de\\\/produkte\\\/\"},{\"@type\":\"ListItem\",\"position\":3,\"name\":\"Plutoo\"}]},{\"@type\":\"WebSite\",\"@id\":\"https:\\\/\\\/3sdesign.eu\\\/de\\\/#website\",\"url\":\"https:\\\/\\\/3sdesign.eu\\\/de\\\/\",\"name\":\"3s design\",\"description\":\"3S design\",\"publisher\":{\"@id\":\"https:\\\/\\\/3sdesign.eu\\\/de\\\/#organization\"},\"potentialAction\":[{\"@type\":\"SearchAction\",\"target\":{\"@type\":\"EntryPoint\",\"urlTemplate\":\"https:\\\/\\\/3sdesign.eu\\\/de\\\/?s={search_term_string}\"},\"query-input\":{\"@type\":\"PropertyValueSpecification\",\"valueRequired\":true,\"valueName\":\"search_term_string\"}}],\"inLanguage\":\"de\"},{\"@type\":\"Organization\",\"@id\":\"https:\\\/\\\/3sdesign.eu\\\/de\\\/#organization\",\"name\":\"3S design\",\"url\":\"https:\\\/\\\/3sdesign.eu\\\/de\\\/\",\"logo\":{\"@type\":\"ImageObject\",\"inLanguage\":\"de\",\"@id\":\"https:\\\/\\\/3sdesign.eu\\\/de\\\/#\\\/schema\\\/logo\\\/image\\\/\",\"url\":\"https:\\\/\\\/3sdesign.eu\\\/wp-content\\\/uploads\\\/2019\\\/10\\\/3S-design_logo.png\",\"contentUrl\":\"https:\\\/\\\/3sdesign.eu\\\/wp-content\\\/uploads\\\/2019\\\/10\\\/3S-design_logo.png\",\"width\":800,\"height\":294,\"caption\":\"3S design\"},\"image\":{\"@id\":\"https:\\\/\\\/3sdesign.eu\\\/de\\\/#\\\/schema\\\/logo\\\/image\\\/\"},\"sameAs\":[\"https:\\\/\\\/www.facebook.com\\\/3sdesigneu\\\/\",\"https:\\\/\\\/www.instagram.com\\\/3sdesign_eu\\\/\",\"https:\\\/\\\/www.linkedin.com\\\/company\\\/3sdesign-eu\",\"https:\\\/\\\/www.pinterest.com\\\/3sdesign\\\/\",\"https:\\\/\\\/www.youtube.com\\\/channel\\\/UCM1RnY3dvrkFxUcZaPBaQog\"]}]}<\/script>\n<!-- \/ Yoast SEO plugin. -->","yoast_head_json":{"title":"Plutoo &#8226; 3s design","description":"Plutoo ist ein Kleiderst\u00e4nder, der ein klassisches M\u00f6belst\u00fcck - einen Stummer Diener - neu gestaltet. Wenn Sie eine ordentliche M\u00f6glichkeit zum Ausl\u00fcften und Aufh\u00e4ngen von Kleidung brauchen.","robots":{"index":"index","follow":"follow","max-snippet":"max-snippet:-1","max-image-preview":"max-image-preview:large","max-video-preview":"max-video-preview:-1"},"canonical":"https:\/\/3sdesign.eu\/de\/produkte\/plutoo\/","og_locale":"de_DE","og_type":"article","og_title":"Plutoo &#8226; 3s design","og_description":"Plutoo ist ein Kleiderst\u00e4nder, der ein klassisches M\u00f6belst\u00fcck - einen Stummer Diener - neu gestaltet. Wenn Sie eine ordentliche M\u00f6glichkeit zum Ausl\u00fcften und Aufh\u00e4ngen von Kleidung brauchen.","og_url":"https:\/\/3sdesign.eu\/de\/produkte\/plutoo\/","og_site_name":"3s design","article_publisher":"https:\/\/www.facebook.com\/3sdesigneu\/","article_modified_time":"2024-11-11T21:52:12+00:00","twitter_card":"summary_large_image","twitter_misc":{"Gesch\u00e4tzte Lesezeit":"6\u00a0Minuten"},"schema":{"@context":"https:\/\/schema.org","@graph":[{"@type":"WebPage","@id":"https:\/\/3sdesign.eu\/de\/produkte\/plutoo\/","url":"https:\/\/3sdesign.eu\/de\/produkte\/plutoo\/","name":"Plutoo &#8226; 3s design","isPartOf":{"@id":"https:\/\/3sdesign.eu\/de\/#website"},"datePublished":"2019-10-14T20:19:56+00:00","dateModified":"2024-11-11T21:52:12+00:00","description":"Plutoo ist ein Kleiderst\u00e4nder, der ein klassisches M\u00f6belst\u00fcck - einen Stummer Diener - neu gestaltet. Wenn Sie eine ordentliche M\u00f6glichkeit zum Ausl\u00fcften und Aufh\u00e4ngen von Kleidung brauchen.","breadcrumb":{"@id":"https:\/\/3sdesign.eu\/de\/produkte\/plutoo\/#breadcrumb"},"inLanguage":"de","potentialAction":[{"@type":"ReadAction","target":["https:\/\/3sdesign.eu\/de\/produkte\/plutoo\/"]}]},{"@type":"BreadcrumbList","@id":"https:\/\/3sdesign.eu\/de\/produkte\/plutoo\/#breadcrumb","itemListElement":[{"@type":"ListItem","position":1,"name":"Home","item":"https:\/\/3sdesign.eu\/de\/home\/"},{"@type":"ListItem","position":2,"name":"Produkte","item":"https:\/\/3sdesign.eu\/de\/produkte\/"},{"@type":"ListItem","position":3,"name":"Plutoo"}]},{"@type":"WebSite","@id":"https:\/\/3sdesign.eu\/de\/#website","url":"https:\/\/3sdesign.eu\/de\/","name":"3s design","description":"3S design","publisher":{"@id":"https:\/\/3sdesign.eu\/de\/#organization"},"potentialAction":[{"@type":"SearchAction","target":{"@type":"EntryPoint","urlTemplate":"https:\/\/3sdesign.eu\/de\/?s={search_term_string}"},"query-input":{"@type":"PropertyValueSpecification","valueRequired":true,"valueName":"search_term_string"}}],"inLanguage":"de"},{"@type":"Organization","@id":"https:\/\/3sdesign.eu\/de\/#organization","name":"3S design","url":"https:\/\/3sdesign.eu\/de\/","logo":{"@type":"ImageObject","inLanguage":"de","@id":"https:\/\/3sdesign.eu\/de\/#\/schema\/logo\/image\/","url":"https:\/\/3sdesign.eu\/wp-content\/uploads\/2019\/10\/3S-design_logo.png","contentUrl":"https:\/\/3sdesign.eu\/wp-content\/uploads\/2019\/10\/3S-design_logo.png","width":800,"height":294,"caption":"3S design"},"image":{"@id":"https:\/\/3sdesign.eu\/de\/#\/schema\/logo\/image\/"},"sameAs":["https:\/\/www.facebook.com\/3sdesigneu\/","https:\/\/www.instagram.com\/3sdesign_eu\/","https:\/\/www.linkedin.com\/company\/3sdesign-eu","https:\/\/www.pinterest.com\/3sdesign\/","https:\/\/www.youtube.com\/channel\/UCM1RnY3dvrkFxUcZaPBaQog"]}]}},"_links":{"self":[{"href":"https:\/\/3sdesign.eu\/de\/wp-json\/wp\/v2\/pages\/6066","targetHints":{"allow":["GET"]}}],"collection":[{"href":"https:\/\/3sdesign.eu\/de\/wp-json\/wp\/v2\/pages"}],"about":[{"href":"https:\/\/3sdesign.eu\/de\/wp-json\/wp\/v2\/types\/page"}],"author":[{"embeddable":true,"href":"https:\/\/3sdesign.eu\/de\/wp-json\/wp\/v2\/users\/1"}],"replies":[{"embeddable":true,"href":"https:\/\/3sdesign.eu\/de\/wp-json\/wp\/v2\/comments?post=6066"}],"version-history":[{"count":2,"href":"https:\/\/3sdesign.eu\/de\/wp-json\/wp\/v2\/pages\/6066\/revisions"}],"predecessor-version":[{"id":6068,"href":"https:\/\/3sdesign.eu\/de\/wp-json\/wp\/v2\/pages\/6066\/revisions\/6068"}],"up":[{"embeddable":true,"href":"https:\/\/3sdesign.eu\/de\/wp-json\/wp\/v2\/pages\/5816"}],"wp:attachment":[{"href":"https:\/\/3sdesign.eu\/de\/wp-json\/wp\/v2\/media?parent=6066"}],"curies":[{"name":"wp","href":"https:\/\/api.w.org\/{rel}","templated":true}]}}