{"id":5816,"date":"2019-10-18T19:20:38","date_gmt":"2019-10-18T19:20:38","guid":{"rendered":"https:\/\/3sdesign.eu\/produkte\/"},"modified":"2024-10-11T08:55:59","modified_gmt":"2024-10-11T08:55:59","slug":"produkte","status":"publish","type":"page","link":"https:\/\/3sdesign.eu\/de\/produkte\/","title":{"rendered":"Produkte"},"content":{"rendered":"<p>[et_pb_section fb_built=&#8220;1&#8243; _builder_version=&#8220;4.20.4&#8243; background_color=&#8220;RGBA(255,255,255,0)&#8220; locked=&#8220;off&#8220; global_colors_info=&#8220;{}&#8220;][et_pb_row _builder_version=&#8220;4.20.4&#8243; _module_preset=&#8220;default&#8220; custom_padding=&#8220;0px|||||&#8220; global_colors_info=&#8220;{}&#8220;][et_pb_column type=&#8220;4_4&#8243; _builder_version=&#8220;4.20.4&#8243; _module_preset=&#8220;default&#8220; global_colors_info=&#8220;{}&#8220;][et_pb_text _builder_version=&#8220;4.20.4&#8243; text_font=&#8220;Noto Sans||||||||&#8220; text_line_height=&#8220;1.9em&#8220; header_font=&#8220;|300|on||||||&#8220; header_text_color=&#8220;rgba(0,0,0,0.72)&#8220; header_font_size=&#8220;70px&#8220; header_2_font=&#8220;|300|on||||||&#8220; header_2_line_height=&#8220;1.1em&#8220; min_height=&#8220;102px&#8220; custom_margin=&#8220;1px||-56px|||&#8220; custom_padding=&#8220;50px||0px|||&#8220; global_colors_info=&#8220;{}&#8220;]<\/p>\n<h1 class=\"display-2\" style=\"text-align: center;\">Kollektionen<\/h1>\n<p style=\"text-align: center;\"><span><\/span><\/p>\n<p style=\"text-align: center;\"><span><\/span><\/p>\n<p>[\/et_pb_text][\/et_pb_column][\/et_pb_row][et_pb_row column_structure=&#8220;1_2,1_2&#8243; _builder_version=&#8220;4.20.4&#8243; _module_preset=&#8220;default&#8220; custom_margin=&#8220;20px|auto||auto|false|false&#8220; custom_padding=&#8220;14px||0px|||&#8220; global_colors_info=&#8220;{}&#8220;][et_pb_column type=&#8220;1_2&#8243; _builder_version=&#8220;4.20.4&#8243; _module_preset=&#8220;default&#8220; global_colors_info=&#8220;{}&#8220;][et_pb_text _builder_version=&#8220;4.20.4&#8243; text_font=&#8220;Noto Sans||||||||&#8220; header_font=&#8220;|300|||||||&#8220; header_text_color=&#8220;rgba(0,0,0,0.6)&#8220; header_font_size=&#8220;55px&#8220; header_2_font_size=&#8220;15px&#8220; header_3_font_size=&#8220;15px&#8220; custom_padding=&#8220;||0px|||&#8220; link_option_url=&#8220;https:\/\/3sdesign.eu\/3sproducts\/3s-magnet\/&#8220; global_colors_info=&#8220;{}&#8220;]<\/p>\n<h1 style=\"text-align: center;\"><span style=\"color: #000000;\">3S magnet<\/span><\/h1>\n<p>[\/et_pb_text][et_pb_video src=&#8220;https:\/\/youtu.be\/1nVcywbdXtU?si=Sg0DRtTN8jDjv6PA&#8220; _builder_version=&#8220;4.26.1&#8243; _module_preset=&#8220;default&#8220; hover_enabled=&#8220;0&#8243; sticky_enabled=&#8220;0&#8243;][\/et_pb_video][\/et_pb_column][et_pb_column type=&#8220;1_2&#8243; _builder_version=&#8220;4.20.4&#8243; _module_preset=&#8220;default&#8220; global_colors_info=&#8220;{}&#8220;][et_pb_image src=&#8220;https:\/\/3sdesign.eu\/wp-content\/uploads\/2023\/01\/3S-magnet_FB.jpg&#8220; alt=&#8220;3S magnet&#8220; title_text=&#8220;3S magnet&#8220; url=&#8220;https:\/\/3sdesign.eu\/3sproducts\/3s-magnet\/&#8220; _builder_version=&#8220;4.20.4&#8243; _module_preset=&#8220;default&#8220; global_colors_info=&#8220;{}&#8220;][\/et_pb_image][et_pb_text _builder_version=&#8220;4.20.4&#8243; text_font=&#8220;|300|||||||&#8220; text_text_color=&#8220;#000000&#8243; text_font_size=&#8220;20px&#8220; header_font=&#8220;Noto Sans|700|||||||&#8220; header_text_color=&#8220;rgba(0,0,0,0.6)&#8220; header_2_font_size=&#8220;15px&#8220; header_3_font_size=&#8220;15px&#8220; min_height=&#8220;79.5px&#8220; custom_margin=&#8220;-12px||40px|||&#8220; custom_padding=&#8220;0px||0px|||&#8220; link_option_url=&#8220;https:\/\/3sdesign.eu\/de\/produkte\/3s-magnet\/&#8220; global_colors_info=&#8220;{}&#8220;]<\/p>\n<p style=\"text-align: center;\">Das magnetische Aufbewahrungssystem besteht aus Wandpaneelen (Spritzschutz) und magnetischem Zubeh\u00f6r.<\/p>\n<p>[\/et_pb_text][\/et_pb_column][\/et_pb_row][et_pb_row column_structure=&#8220;1_2,1_2&#8243; _builder_version=&#8220;4.20.2&#8243; min_height=&#8220;691px&#8220; custom_margin=&#8220;-22px|auto||auto||&#8220; custom_padding=&#8220;53px|||||&#8220; global_colors_info=&#8220;{}&#8220;][et_pb_column type=&#8220;1_2&#8243; _builder_version=&#8220;4.16&#8243; global_colors_info=&#8220;{}&#8220;][et_pb_text _builder_version=&#8220;4.20.4&#8243; text_font=&#8220;Noto Sans||||||||&#8220; text_font_size=&#8220;1px&#8220; header_font=&#8220;|300|||||||&#8220; header_text_color=&#8220;rgba(0,0,0,0.6)&#8220; header_font_size=&#8220;55px&#8220; header_2_font_size=&#8220;15px&#8220; header_3_font_size=&#8220;15px&#8220; custom_margin=&#8220;2px|||||&#8220; link_option_url=&#8220;https:\/\/3sdesign.eu\/3sproducts\/clothes-stand\/&#8220; global_colors_info=&#8220;{}&#8220;]<\/p>\n<h1 style=\"text-align: center;\"><span style=\"color: #000000;\">Plutoo<\/span><\/h1>\n<p>[\/et_pb_text][et_pb_image src=&#8220;https:\/\/3sdesign.eu\/wp-content\/uploads\/2019\/10\/Plutoo_Clothes-stand-Plutoo.jpg&#8220; url=&#8220;https:\/\/3sdesign.eu\/3sproducts\/clothes-stand\/&#8220; _builder_version=&#8220;4.20.4&#8243; min_height=&#8220;296px&#8220; custom_margin=&#8220;||-3px|||&#8220; custom_padding=&#8220;||0px|||&#8220; global_colors_info=&#8220;{}&#8220;][\/et_pb_image][et_pb_text _builder_version=&#8220;4.20.4&#8243; text_font=&#8220;|300|||||||&#8220; text_text_color=&#8220;#000000&#8243; text_font_size=&#8220;20px&#8220; header_font=&#8220;Noto Sans|700|||||||&#8220; header_text_color=&#8220;rgba(0,0,0,0.6)&#8220; header_2_font_size=&#8220;15px&#8220; header_3_font_size=&#8220;15px&#8220; custom_margin=&#8220;||29px|||&#8220; custom_padding=&#8220;34px|||||&#8220; link_option_url=&#8220;https:\/\/3sdesign.eu\/3sproducts\/clothes-stand\/&#8220; global_colors_info=&#8220;{}&#8220;]<\/p>\n<p style=\"text-align: center;\">Plutoo Kleiderst\u00e4nder ist ein \u201eStumme Diener\u201c, entworfen f\u00fcr die moderne Zeit. <\/p>\n<p>[\/et_pb_text][\/et_pb_column][et_pb_column type=&#8220;1_2&#8243; _builder_version=&#8220;4.16&#8243; global_colors_info=&#8220;{}&#8220;][et_pb_text _builder_version=&#8220;4.20.4&#8243; text_font=&#8220;Noto Sans||||||||&#8220; header_font=&#8220;|300|||||||&#8220; header_text_color=&#8220;rgba(0,0,0,0.6)&#8220; header_font_size=&#8220;55px&#8220; header_2_font_size=&#8220;15px&#8220; header_3_font_size=&#8220;15px&#8220; link_option_url=&#8220;https:\/\/3sdesign.eu\/3sproducts\/steelline\/&#8220; global_colors_info=&#8220;{}&#8220;]<\/p>\n<h1 style=\"text-align: center;\"><span style=\"color: #000000;\">Steelline<\/span><\/h1>\n<p>[\/et_pb_text][et_pb_image src=&#8220;https:\/\/3sdesign.eu\/wp-content\/uploads\/2019\/10\/Steelline_coffee-table-TWIN.jpg&#8220; url=&#8220;https:\/\/3sdesign.eu\/3sproducts\/steelline\/&#8220; _builder_version=&#8220;4.20.4&#8243; custom_margin=&#8220;||16px|||&#8220; global_colors_info=&#8220;{}&#8220;][\/et_pb_image][et_pb_text _builder_version=&#8220;4.20.4&#8243; text_font=&#8220;|300|||||||&#8220; text_text_color=&#8220;#000000&#8243; text_font_size=&#8220;20px&#8220; header_font=&#8220;Noto Sans|700|||||||&#8220; header_text_color=&#8220;rgba(0,0,0,0.6)&#8220; header_2_font_size=&#8220;15px&#8220; header_3_font_size=&#8220;15px&#8220; custom_margin=&#8220;29px|||||&#8220; custom_padding=&#8220;1px|||||&#8220; link_option_url=&#8220;https:\/\/3sdesign.eu\/3sproducts\/steelline\/&#8220; global_colors_info=&#8220;{}&#8220;]<\/p>\n<p style=\"text-align: center;\">Steelline ist eine Serie multifunktionaler Metallm\u00f6bel mit minimalistischem Design.<\/p>\n<p>[\/et_pb_text][\/et_pb_column][\/et_pb_row][et_pb_row _builder_version=&#8220;4.16&#8243; global_colors_info=&#8220;{}&#8220;][et_pb_column type=&#8220;4_4&#8243; _builder_version=&#8220;4.16&#8243; global_colors_info=&#8220;{}&#8220;][et_pb_text _builder_version=&#8220;4.20.4&#8243; text_font=&#8220;Noto Sans||||||||&#8220; text_line_height=&#8220;1.8em&#8220; header_font=&#8220;|300|||||||&#8220; header_text_color=&#8220;rgba(0,0,0,0.72)&#8220; header_font_size=&#8220;50px&#8220; header_2_font=&#8220;|300|||||||&#8220; global_colors_info=&#8220;{}&#8220;]<\/p>\n<h2 style=\"text-align: center;\"><em><span style=\"color: #000000;\">Innovatives M\u00f6beldesign, das das Beste aus Ihrem Zuhause herausholt!<\/span><\/em><\/h2>\n<p style=\"text-align: center;\"><span><\/span><\/p>\n<p style=\"text-align: center;\"><span><\/span><\/p>\n<p>[\/et_pb_text][\/et_pb_column][\/et_pb_row][et_pb_row _builder_version=&#8220;4.20.4&#8243; _module_preset=&#8220;default&#8220; background_color=&#8220;#6a7970&#8243; locked=&#8220;off&#8220; global_colors_info=&#8220;{}&#8220;][et_pb_column type=&#8220;4_4&#8243; _builder_version=&#8220;4.20.4&#8243; _module_preset=&#8220;default&#8220; global_colors_info=&#8220;{}&#8220;][et_pb_text _builder_version=&#8220;4.20.4&#8243; _module_preset=&#8220;default&#8220; text_text_color=&#8220;#FFFFFF&#8220; header_font=&#8220;|300|||||||&#8220; header_2_font=&#8220;|300|||||||&#8220; header_2_font_size=&#8220;45px&#8220; global_colors_info=&#8220;{}&#8220;]<\/p>\n<h2 class=\"et_pb_slide_title et-fb-editable-element et-fb-editable-element__editing\" data-shortcode-id=\"0.0.0.1.0-1682323136813\" data-quickaccess-id=\"header\" style=\"text-align: center;\" contenteditable=\"true\"><span style=\"color: #ffffff;\">Neuer Katalog<\/span><\/h2>\n<p>[\/et_pb_text][et_pb_button button_url=&#8220;https:\/\/3sdesign.eu\/wp-content\/uploads\/2022\/10\/3Sdesign-Catalog22-23.pdf&#8220; url_new_window=&#8220;on&#8220; button_text=&#8220;Klicken Sie hier, um unseren neuen Katalog aufzurufen&#8220; button_alignment=&#8220;center&#8220; _builder_version=&#8220;4.20.4&#8243; _module_preset=&#8220;default&#8220; custom_button=&#8220;on&#8220; button_text_size=&#8220;29px&#8220; button_text_color=&#8220;#FFFFFF&#8220; button_font=&#8220;|300|||||||&#8220; background_layout=&#8220;dark&#8220; global_colors_info=&#8220;{}&#8220;][\/et_pb_button][\/et_pb_column][\/et_pb_row][\/et_pb_section][et_pb_section fb_built=&#8220;1&#8243; _builder_version=&#8220;4.16&#8243; background_color=&#8220;rgba(0,0,0,0.08)&#8220; locked=&#8220;off&#8220; global_colors_info=&#8220;{}&#8220;][et_pb_row column_structure=&#8220;1_3,1_3,1_3&#8243; _builder_version=&#8220;4.16&#8243; global_colors_info=&#8220;{}&#8220;][et_pb_column type=&#8220;1_3&#8243; _builder_version=&#8220;4.16&#8243; global_colors_info=&#8220;{}&#8220;][et_pb_text _builder_version=&#8220;4.26.1&#8243; text_font=&#8220;|300|||||||&#8220; hover_enabled=&#8220;0&#8243; global_colors_info=&#8220;{}&#8220; sticky_enabled=&#8220;0&#8243;]<\/p>\n<p style=\"text-align: center;\"><span style=\"color: #808080;\"><strong>KONTAKT<\/strong><\/span><\/p>\n<p style=\"text-align: center;\"><span style=\"color: #000000;\">3S design d.o.o.<\/span><\/p>\n<p style=\"text-align: center;\"><span style=\"color: #000000;\">Slowenien<\/span><\/p>\n<p style=\"text-align: center;\"><span style=\"color: #000000;\"><strong>studio@3sdesign.eu<\/strong><\/span><\/p>\n<p style=\"text-align: center;\"><strong><span style=\"color: #000000;\">070 322 122<\/span><br \/><\/strong><\/p>\n<p>[\/et_pb_text][et_pb_button button_url=&#8220;https:\/\/3sdesign.eu\/contact-form\/&#8220; url_new_window=&#8220;on&#8220; button_text=&#8220;Anfrage senden&#8220; button_alignment=&#8220;center&#8220; _builder_version=&#8220;4.16&#8243; _module_preset=&#8220;default&#8220; custom_button=&#8220;on&#8220; button_text_color=&#8220;#636363&#8243; button_bg_color=&#8220;#c9c9c9&#8243; global_colors_info=&#8220;{}&#8220;][\/et_pb_button][\/et_pb_column][et_pb_column type=&#8220;1_3&#8243; _builder_version=&#8220;4.16&#8243; global_colors_info=&#8220;{}&#8220;][et_pb_text _builder_version=&#8220;4.20.4&#8243; text_font=&#8220;|300|||||||&#8220; global_colors_info=&#8220;{}&#8220;]<\/p>\n<p style=\"text-align: center;\"><span style=\"color: #808080;\"><strong>INFORMATION<\/strong><\/span><\/p>\n<p style=\"text-align: center;\"><span style=\"color: #000000;\">Gesch\u00e4ftsbedingungen<\/span><\/p>\n<p style=\"text-align: center;\"><span style=\"color: #000000;\">Lieferung und R\u00fccksendungen<\/span><\/p>\n<p style=\"text-align: center;\"><span style=\"color: #000000;\">Datenschutzrichtlinie<\/span><\/p>\n<p>[\/et_pb_text][\/et_pb_column][et_pb_column type=&#8220;1_3&#8243; _builder_version=&#8220;4.16&#8243; global_colors_info=&#8220;{}&#8220;][et_pb_text _builder_version=&#8220;4.20.4&#8243; global_colors_info=&#8220;{}&#8220;]<\/p>\n<p style=\"text-align: center;\"><span style=\"color: #808080;\"><strong>BITTE FOLGEN<\/strong><\/span><\/p>\n<p style=\"text-align: center;\">[\/et_pb_text][et_pb_social_media_follow _builder_version=&#8220;4.16&#8243; background_color=&#8220;rgba(0,0,0,0)&#8220; text_orientation=&#8220;center&#8220; global_colors_info=&#8220;{}&#8220;][et_pb_social_media_follow_network social_network=&#8220;facebook&#8220; url=&#8220;https:\/\/www.facebook.com\/3sdesigneu\/&#8220; _builder_version=&#8220;4.16&#8243; background_color=&#8220;rgba(0,0,0,0.6)&#8220; background_enable_color=&#8220;on&#8220; global_colors_info=&#8220;{}&#8220; follow_button=&#8220;off&#8220; url_new_window=&#8220;on&#8220;]facebook[\/et_pb_social_media_follow_network][et_pb_social_media_follow_network social_network=&#8220;instagram&#8220; url=&#8220;https:\/\/www.instagram.com\/3sdesign_eu\/&#8220; _builder_version=&#8220;4.16&#8243; background_color=&#8220;rgba(0,0,0,0.6)&#8220; background_enable_color=&#8220;on&#8220; global_colors_info=&#8220;{}&#8220; follow_button=&#8220;off&#8220; url_new_window=&#8220;on&#8220;]instagram[\/et_pb_social_media_follow_network][et_pb_social_media_follow_network social_network=&#8220;pinterest&#8220; url=&#8220;https:\/\/www.pinterest.com\/3sdesign\/&#8220; _builder_version=&#8220;4.16&#8243; background_color=&#8220;rgba(0,0,0,0.6)&#8220; background_enable_color=&#8220;on&#8220; global_colors_info=&#8220;{}&#8220; follow_button=&#8220;off&#8220; url_new_window=&#8220;on&#8220;]pinterest[\/et_pb_social_media_follow_network][et_pb_social_media_follow_network social_network=&#8220;linkedin&#8220; url=&#8220;https:\/\/www.linkedin.com\/company\/9272777\/admin\/&#8220; _builder_version=&#8220;4.16&#8243; background_color=&#8220;rgba(0,0,0,0.6)&#8220; background_enable_color=&#8220;on&#8220; global_colors_info=&#8220;{}&#8220; follow_button=&#8220;off&#8220; url_new_window=&#8220;on&#8220;]linkedin[\/et_pb_social_media_follow_network][et_pb_social_media_follow_network social_network=&#8220;youtube&#8220; url=&#8220;https:\/\/www.youtube.com\/channel\/UCM1RnY3dvrkFxUcZaPBaQog\/&#8220; _builder_version=&#8220;4.16&#8243; background_color=&#8220;#a82400&#8243; global_colors_info=&#8220;{}&#8220; follow_button=&#8220;off&#8220; url_new_window=&#8220;on&#8220;]youtube[\/et_pb_social_media_follow_network][\/et_pb_social_media_follow][\/et_pb_column][\/et_pb_row][\/et_pb_section]<\/p>\n","protected":false},"excerpt":{"rendered":"<p>Kollektionen 3S magnetDas magnetische Aufbewahrungssystem besteht aus Wandpaneelen (Spritzschutz) und magnetischem Zubeh\u00f6r.PlutooPlutoo Kleiderst\u00e4nder ist ein \u201eStumme Diener\u201c, entworfen f\u00fcr die moderne Zeit. SteellineSteelline ist eine Serie multifunktionaler Metallm\u00f6bel mit minimalistischem Design.Innovatives M\u00f6beldesign, das das Beste aus Ihrem Zuhause herausholt! Neuer KatalogKONTAKT 3S design d.o.o. Slowenien studio@3sdesign.eu 070 322 122INFORMATION Gesch\u00e4ftsbedingungen Lieferung und R\u00fccksendungen DatenschutzrichtlinieBITTE FOLGEN<\/p>\n","protected":false},"author":1,"featured_media":0,"parent":0,"menu_order":0,"comment_status":"closed","ping_status":"closed","template":"","meta":{"_et_pb_use_builder":"on","_et_pb_old_content":"","_et_gb_content_width":"","_monsterinsights_skip_tracking":false,"_monsterinsights_sitenote_active":false,"_monsterinsights_sitenote_note":"","_monsterinsights_sitenote_category":0,"footnotes":""},"class_list":["post-5816","page","type-page","status-publish","hentry"],"yoast_head":"<!-- This site is optimized with the Yoast SEO plugin v27.5 - https:\/\/yoast.com\/product\/yoast-seo-wordpress\/ -->\n<title>Produkte &#8226; 3s design<\/title>\n<meta name=\"description\" content=\"Erfahren Sie mehr \u00fcber 3S manget Aufbewahrungssystem, Kleiderst\u00e4nder Plutoo und Stahlm\u00f6bel Steelline. Innovative L\u00f6sungen f\u00fcr das moderne Zuhause.\" \/>\n<meta name=\"robots\" content=\"index, follow, max-snippet:-1, max-image-preview:large, max-video-preview:-1\" \/>\n<link rel=\"canonical\" href=\"https:\/\/3sdesign.eu\/de\/produkte\/\" \/>\n<meta property=\"og:locale\" content=\"de_DE\" \/>\n<meta property=\"og:type\" content=\"article\" \/>\n<meta property=\"og:title\" content=\"Produkte &#8226; 3s design\" \/>\n<meta property=\"og:description\" content=\"Erfahren Sie mehr \u00fcber 3S manget Aufbewahrungssystem, Kleiderst\u00e4nder Plutoo und Stahlm\u00f6bel Steelline. Innovative L\u00f6sungen f\u00fcr das moderne Zuhause.\" \/>\n<meta property=\"og:url\" content=\"https:\/\/3sdesign.eu\/de\/produkte\/\" \/>\n<meta property=\"og:site_name\" content=\"3s design\" \/>\n<meta property=\"article:publisher\" content=\"https:\/\/www.facebook.com\/3sdesigneu\/\" \/>\n<meta property=\"article:modified_time\" content=\"2024-10-11T08:55:59+00:00\" \/>\n<meta name=\"twitter:card\" content=\"summary_large_image\" \/>\n<meta name=\"twitter:label1\" content=\"Gesch\u00e4tzte Lesezeit\" \/>\n\t<meta name=\"twitter:data1\" content=\"6\u00a0Minuten\" \/>\n<script type=\"application\/ld+json\" class=\"yoast-schema-graph\">{\"@context\":\"https:\\\/\\\/schema.org\",\"@graph\":[{\"@type\":\"WebPage\",\"@id\":\"https:\\\/\\\/3sdesign.eu\\\/de\\\/produkte\\\/\",\"url\":\"https:\\\/\\\/3sdesign.eu\\\/de\\\/produkte\\\/\",\"name\":\"Produkte &#8226; 3s design\",\"isPartOf\":{\"@id\":\"https:\\\/\\\/3sdesign.eu\\\/de\\\/#website\"},\"datePublished\":\"2019-10-18T19:20:38+00:00\",\"dateModified\":\"2024-10-11T08:55:59+00:00\",\"description\":\"Erfahren Sie mehr \u00fcber 3S manget Aufbewahrungssystem, Kleiderst\u00e4nder Plutoo und Stahlm\u00f6bel Steelline. Innovative L\u00f6sungen f\u00fcr das moderne Zuhause.\",\"breadcrumb\":{\"@id\":\"https:\\\/\\\/3sdesign.eu\\\/de\\\/produkte\\\/#breadcrumb\"},\"inLanguage\":\"de\",\"potentialAction\":[{\"@type\":\"ReadAction\",\"target\":[\"https:\\\/\\\/3sdesign.eu\\\/de\\\/produkte\\\/\"]}]},{\"@type\":\"BreadcrumbList\",\"@id\":\"https:\\\/\\\/3sdesign.eu\\\/de\\\/produkte\\\/#breadcrumb\",\"itemListElement\":[{\"@type\":\"ListItem\",\"position\":1,\"name\":\"Home\",\"item\":\"https:\\\/\\\/3sdesign.eu\\\/de\\\/home\\\/\"},{\"@type\":\"ListItem\",\"position\":2,\"name\":\"Produkte\"}]},{\"@type\":\"WebSite\",\"@id\":\"https:\\\/\\\/3sdesign.eu\\\/de\\\/#website\",\"url\":\"https:\\\/\\\/3sdesign.eu\\\/de\\\/\",\"name\":\"3s design\",\"description\":\"3S design\",\"publisher\":{\"@id\":\"https:\\\/\\\/3sdesign.eu\\\/de\\\/#organization\"},\"potentialAction\":[{\"@type\":\"SearchAction\",\"target\":{\"@type\":\"EntryPoint\",\"urlTemplate\":\"https:\\\/\\\/3sdesign.eu\\\/de\\\/?s={search_term_string}\"},\"query-input\":{\"@type\":\"PropertyValueSpecification\",\"valueRequired\":true,\"valueName\":\"search_term_string\"}}],\"inLanguage\":\"de\"},{\"@type\":\"Organization\",\"@id\":\"https:\\\/\\\/3sdesign.eu\\\/de\\\/#organization\",\"name\":\"3S design\",\"url\":\"https:\\\/\\\/3sdesign.eu\\\/de\\\/\",\"logo\":{\"@type\":\"ImageObject\",\"inLanguage\":\"de\",\"@id\":\"https:\\\/\\\/3sdesign.eu\\\/de\\\/#\\\/schema\\\/logo\\\/image\\\/\",\"url\":\"https:\\\/\\\/3sdesign.eu\\\/wp-content\\\/uploads\\\/2019\\\/10\\\/3S-design_logo.png\",\"contentUrl\":\"https:\\\/\\\/3sdesign.eu\\\/wp-content\\\/uploads\\\/2019\\\/10\\\/3S-design_logo.png\",\"width\":800,\"height\":294,\"caption\":\"3S design\"},\"image\":{\"@id\":\"https:\\\/\\\/3sdesign.eu\\\/de\\\/#\\\/schema\\\/logo\\\/image\\\/\"},\"sameAs\":[\"https:\\\/\\\/www.facebook.com\\\/3sdesigneu\\\/\",\"https:\\\/\\\/www.instagram.com\\\/3sdesign_eu\\\/\",\"https:\\\/\\\/www.linkedin.com\\\/company\\\/3sdesign-eu\",\"https:\\\/\\\/www.pinterest.com\\\/3sdesign\\\/\",\"https:\\\/\\\/www.youtube.com\\\/channel\\\/UCM1RnY3dvrkFxUcZaPBaQog\"]}]}<\/script>\n<!-- \/ Yoast SEO plugin. -->","yoast_head_json":{"title":"Produkte &#8226; 3s design","description":"Erfahren Sie mehr \u00fcber 3S manget Aufbewahrungssystem, Kleiderst\u00e4nder Plutoo und Stahlm\u00f6bel Steelline. Innovative L\u00f6sungen f\u00fcr das moderne Zuhause.","robots":{"index":"index","follow":"follow","max-snippet":"max-snippet:-1","max-image-preview":"max-image-preview:large","max-video-preview":"max-video-preview:-1"},"canonical":"https:\/\/3sdesign.eu\/de\/produkte\/","og_locale":"de_DE","og_type":"article","og_title":"Produkte &#8226; 3s design","og_description":"Erfahren Sie mehr \u00fcber 3S manget Aufbewahrungssystem, Kleiderst\u00e4nder Plutoo und Stahlm\u00f6bel Steelline. Innovative L\u00f6sungen f\u00fcr das moderne Zuhause.","og_url":"https:\/\/3sdesign.eu\/de\/produkte\/","og_site_name":"3s design","article_publisher":"https:\/\/www.facebook.com\/3sdesigneu\/","article_modified_time":"2024-10-11T08:55:59+00:00","twitter_card":"summary_large_image","twitter_misc":{"Gesch\u00e4tzte Lesezeit":"6\u00a0Minuten"},"schema":{"@context":"https:\/\/schema.org","@graph":[{"@type":"WebPage","@id":"https:\/\/3sdesign.eu\/de\/produkte\/","url":"https:\/\/3sdesign.eu\/de\/produkte\/","name":"Produkte &#8226; 3s design","isPartOf":{"@id":"https:\/\/3sdesign.eu\/de\/#website"},"datePublished":"2019-10-18T19:20:38+00:00","dateModified":"2024-10-11T08:55:59+00:00","description":"Erfahren Sie mehr \u00fcber 3S manget Aufbewahrungssystem, Kleiderst\u00e4nder Plutoo und Stahlm\u00f6bel Steelline. Innovative L\u00f6sungen f\u00fcr das moderne Zuhause.","breadcrumb":{"@id":"https:\/\/3sdesign.eu\/de\/produkte\/#breadcrumb"},"inLanguage":"de","potentialAction":[{"@type":"ReadAction","target":["https:\/\/3sdesign.eu\/de\/produkte\/"]}]},{"@type":"BreadcrumbList","@id":"https:\/\/3sdesign.eu\/de\/produkte\/#breadcrumb","itemListElement":[{"@type":"ListItem","position":1,"name":"Home","item":"https:\/\/3sdesign.eu\/de\/home\/"},{"@type":"ListItem","position":2,"name":"Produkte"}]},{"@type":"WebSite","@id":"https:\/\/3sdesign.eu\/de\/#website","url":"https:\/\/3sdesign.eu\/de\/","name":"3s design","description":"3S design","publisher":{"@id":"https:\/\/3sdesign.eu\/de\/#organization"},"potentialAction":[{"@type":"SearchAction","target":{"@type":"EntryPoint","urlTemplate":"https:\/\/3sdesign.eu\/de\/?s={search_term_string}"},"query-input":{"@type":"PropertyValueSpecification","valueRequired":true,"valueName":"search_term_string"}}],"inLanguage":"de"},{"@type":"Organization","@id":"https:\/\/3sdesign.eu\/de\/#organization","name":"3S design","url":"https:\/\/3sdesign.eu\/de\/","logo":{"@type":"ImageObject","inLanguage":"de","@id":"https:\/\/3sdesign.eu\/de\/#\/schema\/logo\/image\/","url":"https:\/\/3sdesign.eu\/wp-content\/uploads\/2019\/10\/3S-design_logo.png","contentUrl":"https:\/\/3sdesign.eu\/wp-content\/uploads\/2019\/10\/3S-design_logo.png","width":800,"height":294,"caption":"3S design"},"image":{"@id":"https:\/\/3sdesign.eu\/de\/#\/schema\/logo\/image\/"},"sameAs":["https:\/\/www.facebook.com\/3sdesigneu\/","https:\/\/www.instagram.com\/3sdesign_eu\/","https:\/\/www.linkedin.com\/company\/3sdesign-eu","https:\/\/www.pinterest.com\/3sdesign\/","https:\/\/www.youtube.com\/channel\/UCM1RnY3dvrkFxUcZaPBaQog"]}]}},"_links":{"self":[{"href":"https:\/\/3sdesign.eu\/de\/wp-json\/wp\/v2\/pages\/5816","targetHints":{"allow":["GET"]}}],"collection":[{"href":"https:\/\/3sdesign.eu\/de\/wp-json\/wp\/v2\/pages"}],"about":[{"href":"https:\/\/3sdesign.eu\/de\/wp-json\/wp\/v2\/types\/page"}],"author":[{"embeddable":true,"href":"https:\/\/3sdesign.eu\/de\/wp-json\/wp\/v2\/users\/1"}],"replies":[{"embeddable":true,"href":"https:\/\/3sdesign.eu\/de\/wp-json\/wp\/v2\/comments?post=5816"}],"version-history":[{"count":4,"href":"https:\/\/3sdesign.eu\/de\/wp-json\/wp\/v2\/pages\/5816\/revisions"}],"predecessor-version":[{"id":6033,"href":"https:\/\/3sdesign.eu\/de\/wp-json\/wp\/v2\/pages\/5816\/revisions\/6033"}],"wp:attachment":[{"href":"https:\/\/3sdesign.eu\/de\/wp-json\/wp\/v2\/media?parent=5816"}],"curies":[{"name":"wp","href":"https:\/\/api.w.org\/{rel}","templated":true}]}}