{"id":996,"date":"2019-10-27T17:38:11","date_gmt":"2019-10-27T16:38:11","guid":{"rendered":"http:\/\/3sdesign.eu\/SI\/?post_type=product&#038;p=996"},"modified":"2022-04-11T10:18:47","modified_gmt":"2022-04-11T09:18:47","slug":"don-%e2%80%a2-stojalo-za-deznike","status":"publish","type":"product","link":"https:\/\/3sdesign.eu\/SI\/izdelek\/don-%e2%80%a2-stojalo-za-deznike\/","title":{"rendered":"DON \u2022 stojalo za de\u017enike"},"content":{"rendered":"<p>Stojalo za de\u017enike DON je priro\u010dno tako, za poslovne prostore, kot za stanovanjske prostore. Sojalo za de\u017enike je veliko, li\u010dno in stabilno.<\/p>\n<p>Ve\u010d liniji kovinskega pohi\u0161tva <a href=\"http:\/\/3sdesign.eu\/SI\/kolekcije\/steelline\/\">Steelline<\/a>.<\/p>\n<h5><strong>MATERIALI:<\/strong><\/h5>\n<ul>\n<li><strong>Pra\u0161no barvana kovina <\/strong>\u2013 Kavno mizico LIN izdelujemo iz pra\u0161no barvanega jekla, ki je barvano s posebno mat barvo. Pra\u0161na barva je odporna na toploto, vodo in ni ob\u010dutljiva na prstne odtise. Izdelke imamo na zalogi v \u010drni, beli in grafit barvi. Ostale barve so na voljo po naro\u010dilu. \u010ce \u017eelite izdelek v kateri koli drugi barvi nas prosim <a href=\"http:\/\/3sdesign.eu\/SI\/povprasevanje\/\">kontaktirajte.<\/a><\/li>\n<\/ul>\n","protected":false},"excerpt":{"rendered":"<p><strong>MATERIALI:<\/strong><br \/>\npra\u0161no barvano jeklo<\/p>\n<p><strong>BARVA:<\/strong><br \/>\nBELA \/ \u010cRNA \/ GRAFIT<\/p>\n<p><strong>DIMENZIJE:<\/strong><br \/>\nL\u00a0 30cm<br \/>\nW 25 cm<br \/>\nH\u00a0 50 cm<\/p>\n<p><strong>TE\u017dA:<\/strong><br \/>\n6 kg<\/p>\n<p><strong>\u0160T. IZDELKA \u00a0 \u2022\u00a0\u00a0 BARVA<\/strong><br \/>\nS-DON-9005\u00a0 \u00a0 \u00a0\u00a0 \u010cRNA<br \/>\nS-DON-9016\u00a0 \u00a0 \u00a0\u00a0 BELA<br \/>\nS-DON-0000\u00a0 \u00a0 \u00a0 \u00a0GRAFIT<\/p>\n<p>Idelek je v celoti proizveden v Sloveniji.<br \/>\nIzdelke po\u0161iljamo po celem svetu. Po\u0161tnina po Sloveniji je brezpla\u010dna.<\/p>\n<p>&nbsp;<\/p>\n<p>&nbsp;<\/p>\n<p>&nbsp;<\/p>\n<p>&nbsp;<\/p>\n<a href='http:\/\/3sdesign.eu\/SI\/povprasevanje\/' class='big-button bigpink'>Povpra\u0161evanje in naro\u010dila<\/a>\n","protected":false},"featured_media":763,"template":"","meta":{"_et_pb_use_builder":"","_et_pb_old_content":"","_et_gb_content_width":"","_monsterinsights_skip_tracking":false,"_monsterinsights_sitenote_active":false,"_monsterinsights_sitenote_note":"","_monsterinsights_sitenote_category":0},"product_brand":[],"product_cat":[27],"product_tag":[25,26,24,22],"class_list":{"0":"post-996","1":"product","2":"type-product","3":"status-publish","4":"has-post-thumbnail","6":"product_cat-steelline","7":"product_tag-bukev-masiva","8":"product_tag-masiven-les","9":"product_tag-stojalo-za-oblacila","10":"product_tag-stojalo-za-obleke","12":"first","13":"instock","14":"shipping-taxable","15":"product-type-simple"},"yoast_head":"<!-- This site is optimized with the Yoast SEO plugin v25.0 - https:\/\/yoast.com\/wordpress\/plugins\/seo\/ -->\n<title>DON \u2022 stojalo za de\u017enike - 3s design<\/title>\n<meta name=\"robots\" content=\"index, follow, max-snippet:-1, max-image-preview:large, max-video-preview:-1\" \/>\n<link rel=\"canonical\" href=\"https:\/\/3sdesign.eu\/SI\/izdelek\/don-\u2022-stojalo-za-deznike\/\" \/>\n<meta property=\"og:locale\" content=\"sl_SI\" \/>\n<meta property=\"og:type\" content=\"article\" \/>\n<meta property=\"og:title\" content=\"DON \u2022 stojalo za de\u017enike - 3s design\" \/>\n<meta property=\"og:description\" content=\"MATERIALI: pra\u0161no barvano jeklo  BARVA: BELA \/ \u010cRNA \/ GRAFIT  DIMENZIJE: L\u00a0 30cm W 25 cm H\u00a0 50 cm  TE\u017dA: 6 kg  \u0160T. IZDELKA \u00a0 \u2022\u00a0\u00a0 BARVA S-DON-9005\u00a0 \u00a0 \u00a0\u00a0 \u010cRNA S-DON-9016\u00a0 \u00a0 \u00a0\u00a0 BELA S-DON-0000\u00a0 \u00a0 \u00a0 \u00a0GRAFIT  Idelek je v celoti proizveden v Sloveniji. Izdelke po\u0161iljamo po celem svetu. Po\u0161tnina po Sloveniji je brezpla\u010dna.  &nbsp;  &nbsp;  &nbsp;  &nbsp;\" \/>\n<meta property=\"og:url\" content=\"https:\/\/3sdesign.eu\/SI\/izdelek\/don-\u2022-stojalo-za-deznike\/\" \/>\n<meta property=\"og:site_name\" content=\"3s design\" \/>\n<meta property=\"article:modified_time\" content=\"2022-04-11T09:18:47+00:00\" \/>\n<meta property=\"og:image\" content=\"https:\/\/3sdesign.eu\/SI\/wp-content\/uploads\/2019\/10\/Umbrella-stand-DON_black.jpg\" \/>\n\t<meta property=\"og:image:width\" content=\"3565\" \/>\n\t<meta property=\"og:image:height\" content=\"3565\" \/>\n\t<meta property=\"og:image:type\" content=\"image\/jpeg\" \/>\n<meta name=\"twitter:card\" content=\"summary_large_image\" \/>\n<script type=\"application\/ld+json\" class=\"yoast-schema-graph\">{\"@context\":\"https:\/\/schema.org\",\"@graph\":[{\"@type\":\"WebPage\",\"@id\":\"https:\/\/3sdesign.eu\/SI\/izdelek\/don-%e2%80%a2-stojalo-za-deznike\/\",\"url\":\"https:\/\/3sdesign.eu\/SI\/izdelek\/don-%e2%80%a2-stojalo-za-deznike\/\",\"name\":\"DON \u2022 stojalo za de\u017enike - 3s design\",\"isPartOf\":{\"@id\":\"https:\/\/3sdesign.eu\/SI\/#website\"},\"primaryImageOfPage\":{\"@id\":\"https:\/\/3sdesign.eu\/SI\/izdelek\/don-%e2%80%a2-stojalo-za-deznike\/#primaryimage\"},\"image\":{\"@id\":\"https:\/\/3sdesign.eu\/SI\/izdelek\/don-%e2%80%a2-stojalo-za-deznike\/#primaryimage\"},\"thumbnailUrl\":\"https:\/\/3sdesign.eu\/SI\/wp-content\/uploads\/2019\/10\/Umbrella-stand-DON_black.jpg\",\"datePublished\":\"2019-10-27T16:38:11+00:00\",\"dateModified\":\"2022-04-11T09:18:47+00:00\",\"breadcrumb\":{\"@id\":\"https:\/\/3sdesign.eu\/SI\/izdelek\/don-%e2%80%a2-stojalo-za-deznike\/#breadcrumb\"},\"inLanguage\":\"sl-SI\",\"potentialAction\":[{\"@type\":\"ReadAction\",\"target\":[\"https:\/\/3sdesign.eu\/SI\/izdelek\/don-%e2%80%a2-stojalo-za-deznike\/\"]}]},{\"@type\":\"ImageObject\",\"inLanguage\":\"sl-SI\",\"@id\":\"https:\/\/3sdesign.eu\/SI\/izdelek\/don-%e2%80%a2-stojalo-za-deznike\/#primaryimage\",\"url\":\"https:\/\/3sdesign.eu\/SI\/wp-content\/uploads\/2019\/10\/Umbrella-stand-DON_black.jpg\",\"contentUrl\":\"https:\/\/3sdesign.eu\/SI\/wp-content\/uploads\/2019\/10\/Umbrella-stand-DON_black.jpg\",\"width\":3565,\"height\":3565,\"caption\":\"Stojalo za de\u017enike_DON\"},{\"@type\":\"BreadcrumbList\",\"@id\":\"https:\/\/3sdesign.eu\/SI\/izdelek\/don-%e2%80%a2-stojalo-za-deznike\/#breadcrumb\",\"itemListElement\":[{\"@type\":\"ListItem\",\"position\":1,\"name\":\"Home\",\"item\":\"https:\/\/3sdesign.eu\/SI\/\"},{\"@type\":\"ListItem\",\"position\":2,\"name\":\"Izdelki\",\"item\":\"https:\/\/3sdesign.eu\/SI\/shop\/\"},{\"@type\":\"ListItem\",\"position\":3,\"name\":\"DON \u2022 stojalo za de\u017enike\"}]},{\"@type\":\"WebSite\",\"@id\":\"https:\/\/3sdesign.eu\/SI\/#website\",\"url\":\"https:\/\/3sdesign.eu\/SI\/\",\"name\":\"3s design\",\"description\":\"Dizajnersko pohi\u0161tvo in stenske obloge za kuhinjo\",\"potentialAction\":[{\"@type\":\"SearchAction\",\"target\":{\"@type\":\"EntryPoint\",\"urlTemplate\":\"https:\/\/3sdesign.eu\/SI\/?s={search_term_string}\"},\"query-input\":{\"@type\":\"PropertyValueSpecification\",\"valueRequired\":true,\"valueName\":\"search_term_string\"}}],\"inLanguage\":\"sl-SI\"}]}<\/script>\n<!-- \/ Yoast SEO plugin. -->","yoast_head_json":{"title":"DON \u2022 stojalo za de\u017enike - 3s design","robots":{"index":"index","follow":"follow","max-snippet":"max-snippet:-1","max-image-preview":"max-image-preview:large","max-video-preview":"max-video-preview:-1"},"canonical":"https:\/\/3sdesign.eu\/SI\/izdelek\/don-\u2022-stojalo-za-deznike\/","og_locale":"sl_SI","og_type":"article","og_title":"DON \u2022 stojalo za de\u017enike - 3s design","og_description":"MATERIALI: pra\u0161no barvano jeklo  BARVA: BELA \/ \u010cRNA \/ GRAFIT  DIMENZIJE: L\u00a0 30cm W 25 cm H\u00a0 50 cm  TE\u017dA: 6 kg  \u0160T. IZDELKA \u00a0 \u2022\u00a0\u00a0 BARVA S-DON-9005\u00a0 \u00a0 \u00a0\u00a0 \u010cRNA S-DON-9016\u00a0 \u00a0 \u00a0\u00a0 BELA S-DON-0000\u00a0 \u00a0 \u00a0 \u00a0GRAFIT  Idelek je v celoti proizveden v Sloveniji. Izdelke po\u0161iljamo po celem svetu. Po\u0161tnina po Sloveniji je brezpla\u010dna.  &nbsp;  &nbsp;  &nbsp;  &nbsp;","og_url":"https:\/\/3sdesign.eu\/SI\/izdelek\/don-\u2022-stojalo-za-deznike\/","og_site_name":"3s design","article_modified_time":"2022-04-11T09:18:47+00:00","og_image":[{"width":3565,"height":3565,"url":"https:\/\/3sdesign.eu\/SI\/wp-content\/uploads\/2019\/10\/Umbrella-stand-DON_black.jpg","type":"image\/jpeg"}],"twitter_card":"summary_large_image","schema":{"@context":"https:\/\/schema.org","@graph":[{"@type":"WebPage","@id":"https:\/\/3sdesign.eu\/SI\/izdelek\/don-%e2%80%a2-stojalo-za-deznike\/","url":"https:\/\/3sdesign.eu\/SI\/izdelek\/don-%e2%80%a2-stojalo-za-deznike\/","name":"DON \u2022 stojalo za de\u017enike - 3s design","isPartOf":{"@id":"https:\/\/3sdesign.eu\/SI\/#website"},"primaryImageOfPage":{"@id":"https:\/\/3sdesign.eu\/SI\/izdelek\/don-%e2%80%a2-stojalo-za-deznike\/#primaryimage"},"image":{"@id":"https:\/\/3sdesign.eu\/SI\/izdelek\/don-%e2%80%a2-stojalo-za-deznike\/#primaryimage"},"thumbnailUrl":"https:\/\/3sdesign.eu\/SI\/wp-content\/uploads\/2019\/10\/Umbrella-stand-DON_black.jpg","datePublished":"2019-10-27T16:38:11+00:00","dateModified":"2022-04-11T09:18:47+00:00","breadcrumb":{"@id":"https:\/\/3sdesign.eu\/SI\/izdelek\/don-%e2%80%a2-stojalo-za-deznike\/#breadcrumb"},"inLanguage":"sl-SI","potentialAction":[{"@type":"ReadAction","target":["https:\/\/3sdesign.eu\/SI\/izdelek\/don-%e2%80%a2-stojalo-za-deznike\/"]}]},{"@type":"ImageObject","inLanguage":"sl-SI","@id":"https:\/\/3sdesign.eu\/SI\/izdelek\/don-%e2%80%a2-stojalo-za-deznike\/#primaryimage","url":"https:\/\/3sdesign.eu\/SI\/wp-content\/uploads\/2019\/10\/Umbrella-stand-DON_black.jpg","contentUrl":"https:\/\/3sdesign.eu\/SI\/wp-content\/uploads\/2019\/10\/Umbrella-stand-DON_black.jpg","width":3565,"height":3565,"caption":"Stojalo za de\u017enike_DON"},{"@type":"BreadcrumbList","@id":"https:\/\/3sdesign.eu\/SI\/izdelek\/don-%e2%80%a2-stojalo-za-deznike\/#breadcrumb","itemListElement":[{"@type":"ListItem","position":1,"name":"Home","item":"https:\/\/3sdesign.eu\/SI\/"},{"@type":"ListItem","position":2,"name":"Izdelki","item":"https:\/\/3sdesign.eu\/SI\/shop\/"},{"@type":"ListItem","position":3,"name":"DON \u2022 stojalo za de\u017enike"}]},{"@type":"WebSite","@id":"https:\/\/3sdesign.eu\/SI\/#website","url":"https:\/\/3sdesign.eu\/SI\/","name":"3s design","description":"Dizajnersko pohi\u0161tvo in stenske obloge za kuhinjo","potentialAction":[{"@type":"SearchAction","target":{"@type":"EntryPoint","urlTemplate":"https:\/\/3sdesign.eu\/SI\/?s={search_term_string}"},"query-input":{"@type":"PropertyValueSpecification","valueRequired":true,"valueName":"search_term_string"}}],"inLanguage":"sl-SI"}]}},"_links":{"self":[{"href":"https:\/\/3sdesign.eu\/SI\/wp-json\/wp\/v2\/product\/996","targetHints":{"allow":["GET"]}}],"collection":[{"href":"https:\/\/3sdesign.eu\/SI\/wp-json\/wp\/v2\/product"}],"about":[{"href":"https:\/\/3sdesign.eu\/SI\/wp-json\/wp\/v2\/types\/product"}],"wp:featuredmedia":[{"embeddable":true,"href":"https:\/\/3sdesign.eu\/SI\/wp-json\/wp\/v2\/media\/763"}],"wp:attachment":[{"href":"https:\/\/3sdesign.eu\/SI\/wp-json\/wp\/v2\/media?parent=996"}],"wp:term":[{"taxonomy":"product_brand","embeddable":true,"href":"https:\/\/3sdesign.eu\/SI\/wp-json\/wp\/v2\/product_brand?post=996"},{"taxonomy":"product_cat","embeddable":true,"href":"https:\/\/3sdesign.eu\/SI\/wp-json\/wp\/v2\/product_cat?post=996"},{"taxonomy":"product_tag","embeddable":true,"href":"https:\/\/3sdesign.eu\/SI\/wp-json\/wp\/v2\/product_tag?post=996"}],"curies":[{"name":"wp","href":"https:\/\/api.w.org\/{rel}","templated":true}]}}