{"id":839,"date":"2019-10-25T08:26:16","date_gmt":"2019-10-25T07:26:16","guid":{"rendered":"http:\/\/3sdesign.eu\/SI\/?post_type=product&#038;p=839"},"modified":"2023-04-11T15:45:03","modified_gmt":"2023-04-11T14:45:03","slug":"stojalo-za-obleke-plutoo-mdf-crn","status":"publish","type":"product","link":"https:\/\/3sdesign.eu\/SI\/izdelek\/stojalo-za-obleke-plutoo-mdf-crn\/","title":{"rendered":"Stojalo za obleke \u2022 Plutoo \u2022 MDF \u2022 \u010drno"},"content":{"rendered":"<p>Stojalo za obleke \u2022 Plutoo \u2022 MDF \u2022 \u010drno<\/p>\n<p>Stojalo za obleke Plutoo v \u010drni barvi je narejeno iz MDF plo\u0161\u010d, ki so barvane na \u010drno, kovinskega obe\u0161alnika na vrhu in \u0161tirih palic za obe\u0161anje iz masivnega lesa.<\/p>\n<p>Plutoo zasede zelo malo prostora in bo kmalu postal nepogre\u0161ljiv dodatek va\u0161emu domu. Na stojalo za obla\u010dila Plutoo lahko postavite veliko obla\u010dil, ki padajo eno mimo drugega, se zra\u010dijo in ne me\u010dkajo; vse do naslednje uporabe.<\/p>\n<div class=\"et_pb_module et_pb_text et_pb_text_3 et_pb_bg_layout_light et_pb_text_align_left\">\n<div class=\"et_pb_text_inner\">\n<div class=\"tlid-input input\">\n<div class=\"source-wrap\">\n<div class=\"input-full-height-wrapper tlid-input-full-height-wrapper\">\n<div class=\"source-input\">\n<div class=\"source-footer-wrap source-or-target-footer\">\n<div class=\"character-count tlid-character-count\"><span title=\"\">Naloga stojala za obla\u010dila Plutoo je zmanj\u0161ati obseg dela v gospodinjstvu in izbolj\u0161ati va\u0161 ekolo\u0161ki odtis.<\/span> <span class=\"\" title=\"\">Ne samo, da boste opravili manj pranja, ampak se bo hkrati tudi podalj\u0161ala \u017eivljenjska doba va\u0161ih obla\u010dil.<\/span><\/div>\n<\/div>\n<\/div>\n<\/div>\n<\/div>\n<\/div>\n<\/div>\n<\/div>\n<p>Ve\u010d o stojalu in razli\u010dnih materialih:\u00a0stojalo za obleke <a href=\"http:\/\/3sdesign.eu\/SI\/kolekcije\/plutoo\/\">PLUTOO <\/a><\/p>\n<h5><strong>MATERIALI:<\/strong><\/h5>\n<ul>\n<li><strong>MDF (Medium-density fibreboards)<\/strong> \u2013 \u00bbtelo\u00ab stojala za obla\u010dila je narejeno iz srednje goste vlaknene plo\u0161\u010de, izdelane iz lesnih vlaken z dodatkom smole. To je visoko kvalitetna plo\u0161\u010da, homogena in stabilna. MDF plo\u0161\u010de so barvane s strukturno mat barvo na \u010drno.<\/li>\n<li><strong>Bukev masiva \/ hrast masiva <\/strong>\u2013 Za obe\u0161alne palice uporabljamo masiven les, ki ga ro\u010dno oljimo. Ko naro\u010date, lahko izbirate med ve\u010d razli\u010dnimi barvami olja: natur (prozorno olje), belo olje in \u010drno olje. Naro\u010dite lahko tudi razli\u010dne kombinacija, na primer 2 x natur hrast + 2x \u010drna palica.<\/li>\n<li><strong>Pra\u0161no barvana kovina <\/strong><strong>\u2013 vrhnji obe\u0161alnik je narejen iz pra\u0161no barvanega jekla. Na izbiro imate dve barvi: \u010drno in belo. <\/strong><\/li>\n<\/ul>\n<p>&nbsp;<\/p>\n<h5><strong>Kako naro\u010diti:<\/strong><\/h5>\n<p>\u010ce bi radi prejeli ponudbo ali naro\u010dili stojalo, nas prosim kontaktirajte s klikom na povezavo <a href=\"http:\/\/3sdesign.eu\/SI\/povprasevanje\/\">Povpra\u0161evanja in naro\u010dila<\/a>.<\/p>\n<p>V sporo\u010dilu prosim navedite:<\/p>\n<ul>\n<li>Material in barvo stojala za obleke: <strong>MDF \u2013 \u010drna<\/strong><\/li>\n<li>Barvo palic za obe\u0161anje: <strong>natur hrast \/ natur bukev \/ \u010drna \/ bela<\/strong> (ali kombinacija razli\u010dnih barv)<\/li>\n<li>Barvo kovinskega obe\u0161alnika: <strong>\u010drna \/ bela<\/strong><\/li>\n<\/ul>\n","protected":false},"excerpt":{"rendered":"<p><strong>MATERIALI:<\/strong><br \/>\nMDF plo\u0161\u010de iz lesenih vlaken (barvane \u010drno)<br \/>\nbukev masiva \/ hrast masiva<br \/>\npra\u0161no barvano jeklo<\/p>\n<p><strong>BARVA:<\/strong><br \/>\n\u010crna (MDF)<\/p>\n<p><strong>BARVA ZGORNJEGA OBE\u0160ALNIKA:<\/strong><br \/>\nbela \/ \u010drna (pra\u0161no barvano jeklo)<\/p>\n<p><strong>BARVA PALIC ZA OBE\u0160ANJE:<\/strong><br \/>\nbela \/ \u010drna \/ natur hrast \/ natur bukev<\/p>\n<p><strong>DIMENZIJE:<\/strong><br \/>\nL\u00a0\u00a0 45 cm \/ 17.7\u201d<br \/>\nD\u00a0 28,5 cm \/ 11.22\u201d<br \/>\nH\u00a0 125 cm \/ 49.2\u201d<\/p>\n<p><strong>TE\u017dA:<\/strong><br \/>\n9 kg \/ 19,85 Ibs<\/p>\n<p>Idelek je v celoti proizveden v Sloveniji.<br \/>\nStojalo Plutoo po\u0161iljamo po celem svetu. Po\u0161tnina po Sloveniji je brezpla\u010dna.<\/p>\n<p>&nbsp;<\/p>\n<p>&nbsp;<\/p>\n<a href='http:\/\/3sdesign.eu\/SI\/povprasevanje\/' class='big-button bigblue' target=\"_blank\">Povpra\u0161evanje in naro\u010dila<\/a>\n","protected":false},"featured_media":527,"template":"","meta":{"_et_pb_use_builder":"","_et_pb_old_content":"","_et_gb_content_width":"","_monsterinsights_skip_tracking":false,"_monsterinsights_sitenote_active":false,"_monsterinsights_sitenote_note":"","_monsterinsights_sitenote_category":0},"product_brand":[],"product_cat":[21],"product_tag":[22],"class_list":{"0":"post-839","1":"product","2":"type-product","3":"status-publish","4":"has-post-thumbnail","6":"product_cat-plutoo","7":"product_tag-stojalo-za-obleke","9":"first","10":"instock","11":"shipping-taxable","12":"purchasable","13":"product-type-simple"},"yoast_head":"<!-- This site is optimized with the Yoast SEO plugin v25.0 - https:\/\/yoast.com\/wordpress\/plugins\/seo\/ -->\n<title>Stojalo za obleke \u2022 Plutoo \u2022 MDF \u2022 \u010drno - 3s design<\/title>\n<meta name=\"description\" content=\"Na \u010drno stojalo za obleke Plutoo lahko postavite veliko obla\u010dil, ki padajo eno mimo drugega, se zra\u010dijo in ne me\u010dkajo; vse do naslednje uporabe.\" \/>\n<meta name=\"robots\" content=\"index, follow, max-snippet:-1, max-image-preview:large, max-video-preview:-1\" \/>\n<link rel=\"canonical\" href=\"https:\/\/3sdesign.eu\/SI\/izdelek\/stojalo-za-obleke-plutoo-mdf-crn\/\" \/>\n<meta property=\"og:locale\" content=\"sl_SI\" \/>\n<meta property=\"og:type\" content=\"article\" \/>\n<meta property=\"og:title\" content=\"Stojalo za obleke \u2022 Plutoo \u2022 MDF \u2022 \u010drno - 3s design\" \/>\n<meta property=\"og:description\" content=\"Na \u010drno stojalo za obleke Plutoo lahko postavite veliko obla\u010dil, ki padajo eno mimo drugega, se zra\u010dijo in ne me\u010dkajo; vse do naslednje uporabe.\" \/>\n<meta property=\"og:url\" content=\"https:\/\/3sdesign.eu\/SI\/izdelek\/stojalo-za-obleke-plutoo-mdf-crn\/\" \/>\n<meta property=\"og:site_name\" content=\"3s design\" \/>\n<meta property=\"article:modified_time\" content=\"2023-04-11T14:45:03+00:00\" \/>\n<meta property=\"og:image\" content=\"https:\/\/3sdesign.eu\/SI\/wp-content\/uploads\/2019\/10\/Clothes-stand-Black.jpg\" \/>\n\t<meta property=\"og:image:width\" content=\"2100\" \/>\n\t<meta property=\"og:image:height\" content=\"2100\" \/>\n\t<meta property=\"og:image:type\" content=\"image\/jpeg\" \/>\n<meta name=\"twitter:card\" content=\"summary_large_image\" \/>\n<meta name=\"twitter:label1\" content=\"Est. reading time\" \/>\n\t<meta name=\"twitter:data1\" content=\"2 minuti\" \/>\n<script type=\"application\/ld+json\" class=\"yoast-schema-graph\">{\"@context\":\"https:\/\/schema.org\",\"@graph\":[{\"@type\":\"WebPage\",\"@id\":\"https:\/\/3sdesign.eu\/SI\/izdelek\/stojalo-za-obleke-plutoo-mdf-crn\/\",\"url\":\"https:\/\/3sdesign.eu\/SI\/izdelek\/stojalo-za-obleke-plutoo-mdf-crn\/\",\"name\":\"Stojalo za obleke \u2022 Plutoo \u2022 MDF \u2022 \u010drno - 3s design\",\"isPartOf\":{\"@id\":\"https:\/\/3sdesign.eu\/SI\/#website\"},\"primaryImageOfPage\":{\"@id\":\"https:\/\/3sdesign.eu\/SI\/izdelek\/stojalo-za-obleke-plutoo-mdf-crn\/#primaryimage\"},\"image\":{\"@id\":\"https:\/\/3sdesign.eu\/SI\/izdelek\/stojalo-za-obleke-plutoo-mdf-crn\/#primaryimage\"},\"thumbnailUrl\":\"https:\/\/3sdesign.eu\/SI\/wp-content\/uploads\/2019\/10\/Clothes-stand-Black.jpg\",\"datePublished\":\"2019-10-25T07:26:16+00:00\",\"dateModified\":\"2023-04-11T14:45:03+00:00\",\"description\":\"Na \u010drno stojalo za obleke Plutoo lahko postavite veliko obla\u010dil, ki padajo eno mimo drugega, se zra\u010dijo in ne me\u010dkajo; vse do naslednje uporabe.\",\"breadcrumb\":{\"@id\":\"https:\/\/3sdesign.eu\/SI\/izdelek\/stojalo-za-obleke-plutoo-mdf-crn\/#breadcrumb\"},\"inLanguage\":\"sl-SI\",\"potentialAction\":[{\"@type\":\"ReadAction\",\"target\":[\"https:\/\/3sdesign.eu\/SI\/izdelek\/stojalo-za-obleke-plutoo-mdf-crn\/\"]}]},{\"@type\":\"ImageObject\",\"inLanguage\":\"sl-SI\",\"@id\":\"https:\/\/3sdesign.eu\/SI\/izdelek\/stojalo-za-obleke-plutoo-mdf-crn\/#primaryimage\",\"url\":\"https:\/\/3sdesign.eu\/SI\/wp-content\/uploads\/2019\/10\/Clothes-stand-Black.jpg\",\"contentUrl\":\"https:\/\/3sdesign.eu\/SI\/wp-content\/uploads\/2019\/10\/Clothes-stand-Black.jpg\",\"width\":2100,\"height\":2100,\"caption\":\"\u010crno MDF stojalo za obleke\"},{\"@type\":\"BreadcrumbList\",\"@id\":\"https:\/\/3sdesign.eu\/SI\/izdelek\/stojalo-za-obleke-plutoo-mdf-crn\/#breadcrumb\",\"itemListElement\":[{\"@type\":\"ListItem\",\"position\":1,\"name\":\"Home\",\"item\":\"https:\/\/3sdesign.eu\/SI\/\"},{\"@type\":\"ListItem\",\"position\":2,\"name\":\"Izdelki\",\"item\":\"https:\/\/3sdesign.eu\/SI\/shop\/\"},{\"@type\":\"ListItem\",\"position\":3,\"name\":\"Stojalo za obleke \u2022 Plutoo \u2022 MDF \u2022 \u010drno\"}]},{\"@type\":\"WebSite\",\"@id\":\"https:\/\/3sdesign.eu\/SI\/#website\",\"url\":\"https:\/\/3sdesign.eu\/SI\/\",\"name\":\"3s design\",\"description\":\"Dizajnersko pohi\u0161tvo in stenske obloge za kuhinjo\",\"potentialAction\":[{\"@type\":\"SearchAction\",\"target\":{\"@type\":\"EntryPoint\",\"urlTemplate\":\"https:\/\/3sdesign.eu\/SI\/?s={search_term_string}\"},\"query-input\":{\"@type\":\"PropertyValueSpecification\",\"valueRequired\":true,\"valueName\":\"search_term_string\"}}],\"inLanguage\":\"sl-SI\"}]}<\/script>\n<!-- \/ Yoast SEO plugin. -->","yoast_head_json":{"title":"Stojalo za obleke \u2022 Plutoo \u2022 MDF \u2022 \u010drno - 3s design","description":"Na \u010drno stojalo za obleke Plutoo lahko postavite veliko obla\u010dil, ki padajo eno mimo drugega, se zra\u010dijo in ne me\u010dkajo; vse do naslednje uporabe.","robots":{"index":"index","follow":"follow","max-snippet":"max-snippet:-1","max-image-preview":"max-image-preview:large","max-video-preview":"max-video-preview:-1"},"canonical":"https:\/\/3sdesign.eu\/SI\/izdelek\/stojalo-za-obleke-plutoo-mdf-crn\/","og_locale":"sl_SI","og_type":"article","og_title":"Stojalo za obleke \u2022 Plutoo \u2022 MDF \u2022 \u010drno - 3s design","og_description":"Na \u010drno stojalo za obleke Plutoo lahko postavite veliko obla\u010dil, ki padajo eno mimo drugega, se zra\u010dijo in ne me\u010dkajo; vse do naslednje uporabe.","og_url":"https:\/\/3sdesign.eu\/SI\/izdelek\/stojalo-za-obleke-plutoo-mdf-crn\/","og_site_name":"3s design","article_modified_time":"2023-04-11T14:45:03+00:00","og_image":[{"width":2100,"height":2100,"url":"https:\/\/3sdesign.eu\/SI\/wp-content\/uploads\/2019\/10\/Clothes-stand-Black.jpg","type":"image\/jpeg"}],"twitter_card":"summary_large_image","twitter_misc":{"Est. reading time":"2 minuti"},"schema":{"@context":"https:\/\/schema.org","@graph":[{"@type":"WebPage","@id":"https:\/\/3sdesign.eu\/SI\/izdelek\/stojalo-za-obleke-plutoo-mdf-crn\/","url":"https:\/\/3sdesign.eu\/SI\/izdelek\/stojalo-za-obleke-plutoo-mdf-crn\/","name":"Stojalo za obleke \u2022 Plutoo \u2022 MDF \u2022 \u010drno - 3s design","isPartOf":{"@id":"https:\/\/3sdesign.eu\/SI\/#website"},"primaryImageOfPage":{"@id":"https:\/\/3sdesign.eu\/SI\/izdelek\/stojalo-za-obleke-plutoo-mdf-crn\/#primaryimage"},"image":{"@id":"https:\/\/3sdesign.eu\/SI\/izdelek\/stojalo-za-obleke-plutoo-mdf-crn\/#primaryimage"},"thumbnailUrl":"https:\/\/3sdesign.eu\/SI\/wp-content\/uploads\/2019\/10\/Clothes-stand-Black.jpg","datePublished":"2019-10-25T07:26:16+00:00","dateModified":"2023-04-11T14:45:03+00:00","description":"Na \u010drno stojalo za obleke Plutoo lahko postavite veliko obla\u010dil, ki padajo eno mimo drugega, se zra\u010dijo in ne me\u010dkajo; vse do naslednje uporabe.","breadcrumb":{"@id":"https:\/\/3sdesign.eu\/SI\/izdelek\/stojalo-za-obleke-plutoo-mdf-crn\/#breadcrumb"},"inLanguage":"sl-SI","potentialAction":[{"@type":"ReadAction","target":["https:\/\/3sdesign.eu\/SI\/izdelek\/stojalo-za-obleke-plutoo-mdf-crn\/"]}]},{"@type":"ImageObject","inLanguage":"sl-SI","@id":"https:\/\/3sdesign.eu\/SI\/izdelek\/stojalo-za-obleke-plutoo-mdf-crn\/#primaryimage","url":"https:\/\/3sdesign.eu\/SI\/wp-content\/uploads\/2019\/10\/Clothes-stand-Black.jpg","contentUrl":"https:\/\/3sdesign.eu\/SI\/wp-content\/uploads\/2019\/10\/Clothes-stand-Black.jpg","width":2100,"height":2100,"caption":"\u010crno MDF stojalo za obleke"},{"@type":"BreadcrumbList","@id":"https:\/\/3sdesign.eu\/SI\/izdelek\/stojalo-za-obleke-plutoo-mdf-crn\/#breadcrumb","itemListElement":[{"@type":"ListItem","position":1,"name":"Home","item":"https:\/\/3sdesign.eu\/SI\/"},{"@type":"ListItem","position":2,"name":"Izdelki","item":"https:\/\/3sdesign.eu\/SI\/shop\/"},{"@type":"ListItem","position":3,"name":"Stojalo za obleke \u2022 Plutoo \u2022 MDF \u2022 \u010drno"}]},{"@type":"WebSite","@id":"https:\/\/3sdesign.eu\/SI\/#website","url":"https:\/\/3sdesign.eu\/SI\/","name":"3s design","description":"Dizajnersko pohi\u0161tvo in stenske obloge za kuhinjo","potentialAction":[{"@type":"SearchAction","target":{"@type":"EntryPoint","urlTemplate":"https:\/\/3sdesign.eu\/SI\/?s={search_term_string}"},"query-input":{"@type":"PropertyValueSpecification","valueRequired":true,"valueName":"search_term_string"}}],"inLanguage":"sl-SI"}]}},"_links":{"self":[{"href":"https:\/\/3sdesign.eu\/SI\/wp-json\/wp\/v2\/product\/839","targetHints":{"allow":["GET"]}}],"collection":[{"href":"https:\/\/3sdesign.eu\/SI\/wp-json\/wp\/v2\/product"}],"about":[{"href":"https:\/\/3sdesign.eu\/SI\/wp-json\/wp\/v2\/types\/product"}],"wp:featuredmedia":[{"embeddable":true,"href":"https:\/\/3sdesign.eu\/SI\/wp-json\/wp\/v2\/media\/527"}],"wp:attachment":[{"href":"https:\/\/3sdesign.eu\/SI\/wp-json\/wp\/v2\/media?parent=839"}],"wp:term":[{"taxonomy":"product_brand","embeddable":true,"href":"https:\/\/3sdesign.eu\/SI\/wp-json\/wp\/v2\/product_brand?post=839"},{"taxonomy":"product_cat","embeddable":true,"href":"https:\/\/3sdesign.eu\/SI\/wp-json\/wp\/v2\/product_cat?post=839"},{"taxonomy":"product_tag","embeddable":true,"href":"https:\/\/3sdesign.eu\/SI\/wp-json\/wp\/v2\/product_tag?post=839"}],"curies":[{"name":"wp","href":"https:\/\/api.w.org\/{rel}","templated":true}]}}