{"id":1260,"date":"2019-11-07T08:32:40","date_gmt":"2019-11-07T07:32:40","guid":{"rendered":"http:\/\/3sdesign.eu\/SI\/?post_type=product&#038;p=1260"},"modified":"2019-11-07T08:34:13","modified_gmt":"2019-11-07T07:34:13","slug":"drzalo-za-zacimbe-w-6-oblique","status":"publish","type":"product","link":"https:\/\/3sdesign.eu\/SI\/izdelek\/drzalo-za-zacimbe-w-6-oblique\/","title":{"rendered":"DR\u017dALO ZA ZA\u010cIMBE \u2022 W \u2022 6 \u2022 oblique"},"content":{"rendered":"<p>&nbsp;<\/p>\n<p>Ta produkt je del inovativnega magneta sistema 3S magnet. \u010ce \u017eelite zvedeti ve\u010d o sistemu, ki ga sestavljajo stenska obloga in magnetni dodatki kliknite: <a href=\"http:\/\/3sdesign.eu\/SI\/kolekcije\/3s-magnet\/\">3S magnet<\/a><\/p>\n<p>&nbsp;<\/p>\n<h5><\/h5>\n<h5><strong>MATERIALI:<\/strong><\/h5>\n<ul>\n<li><strong>Hrast masiva <\/strong>\u2013 uporabljamo masiven hrastov les, ki ga ro\u010dno oljimo. Izbirate lahko med tremi barvami olja: natur(brezbarvno), belo in temno<\/li>\n<li><strong>Magneti<\/strong> &#8211; za vgradnjo uporabljamo neodim magnete. Neodim magneti so najmo\u010dnej\u0161i permanentni (trajni) mangeti.<\/li>\n<li><strong>Epruvete<\/strong> &#8211; dr\u017ealu za za\u010dimbe so prilo\u017eene steklene epruvete s plutastim zama\u0161kom<\/li>\n<\/ul>\n","protected":false},"excerpt":{"rendered":"<p><strong>MATERIALI:<\/strong><br \/>\nhrast masiva<br \/>\nmagneti<br \/>\nepruvete<\/p>\n<p><strong>FINI\u0160:<\/strong><br \/>\nro\u010dno oljeno<\/p>\n<p><strong>BARVA OLJA:<\/strong><br \/>\nnatur (brezbarvno) \/ bela \/ temna<\/p>\n<p><strong>DIMENZIJE:<\/strong><br \/>\nL\u00a0 30 cm<br \/>\nW 5 cm<br \/>\nH\u00a0 2.5 cm<\/p>\n<p><strong>NOSILNOST:<\/strong><br \/>\nmax. 1 kg*<\/p>\n<p><strong>TE\u017dA:<\/strong><br \/>\n0,5 kg<\/p>\n<p><strong>PRITRJEVANJE<\/strong><strong>:<\/strong><br \/>\npritrjevanje Z MAGNETI<br \/>\nSTENSKA OBLOGA NI VKLJU\u010cENA<\/p>\n<p><strong>STEKLENE EPRUVETE<\/strong><br \/>\n6 epruvet \u2013 dol\u017eina 15 cm \/\u00a0 fi 2,5 cm<\/p>\n<p><strong>\u0160T. IZDELKA\u00a0\u00a0 \u00a0\u00a0 \u00a0\u00a0 \u2022 \u00a0 \u00a0\u00a0 \u00a0 BARVA OLJA<\/strong><br \/>\nSM-SR6-OB-OAK-00 \u00a0 \u00a0 OLJENO NATUR<br \/>\nSM-SR6-OB-OAK-01 \u00a0 \u00a0 OLJENO BELO<br \/>\nSM-SR6-OB-OAK-02 \u00a0 \u00a0 OLJENO TEMNO<\/p>\n<p>Idelek je v celoti proizveden v Sloveniji.<br \/>\nIzdelke po\u0161iljamo po celem svetu. Po\u0161tnina po Sloveniji je brezpla\u010dna.<\/p>\n<p>*Garantirana nosilnost magnetnih dodatkov velja le ob souporabi originalne 3S magnet stenske obloge.<\/p>\n<a href='http:\/\/3sdesign.eu\/SI\/povprasevanje\/' class='big-button bigblue' target=\"_blank\">Povpra\u0161evanje in naro\u010dila<\/a>\n","protected":false},"featured_media":637,"template":"","meta":{"_et_pb_use_builder":"","_et_pb_old_content":"","_et_gb_content_width":"","_monsterinsights_skip_tracking":false,"_monsterinsights_sitenote_active":false,"_monsterinsights_sitenote_note":"","_monsterinsights_sitenote_category":0},"product_brand":[],"product_cat":[58],"product_tag":[66,57,34,33,62,60,64,65,63,67,61],"class_list":{"0":"post-1260","1":"product","2":"type-product","3":"status-publish","4":"has-post-thumbnail","6":"product_cat-dodatki-za-kuhinjo","7":"product_tag-3s-manget","8":"product_tag-drzalo-za-noze","9":"product_tag-hrast","10":"product_tag-hrast-masiva","11":"product_tag-kuhinjska-polica","12":"product_tag-kuhinjski-dodatki","13":"product_tag-magneti","14":"product_tag-magnetne-police","15":"product_tag-magnetni-dodatki","16":"product_tag-magnetno-drzalo-za-noze","17":"product_tag-polica-za-kuhinjo","19":"first","20":"instock","21":"shipping-taxable","22":"product-type-simple"},"yoast_head":"<!-- This site is optimized with the Yoast SEO plugin v25.0 - https:\/\/yoast.com\/wordpress\/plugins\/seo\/ -->\n<title>DR\u017dALO ZA ZA\u010cIMBE \u2022 W \u2022 6 \u2022 oblique - 3s design<\/title>\n<meta name=\"robots\" content=\"index, follow, max-snippet:-1, max-image-preview:large, max-video-preview:-1\" \/>\n<link rel=\"canonical\" href=\"https:\/\/3sdesign.eu\/SI\/izdelek\/drzalo-za-zacimbe-w-6-oblique\/\" \/>\n<meta property=\"og:locale\" content=\"sl_SI\" \/>\n<meta property=\"og:type\" content=\"article\" \/>\n<meta property=\"og:title\" content=\"DR\u017dALO ZA ZA\u010cIMBE \u2022 W \u2022 6 \u2022 oblique - 3s design\" \/>\n<meta property=\"og:description\" content=\"MATERIALI: hrast masiva magneti epruvete  FINI\u0160: ro\u010dno oljeno  BARVA OLJA: natur (brezbarvno) \/ bela \/ temna  DIMENZIJE: L\u00a0 30 cm W 5 cm H\u00a0 2.5 cm  NOSILNOST: max. 1 kg*  TE\u017dA: 0,5 kg  PRITRJEVANJE: pritrjevanje Z MAGNETI STENSKA OBLOGA NI VKLJU\u010cENA  STEKLENE EPRUVETE 6 epruvet \u2013 dol\u017eina 15 cm \/\u00a0 fi 2,5 cm  \u0160T. IZDELKA\u00a0\u00a0 \u00a0\u00a0 \u00a0\u00a0 \u2022 \u00a0 \u00a0\u00a0 \u00a0 BARVA OLJA SM-SR6-OB-OAK-00 \u00a0 \u00a0 OLJENO NATUR SM-SR6-OB-OAK-01 \u00a0 \u00a0 OLJENO BELO SM-SR6-OB-OAK-02 \u00a0 \u00a0 OLJENO TEMNO  Idelek je v celoti proizveden v Sloveniji. Izdelke po\u0161iljamo po celem svetu. Po\u0161tnina po Sloveniji je brezpla\u010dna.  *Garantirana nosilnost magnetnih dodatkov velja le ob souporabi originalne 3S magnet stenske obloge.\" \/>\n<meta property=\"og:url\" content=\"https:\/\/3sdesign.eu\/SI\/izdelek\/drzalo-za-zacimbe-w-6-oblique\/\" \/>\n<meta property=\"og:site_name\" content=\"3s design\" \/>\n<meta property=\"article:modified_time\" content=\"2019-11-07T07:34:13+00:00\" \/>\n<meta property=\"og:image\" content=\"https:\/\/3sdesign.eu\/SI\/wp-content\/uploads\/2019\/10\/Magnetic-spice-rack_02.jpg\" \/>\n\t<meta property=\"og:image:width\" content=\"3307\" \/>\n\t<meta property=\"og:image:height\" content=\"3307\" \/>\n\t<meta property=\"og:image:type\" content=\"image\/jpeg\" \/>\n<meta name=\"twitter:card\" content=\"summary_large_image\" \/>\n<script type=\"application\/ld+json\" class=\"yoast-schema-graph\">{\"@context\":\"https:\/\/schema.org\",\"@graph\":[{\"@type\":\"WebPage\",\"@id\":\"https:\/\/3sdesign.eu\/SI\/izdelek\/drzalo-za-zacimbe-w-6-oblique\/\",\"url\":\"https:\/\/3sdesign.eu\/SI\/izdelek\/drzalo-za-zacimbe-w-6-oblique\/\",\"name\":\"DR\u017dALO ZA ZA\u010cIMBE \u2022 W \u2022 6 \u2022 oblique - 3s design\",\"isPartOf\":{\"@id\":\"https:\/\/3sdesign.eu\/SI\/#website\"},\"primaryImageOfPage\":{\"@id\":\"https:\/\/3sdesign.eu\/SI\/izdelek\/drzalo-za-zacimbe-w-6-oblique\/#primaryimage\"},\"image\":{\"@id\":\"https:\/\/3sdesign.eu\/SI\/izdelek\/drzalo-za-zacimbe-w-6-oblique\/#primaryimage\"},\"thumbnailUrl\":\"https:\/\/3sdesign.eu\/SI\/wp-content\/uploads\/2019\/10\/Magnetic-spice-rack_02.jpg\",\"datePublished\":\"2019-11-07T07:32:40+00:00\",\"dateModified\":\"2019-11-07T07:34:13+00:00\",\"breadcrumb\":{\"@id\":\"https:\/\/3sdesign.eu\/SI\/izdelek\/drzalo-za-zacimbe-w-6-oblique\/#breadcrumb\"},\"inLanguage\":\"sl-SI\",\"potentialAction\":[{\"@type\":\"ReadAction\",\"target\":[\"https:\/\/3sdesign.eu\/SI\/izdelek\/drzalo-za-zacimbe-w-6-oblique\/\"]}]},{\"@type\":\"ImageObject\",\"inLanguage\":\"sl-SI\",\"@id\":\"https:\/\/3sdesign.eu\/SI\/izdelek\/drzalo-za-zacimbe-w-6-oblique\/#primaryimage\",\"url\":\"https:\/\/3sdesign.eu\/SI\/wp-content\/uploads\/2019\/10\/Magnetic-spice-rack_02.jpg\",\"contentUrl\":\"https:\/\/3sdesign.eu\/SI\/wp-content\/uploads\/2019\/10\/Magnetic-spice-rack_02.jpg\",\"width\":3307,\"height\":3307},{\"@type\":\"BreadcrumbList\",\"@id\":\"https:\/\/3sdesign.eu\/SI\/izdelek\/drzalo-za-zacimbe-w-6-oblique\/#breadcrumb\",\"itemListElement\":[{\"@type\":\"ListItem\",\"position\":1,\"name\":\"Home\",\"item\":\"https:\/\/3sdesign.eu\/SI\/\"},{\"@type\":\"ListItem\",\"position\":2,\"name\":\"Izdelki\",\"item\":\"https:\/\/3sdesign.eu\/SI\/shop\/\"},{\"@type\":\"ListItem\",\"position\":3,\"name\":\"DR\u017dALO ZA ZA\u010cIMBE \u2022 W \u2022 6 \u2022 oblique\"}]},{\"@type\":\"WebSite\",\"@id\":\"https:\/\/3sdesign.eu\/SI\/#website\",\"url\":\"https:\/\/3sdesign.eu\/SI\/\",\"name\":\"3s design\",\"description\":\"Dizajnersko pohi\u0161tvo in stenske obloge za kuhinjo\",\"potentialAction\":[{\"@type\":\"SearchAction\",\"target\":{\"@type\":\"EntryPoint\",\"urlTemplate\":\"https:\/\/3sdesign.eu\/SI\/?s={search_term_string}\"},\"query-input\":{\"@type\":\"PropertyValueSpecification\",\"valueRequired\":true,\"valueName\":\"search_term_string\"}}],\"inLanguage\":\"sl-SI\"}]}<\/script>\n<!-- \/ Yoast SEO plugin. -->","yoast_head_json":{"title":"DR\u017dALO ZA ZA\u010cIMBE \u2022 W \u2022 6 \u2022 oblique - 3s design","robots":{"index":"index","follow":"follow","max-snippet":"max-snippet:-1","max-image-preview":"max-image-preview:large","max-video-preview":"max-video-preview:-1"},"canonical":"https:\/\/3sdesign.eu\/SI\/izdelek\/drzalo-za-zacimbe-w-6-oblique\/","og_locale":"sl_SI","og_type":"article","og_title":"DR\u017dALO ZA ZA\u010cIMBE \u2022 W \u2022 6 \u2022 oblique - 3s design","og_description":"MATERIALI: hrast masiva magneti epruvete  FINI\u0160: ro\u010dno oljeno  BARVA OLJA: natur (brezbarvno) \/ bela \/ temna  DIMENZIJE: L\u00a0 30 cm W 5 cm H\u00a0 2.5 cm  NOSILNOST: max. 1 kg*  TE\u017dA: 0,5 kg  PRITRJEVANJE: pritrjevanje Z MAGNETI STENSKA OBLOGA NI VKLJU\u010cENA  STEKLENE EPRUVETE 6 epruvet \u2013 dol\u017eina 15 cm \/\u00a0 fi 2,5 cm  \u0160T. IZDELKA\u00a0\u00a0 \u00a0\u00a0 \u00a0\u00a0 \u2022 \u00a0 \u00a0\u00a0 \u00a0 BARVA OLJA SM-SR6-OB-OAK-00 \u00a0 \u00a0 OLJENO NATUR SM-SR6-OB-OAK-01 \u00a0 \u00a0 OLJENO BELO SM-SR6-OB-OAK-02 \u00a0 \u00a0 OLJENO TEMNO  Idelek je v celoti proizveden v Sloveniji. Izdelke po\u0161iljamo po celem svetu. Po\u0161tnina po Sloveniji je brezpla\u010dna.  *Garantirana nosilnost magnetnih dodatkov velja le ob souporabi originalne 3S magnet stenske obloge.","og_url":"https:\/\/3sdesign.eu\/SI\/izdelek\/drzalo-za-zacimbe-w-6-oblique\/","og_site_name":"3s design","article_modified_time":"2019-11-07T07:34:13+00:00","og_image":[{"width":3307,"height":3307,"url":"https:\/\/3sdesign.eu\/SI\/wp-content\/uploads\/2019\/10\/Magnetic-spice-rack_02.jpg","type":"image\/jpeg"}],"twitter_card":"summary_large_image","schema":{"@context":"https:\/\/schema.org","@graph":[{"@type":"WebPage","@id":"https:\/\/3sdesign.eu\/SI\/izdelek\/drzalo-za-zacimbe-w-6-oblique\/","url":"https:\/\/3sdesign.eu\/SI\/izdelek\/drzalo-za-zacimbe-w-6-oblique\/","name":"DR\u017dALO ZA ZA\u010cIMBE \u2022 W \u2022 6 \u2022 oblique - 3s design","isPartOf":{"@id":"https:\/\/3sdesign.eu\/SI\/#website"},"primaryImageOfPage":{"@id":"https:\/\/3sdesign.eu\/SI\/izdelek\/drzalo-za-zacimbe-w-6-oblique\/#primaryimage"},"image":{"@id":"https:\/\/3sdesign.eu\/SI\/izdelek\/drzalo-za-zacimbe-w-6-oblique\/#primaryimage"},"thumbnailUrl":"https:\/\/3sdesign.eu\/SI\/wp-content\/uploads\/2019\/10\/Magnetic-spice-rack_02.jpg","datePublished":"2019-11-07T07:32:40+00:00","dateModified":"2019-11-07T07:34:13+00:00","breadcrumb":{"@id":"https:\/\/3sdesign.eu\/SI\/izdelek\/drzalo-za-zacimbe-w-6-oblique\/#breadcrumb"},"inLanguage":"sl-SI","potentialAction":[{"@type":"ReadAction","target":["https:\/\/3sdesign.eu\/SI\/izdelek\/drzalo-za-zacimbe-w-6-oblique\/"]}]},{"@type":"ImageObject","inLanguage":"sl-SI","@id":"https:\/\/3sdesign.eu\/SI\/izdelek\/drzalo-za-zacimbe-w-6-oblique\/#primaryimage","url":"https:\/\/3sdesign.eu\/SI\/wp-content\/uploads\/2019\/10\/Magnetic-spice-rack_02.jpg","contentUrl":"https:\/\/3sdesign.eu\/SI\/wp-content\/uploads\/2019\/10\/Magnetic-spice-rack_02.jpg","width":3307,"height":3307},{"@type":"BreadcrumbList","@id":"https:\/\/3sdesign.eu\/SI\/izdelek\/drzalo-za-zacimbe-w-6-oblique\/#breadcrumb","itemListElement":[{"@type":"ListItem","position":1,"name":"Home","item":"https:\/\/3sdesign.eu\/SI\/"},{"@type":"ListItem","position":2,"name":"Izdelki","item":"https:\/\/3sdesign.eu\/SI\/shop\/"},{"@type":"ListItem","position":3,"name":"DR\u017dALO ZA ZA\u010cIMBE \u2022 W \u2022 6 \u2022 oblique"}]},{"@type":"WebSite","@id":"https:\/\/3sdesign.eu\/SI\/#website","url":"https:\/\/3sdesign.eu\/SI\/","name":"3s design","description":"Dizajnersko pohi\u0161tvo in stenske obloge za kuhinjo","potentialAction":[{"@type":"SearchAction","target":{"@type":"EntryPoint","urlTemplate":"https:\/\/3sdesign.eu\/SI\/?s={search_term_string}"},"query-input":{"@type":"PropertyValueSpecification","valueRequired":true,"valueName":"search_term_string"}}],"inLanguage":"sl-SI"}]}},"_links":{"self":[{"href":"https:\/\/3sdesign.eu\/SI\/wp-json\/wp\/v2\/product\/1260","targetHints":{"allow":["GET"]}}],"collection":[{"href":"https:\/\/3sdesign.eu\/SI\/wp-json\/wp\/v2\/product"}],"about":[{"href":"https:\/\/3sdesign.eu\/SI\/wp-json\/wp\/v2\/types\/product"}],"wp:featuredmedia":[{"embeddable":true,"href":"https:\/\/3sdesign.eu\/SI\/wp-json\/wp\/v2\/media\/637"}],"wp:attachment":[{"href":"https:\/\/3sdesign.eu\/SI\/wp-json\/wp\/v2\/media?parent=1260"}],"wp:term":[{"taxonomy":"product_brand","embeddable":true,"href":"https:\/\/3sdesign.eu\/SI\/wp-json\/wp\/v2\/product_brand?post=1260"},{"taxonomy":"product_cat","embeddable":true,"href":"https:\/\/3sdesign.eu\/SI\/wp-json\/wp\/v2\/product_cat?post=1260"},{"taxonomy":"product_tag","embeddable":true,"href":"https:\/\/3sdesign.eu\/SI\/wp-json\/wp\/v2\/product_tag?post=1260"}],"curies":[{"name":"wp","href":"https:\/\/api.w.org\/{rel}","templated":true}]}}