{"id":1257,"date":"2019-11-06T21:01:58","date_gmt":"2019-11-06T20:01:58","guid":{"rendered":"http:\/\/3sdesign.eu\/SI\/?post_type=product&#038;p=1257"},"modified":"2022-09-21T13:52:21","modified_gmt":"2022-09-21T12:52:21","slug":"kljukica-w-dolga-oblique","status":"publish","type":"product","link":"https:\/\/3sdesign.eu\/SI\/izdelek\/kljukica-w-dolga-oblique\/","title":{"rendered":"KLJUKICA \u2022 W \u2022 DOLGA \u2022 oblique"},"content":{"rendered":"<p>&nbsp;<\/p>\n<p>Ta produkt je del inovativnega magneta sistema 3S magnet. \u010ce \u017eelite zvedeti ve\u010d o sistemu, ki ga sestavljajo stenska obloga in magnetni dodatki kliknite: <a href=\"http:\/\/3sdesign.eu\/SI\/kolekcije\/3s-magnet\/\">3S magnet<\/a><\/p>\n<p>&nbsp;<\/p>\n<h5><\/h5>\n<h5><strong>MATERIALI:<\/strong><\/h5>\n<ul>\n<li><strong>Hrast masiva <\/strong>\u2013 uporabljamo masiven hrastov les, ki ga ro\u010dno oljimo. Izbirate lahko med tremi barvami olja: natur(brezbarvno), belo in temno<\/li>\n<li><strong>Magneti<\/strong> &#8211; za vgradnjo uporabljamo neodim magnete. Neodim magneti so najmo\u010dnej\u0161i permanentni (trajni) mangeti.<\/li>\n<\/ul>\n","protected":false},"excerpt":{"rendered":"<p>&nbsp;<\/p>\n<p><strong>MATERIALI:<\/strong><br \/>\nhrast masiva<br \/>\nmagnet<\/p>\n<p><strong>FINI\u0160:<\/strong><br \/>\nro\u010dno oljeno<\/p>\n<p><strong>BARVA OLJA:<\/strong><br \/>\nnatur (brezbarvno) \/ bela \/ temna<\/p>\n<p><strong>DIMENZIJE:<\/strong><br \/>\nL\u00a0 7 cm<br \/>\nW 2,5 cm<\/p>\n<p><strong>NOSILNOST:<\/strong><br \/>\nmax. 1 kg*<\/p>\n<p><strong>TE\u017dA:<\/strong><br \/>\n0,1 kg<\/p>\n<p><strong>PRITRJEVANJE<\/strong><strong>:<\/strong><br \/>\npritrjevanje Z MAGNETI<br \/>\nSTENSKA OBLOGA NI VKLJU\u010cENA<\/p>\n<p><strong>\u0160T. IZDELKA \u00a0<\/strong><strong> \u00a0\u00a0\u00a0\u00a0\u00a0\u00a0\u00a0 \u2022 \u00a0 \u00a0\u00a0 BARVA OLJA<\/strong><br \/>\nSM-WHK-OB-LG-00 \u00a0 \u00a0\u00a0\u00a0 OLJENO NATUR<br \/>\nSM-WHK-OB-LG-01 \u00a0 \u00a0 \u00a0 OLJENO BELO<br \/>\nSM-WHK-OB-LG-02 \u00a0 \u00a0 \u00a0 OLJENO TEMNO<\/p>\n<p>&nbsp;<\/p>\n<p>Idelek je v celoti proizveden v Sloveniji.<br \/>\nIzdelke po\u0161iljamo po celem svetu. Po\u0161tnina po Sloveniji je brezpla\u010dna.<\/p>\n<p>*Garantirana nosilnost magnetnih dodatkov velja le ob souporabi originalne 3S magnet stenske obloge.<\/p>\n<p>&nbsp;<\/p>\n<p><a href=\"http:\/\/3sdesign.eu\/SI\/povprasevanje\/\"><strong>POVPRA\u0160EVANJE IN NAKUP<\/strong><\/a><\/p>\n<p>&nbsp;<\/p>\n","protected":false},"featured_media":574,"template":"","meta":{"_et_pb_use_builder":"","_et_pb_old_content":"","_et_gb_content_width":"","_monsterinsights_skip_tracking":false,"_monsterinsights_sitenote_active":false,"_monsterinsights_sitenote_note":"","_monsterinsights_sitenote_category":0},"product_brand":[],"product_cat":[72],"product_tag":[66,64,65,63],"class_list":{"0":"post-1257","1":"product","2":"type-product","3":"status-publish","4":"has-post-thumbnail","6":"product_cat-kljukice","7":"product_tag-3s-manget","8":"product_tag-magneti","9":"product_tag-magnetne-police","10":"product_tag-magnetni-dodatki","12":"first","13":"instock","14":"shipping-taxable","15":"product-type-simple"},"yoast_head":"<!-- This site is optimized with the Yoast SEO plugin v25.0 - https:\/\/yoast.com\/wordpress\/plugins\/seo\/ -->\n<title>KLJUKICA \u2022 W \u2022 DOLGA \u2022 oblique - 3s design<\/title>\n<meta name=\"robots\" content=\"index, follow, max-snippet:-1, max-image-preview:large, max-video-preview:-1\" \/>\n<link rel=\"canonical\" href=\"https:\/\/3sdesign.eu\/SI\/izdelek\/kljukica-w-dolga-oblique\/\" \/>\n<meta property=\"og:locale\" content=\"sl_SI\" \/>\n<meta property=\"og:type\" content=\"article\" \/>\n<meta property=\"og:title\" content=\"KLJUKICA \u2022 W \u2022 DOLGA \u2022 oblique - 3s design\" \/>\n<meta property=\"og:description\" content=\"&nbsp;  MATERIALI: hrast masiva magnet  FINI\u0160: ro\u010dno oljeno  BARVA OLJA: natur (brezbarvno) \/ bela \/ temna  DIMENZIJE: L\u00a0 7 cm W 2,5 cm  NOSILNOST: max. 1 kg*  TE\u017dA: 0,1 kg  PRITRJEVANJE: pritrjevanje Z MAGNETI STENSKA OBLOGA NI VKLJU\u010cENA  \u0160T. IZDELKA \u00a0 \u00a0\u00a0\u00a0\u00a0\u00a0\u00a0\u00a0 \u2022 \u00a0 \u00a0\u00a0 BARVA OLJA SM-WHK-OB-LG-00 \u00a0 \u00a0\u00a0\u00a0 OLJENO NATUR SM-WHK-OB-LG-01 \u00a0 \u00a0 \u00a0 OLJENO BELO SM-WHK-OB-LG-02 \u00a0 \u00a0 \u00a0 OLJENO TEMNO  &nbsp;  Idelek je v celoti proizveden v Sloveniji. Izdelke po\u0161iljamo po celem svetu. Po\u0161tnina po Sloveniji je brezpla\u010dna.  *Garantirana nosilnost magnetnih dodatkov velja le ob souporabi originalne 3S magnet stenske obloge.  &nbsp;  POVPRA\u0160EVANJE IN NAKUP  &nbsp;\" \/>\n<meta property=\"og:url\" content=\"https:\/\/3sdesign.eu\/SI\/izdelek\/kljukica-w-dolga-oblique\/\" \/>\n<meta property=\"og:site_name\" content=\"3s design\" \/>\n<meta property=\"article:modified_time\" content=\"2022-09-21T12:52:21+00:00\" \/>\n<meta property=\"og:image\" content=\"https:\/\/3sdesign.eu\/SI\/wp-content\/uploads\/2019\/10\/Long-wooden-magnetic-hook_01.jpg\" \/>\n\t<meta property=\"og:image:width\" content=\"3307\" \/>\n\t<meta property=\"og:image:height\" content=\"3307\" \/>\n\t<meta property=\"og:image:type\" content=\"image\/jpeg\" \/>\n<meta name=\"twitter:card\" content=\"summary_large_image\" \/>\n<script type=\"application\/ld+json\" class=\"yoast-schema-graph\">{\"@context\":\"https:\/\/schema.org\",\"@graph\":[{\"@type\":\"WebPage\",\"@id\":\"https:\/\/3sdesign.eu\/SI\/izdelek\/kljukica-w-dolga-oblique\/\",\"url\":\"https:\/\/3sdesign.eu\/SI\/izdelek\/kljukica-w-dolga-oblique\/\",\"name\":\"KLJUKICA \u2022 W \u2022 DOLGA \u2022 oblique - 3s design\",\"isPartOf\":{\"@id\":\"https:\/\/3sdesign.eu\/SI\/#website\"},\"primaryImageOfPage\":{\"@id\":\"https:\/\/3sdesign.eu\/SI\/izdelek\/kljukica-w-dolga-oblique\/#primaryimage\"},\"image\":{\"@id\":\"https:\/\/3sdesign.eu\/SI\/izdelek\/kljukica-w-dolga-oblique\/#primaryimage\"},\"thumbnailUrl\":\"https:\/\/3sdesign.eu\/SI\/wp-content\/uploads\/2019\/10\/Long-wooden-magnetic-hook_01.jpg\",\"datePublished\":\"2019-11-06T20:01:58+00:00\",\"dateModified\":\"2022-09-21T12:52:21+00:00\",\"breadcrumb\":{\"@id\":\"https:\/\/3sdesign.eu\/SI\/izdelek\/kljukica-w-dolga-oblique\/#breadcrumb\"},\"inLanguage\":\"sl-SI\",\"potentialAction\":[{\"@type\":\"ReadAction\",\"target\":[\"https:\/\/3sdesign.eu\/SI\/izdelek\/kljukica-w-dolga-oblique\/\"]}]},{\"@type\":\"ImageObject\",\"inLanguage\":\"sl-SI\",\"@id\":\"https:\/\/3sdesign.eu\/SI\/izdelek\/kljukica-w-dolga-oblique\/#primaryimage\",\"url\":\"https:\/\/3sdesign.eu\/SI\/wp-content\/uploads\/2019\/10\/Long-wooden-magnetic-hook_01.jpg\",\"contentUrl\":\"https:\/\/3sdesign.eu\/SI\/wp-content\/uploads\/2019\/10\/Long-wooden-magnetic-hook_01.jpg\",\"width\":3307,\"height\":3307},{\"@type\":\"BreadcrumbList\",\"@id\":\"https:\/\/3sdesign.eu\/SI\/izdelek\/kljukica-w-dolga-oblique\/#breadcrumb\",\"itemListElement\":[{\"@type\":\"ListItem\",\"position\":1,\"name\":\"Home\",\"item\":\"https:\/\/3sdesign.eu\/SI\/\"},{\"@type\":\"ListItem\",\"position\":2,\"name\":\"Izdelki\",\"item\":\"https:\/\/3sdesign.eu\/SI\/shop\/\"},{\"@type\":\"ListItem\",\"position\":3,\"name\":\"KLJUKICA \u2022 W \u2022 DOLGA \u2022 oblique\"}]},{\"@type\":\"WebSite\",\"@id\":\"https:\/\/3sdesign.eu\/SI\/#website\",\"url\":\"https:\/\/3sdesign.eu\/SI\/\",\"name\":\"3s design\",\"description\":\"Dizajnersko pohi\u0161tvo in stenske obloge za kuhinjo\",\"potentialAction\":[{\"@type\":\"SearchAction\",\"target\":{\"@type\":\"EntryPoint\",\"urlTemplate\":\"https:\/\/3sdesign.eu\/SI\/?s={search_term_string}\"},\"query-input\":{\"@type\":\"PropertyValueSpecification\",\"valueRequired\":true,\"valueName\":\"search_term_string\"}}],\"inLanguage\":\"sl-SI\"}]}<\/script>\n<!-- \/ Yoast SEO plugin. -->","yoast_head_json":{"title":"KLJUKICA \u2022 W \u2022 DOLGA \u2022 oblique - 3s design","robots":{"index":"index","follow":"follow","max-snippet":"max-snippet:-1","max-image-preview":"max-image-preview:large","max-video-preview":"max-video-preview:-1"},"canonical":"https:\/\/3sdesign.eu\/SI\/izdelek\/kljukica-w-dolga-oblique\/","og_locale":"sl_SI","og_type":"article","og_title":"KLJUKICA \u2022 W \u2022 DOLGA \u2022 oblique - 3s design","og_description":"&nbsp;  MATERIALI: hrast masiva magnet  FINI\u0160: ro\u010dno oljeno  BARVA OLJA: natur (brezbarvno) \/ bela \/ temna  DIMENZIJE: L\u00a0 7 cm W 2,5 cm  NOSILNOST: max. 1 kg*  TE\u017dA: 0,1 kg  PRITRJEVANJE: pritrjevanje Z MAGNETI STENSKA OBLOGA NI VKLJU\u010cENA  \u0160T. IZDELKA \u00a0 \u00a0\u00a0\u00a0\u00a0\u00a0\u00a0\u00a0 \u2022 \u00a0 \u00a0\u00a0 BARVA OLJA SM-WHK-OB-LG-00 \u00a0 \u00a0\u00a0\u00a0 OLJENO NATUR SM-WHK-OB-LG-01 \u00a0 \u00a0 \u00a0 OLJENO BELO SM-WHK-OB-LG-02 \u00a0 \u00a0 \u00a0 OLJENO TEMNO  &nbsp;  Idelek je v celoti proizveden v Sloveniji. Izdelke po\u0161iljamo po celem svetu. Po\u0161tnina po Sloveniji je brezpla\u010dna.  *Garantirana nosilnost magnetnih dodatkov velja le ob souporabi originalne 3S magnet stenske obloge.  &nbsp;  POVPRA\u0160EVANJE IN NAKUP  &nbsp;","og_url":"https:\/\/3sdesign.eu\/SI\/izdelek\/kljukica-w-dolga-oblique\/","og_site_name":"3s design","article_modified_time":"2022-09-21T12:52:21+00:00","og_image":[{"width":3307,"height":3307,"url":"https:\/\/3sdesign.eu\/SI\/wp-content\/uploads\/2019\/10\/Long-wooden-magnetic-hook_01.jpg","type":"image\/jpeg"}],"twitter_card":"summary_large_image","schema":{"@context":"https:\/\/schema.org","@graph":[{"@type":"WebPage","@id":"https:\/\/3sdesign.eu\/SI\/izdelek\/kljukica-w-dolga-oblique\/","url":"https:\/\/3sdesign.eu\/SI\/izdelek\/kljukica-w-dolga-oblique\/","name":"KLJUKICA \u2022 W \u2022 DOLGA \u2022 oblique - 3s design","isPartOf":{"@id":"https:\/\/3sdesign.eu\/SI\/#website"},"primaryImageOfPage":{"@id":"https:\/\/3sdesign.eu\/SI\/izdelek\/kljukica-w-dolga-oblique\/#primaryimage"},"image":{"@id":"https:\/\/3sdesign.eu\/SI\/izdelek\/kljukica-w-dolga-oblique\/#primaryimage"},"thumbnailUrl":"https:\/\/3sdesign.eu\/SI\/wp-content\/uploads\/2019\/10\/Long-wooden-magnetic-hook_01.jpg","datePublished":"2019-11-06T20:01:58+00:00","dateModified":"2022-09-21T12:52:21+00:00","breadcrumb":{"@id":"https:\/\/3sdesign.eu\/SI\/izdelek\/kljukica-w-dolga-oblique\/#breadcrumb"},"inLanguage":"sl-SI","potentialAction":[{"@type":"ReadAction","target":["https:\/\/3sdesign.eu\/SI\/izdelek\/kljukica-w-dolga-oblique\/"]}]},{"@type":"ImageObject","inLanguage":"sl-SI","@id":"https:\/\/3sdesign.eu\/SI\/izdelek\/kljukica-w-dolga-oblique\/#primaryimage","url":"https:\/\/3sdesign.eu\/SI\/wp-content\/uploads\/2019\/10\/Long-wooden-magnetic-hook_01.jpg","contentUrl":"https:\/\/3sdesign.eu\/SI\/wp-content\/uploads\/2019\/10\/Long-wooden-magnetic-hook_01.jpg","width":3307,"height":3307},{"@type":"BreadcrumbList","@id":"https:\/\/3sdesign.eu\/SI\/izdelek\/kljukica-w-dolga-oblique\/#breadcrumb","itemListElement":[{"@type":"ListItem","position":1,"name":"Home","item":"https:\/\/3sdesign.eu\/SI\/"},{"@type":"ListItem","position":2,"name":"Izdelki","item":"https:\/\/3sdesign.eu\/SI\/shop\/"},{"@type":"ListItem","position":3,"name":"KLJUKICA \u2022 W \u2022 DOLGA \u2022 oblique"}]},{"@type":"WebSite","@id":"https:\/\/3sdesign.eu\/SI\/#website","url":"https:\/\/3sdesign.eu\/SI\/","name":"3s design","description":"Dizajnersko pohi\u0161tvo in stenske obloge za kuhinjo","potentialAction":[{"@type":"SearchAction","target":{"@type":"EntryPoint","urlTemplate":"https:\/\/3sdesign.eu\/SI\/?s={search_term_string}"},"query-input":{"@type":"PropertyValueSpecification","valueRequired":true,"valueName":"search_term_string"}}],"inLanguage":"sl-SI"}]}},"_links":{"self":[{"href":"https:\/\/3sdesign.eu\/SI\/wp-json\/wp\/v2\/product\/1257","targetHints":{"allow":["GET"]}}],"collection":[{"href":"https:\/\/3sdesign.eu\/SI\/wp-json\/wp\/v2\/product"}],"about":[{"href":"https:\/\/3sdesign.eu\/SI\/wp-json\/wp\/v2\/types\/product"}],"wp:featuredmedia":[{"embeddable":true,"href":"https:\/\/3sdesign.eu\/SI\/wp-json\/wp\/v2\/media\/574"}],"wp:attachment":[{"href":"https:\/\/3sdesign.eu\/SI\/wp-json\/wp\/v2\/media?parent=1257"}],"wp:term":[{"taxonomy":"product_brand","embeddable":true,"href":"https:\/\/3sdesign.eu\/SI\/wp-json\/wp\/v2\/product_brand?post=1257"},{"taxonomy":"product_cat","embeddable":true,"href":"https:\/\/3sdesign.eu\/SI\/wp-json\/wp\/v2\/product_cat?post=1257"},{"taxonomy":"product_tag","embeddable":true,"href":"https:\/\/3sdesign.eu\/SI\/wp-json\/wp\/v2\/product_tag?post=1257"}],"curies":[{"name":"wp","href":"https:\/\/api.w.org\/{rel}","templated":true}]}}