{"id":1195,"date":"2019-11-01T09:46:38","date_gmt":"2019-11-01T08:46:38","guid":{"rendered":"http:\/\/3sdesign.eu\/SI\/?post_type=product&#038;p=1195"},"modified":"2019-11-07T08:30:25","modified_gmt":"2019-11-07T07:30:25","slug":"drzalo-za-brisace-30-basic","status":"publish","type":"product","link":"https:\/\/3sdesign.eu\/SI\/izdelek\/drzalo-za-brisace-30-basic\/","title":{"rendered":"DR\u017dALO ZA BRISA\u010cE 30 \u2022 basic"},"content":{"rendered":"<p>&nbsp;<\/p>\n<p>Ta produkt je del inovativnega magneta sistema 3S magnet. \u010ce \u017eelite zvedeti ve\u010d o sistemu, ki ga sestavljajo stenska obloga in magnetni dodatki kliknite: <a href=\"http:\/\/3sdesign.eu\/SI\/kolekcije\/3s-magnet\/\">3S magnet<\/a><\/p>\n<p>&nbsp;<\/p>\n<h5><\/h5>\n<h5><strong>MATERIALI:<\/strong><\/h5>\n<ul>\n<li><strong>Pra\u0161no barvana kovina <\/strong>\u2013 Izdelke izdelujemo iz pra\u0161no barvanega jekla, ki je barvano s posebno mat barvo. Pra\u0161na barva je odporna na toploto, vodo in ni ob\u010dutljiva na prstne odtise. Izdelke imamo na zalogi v \u010drni, beli in grafit barvi. Ostale barve so na voljo po naro\u010dilu. \u010ce \u017eelite izdelek v kateri koli drugi barvi nas prosim <a href=\"http:\/\/3sdesign.eu\/SI\/povprasevanje\/\">kontaktirajte.<\/a><\/li>\n<li><strong>Magneti<\/strong> &#8211; za vgradnjo uporabljamo neodim magnete. Neodim magneti so najmo\u010dnej\u0161i permanentni (trajni) mangeti.<\/li>\n<\/ul>\n","protected":false},"excerpt":{"rendered":"<p><strong>MATERIALI:<\/strong><br \/>\npra\u0161no barvano jeklo<br \/>\nmagneti<\/p>\n<p><strong>BARVA:<\/strong><br \/>\nBELA \/ \u010cRNA \/ GRAFIT<\/p>\n<p><strong>DIMENZIJE:<\/strong><br \/>\nL\u00a0 30 cm<br \/>\nW 8 cm<br \/>\nH\u00a0 4 cm<\/p>\n<p><strong>NOSILNOST:<\/strong><br \/>\nmax. 2,5 kg*<\/p>\n<p><strong>TE\u017dA:<\/strong><br \/>\n0,5 kg<\/p>\n<p><strong>PRITRJEVANJE<\/strong><strong>:<\/strong><br \/>\npritrjevanje Z MAGNETI<br \/>\nSTENSKA OBLOGA NI VKLJU\u010cENA<\/p>\n<p><strong>\u0160T. IZDELKA\u00a0 \u00a0 \u2022\u00a0\u00a0 BARVA <\/strong><br \/>\nSM-TB-9005 \u00a0 \u00a0\u00a0\u00a0\u00a0\u00a0 \u010cRNA<br \/>\nSM-TB-9016 \u00a0 \u00a0\u00a0\u00a0\u00a0\u00a0 BELA<br \/>\nSM-TB-0000 \u00a0 \u00a0 \u00a0 \u00a0 GRAFIT<\/p>\n<p>Idelek je v celoti proizveden v Sloveniji.<br \/>\nIzdelke po\u0161iljamo po celem svetu. Po\u0161tnina po Sloveniji je brezpla\u010dna.<\/p>\n<p>*Garantirana nosilnost magnetnih dodatkov velja le ob souporabi originalne 3S magnet stenske obloge.<\/p>\n<a href='http:\/\/3sdesign.eu\/SI\/povprasevanje\/' class='big-button bigblue' target=\"_blank\">Povpra\u0161evanje in naro\u010dila<\/a>\n","protected":false},"featured_media":647,"template":"","meta":{"_et_pb_use_builder":"","_et_pb_old_content":"","_et_gb_content_width":"","_monsterinsights_skip_tracking":false,"_monsterinsights_sitenote_active":false,"_monsterinsights_sitenote_note":"","_monsterinsights_sitenote_category":0},"product_brand":[],"product_cat":[68],"product_tag":[66,64,65,63],"class_list":{"0":"post-1195","1":"product","2":"type-product","3":"status-publish","4":"has-post-thumbnail","6":"product_cat-3s-magnet-dodatki-za-kopalnico","7":"product_tag-3s-manget","8":"product_tag-magneti","9":"product_tag-magnetne-police","10":"product_tag-magnetni-dodatki","12":"first","13":"instock","14":"shipping-taxable","15":"product-type-simple"},"yoast_head":"<!-- This site is optimized with the Yoast SEO plugin v25.0 - https:\/\/yoast.com\/wordpress\/plugins\/seo\/ -->\n<title>DR\u017dALO ZA BRISA\u010cE 30 \u2022 basic - 3s design<\/title>\n<meta name=\"robots\" content=\"index, follow, max-snippet:-1, max-image-preview:large, max-video-preview:-1\" \/>\n<link rel=\"canonical\" href=\"https:\/\/3sdesign.eu\/SI\/izdelek\/drzalo-za-brisace-30-basic\/\" \/>\n<meta property=\"og:locale\" content=\"sl_SI\" \/>\n<meta property=\"og:type\" content=\"article\" \/>\n<meta property=\"og:title\" content=\"DR\u017dALO ZA BRISA\u010cE 30 \u2022 basic - 3s design\" \/>\n<meta property=\"og:description\" content=\"MATERIALI: pra\u0161no barvano jeklo magneti  BARVA: BELA \/ \u010cRNA \/ GRAFIT  DIMENZIJE: L\u00a0 30 cm W 8 cm H\u00a0 4 cm  NOSILNOST: max. 2,5 kg*  TE\u017dA: 0,5 kg  PRITRJEVANJE: pritrjevanje Z MAGNETI STENSKA OBLOGA NI VKLJU\u010cENA  \u0160T. IZDELKA\u00a0 \u00a0 \u2022\u00a0\u00a0 BARVA  SM-TB-9005 \u00a0 \u00a0\u00a0\u00a0\u00a0\u00a0 \u010cRNA SM-TB-9016 \u00a0 \u00a0\u00a0\u00a0\u00a0\u00a0 BELA SM-TB-0000 \u00a0 \u00a0 \u00a0 \u00a0 GRAFIT  Idelek je v celoti proizveden v Sloveniji. Izdelke po\u0161iljamo po celem svetu. Po\u0161tnina po Sloveniji je brezpla\u010dna.  *Garantirana nosilnost magnetnih dodatkov velja le ob souporabi originalne 3S magnet stenske obloge.\" \/>\n<meta property=\"og:url\" content=\"https:\/\/3sdesign.eu\/SI\/izdelek\/drzalo-za-brisace-30-basic\/\" \/>\n<meta property=\"og:site_name\" content=\"3s design\" \/>\n<meta property=\"article:modified_time\" content=\"2019-11-07T07:30:25+00:00\" \/>\n<meta property=\"og:image\" content=\"https:\/\/3sdesign.eu\/SI\/wp-content\/uploads\/2019\/10\/Magnetic-towel-bar_graphite.jpg\" \/>\n\t<meta property=\"og:image:width\" content=\"2000\" \/>\n\t<meta property=\"og:image:height\" content=\"2000\" \/>\n\t<meta property=\"og:image:type\" content=\"image\/jpeg\" \/>\n<meta name=\"twitter:card\" content=\"summary_large_image\" \/>\n<meta name=\"twitter:label1\" content=\"Est. reading time\" \/>\n\t<meta name=\"twitter:data1\" content=\"1 minuta\" \/>\n<script type=\"application\/ld+json\" class=\"yoast-schema-graph\">{\"@context\":\"https:\/\/schema.org\",\"@graph\":[{\"@type\":\"WebPage\",\"@id\":\"https:\/\/3sdesign.eu\/SI\/izdelek\/drzalo-za-brisace-30-basic\/\",\"url\":\"https:\/\/3sdesign.eu\/SI\/izdelek\/drzalo-za-brisace-30-basic\/\",\"name\":\"DR\u017dALO ZA BRISA\u010cE 30 \u2022 basic - 3s design\",\"isPartOf\":{\"@id\":\"https:\/\/3sdesign.eu\/SI\/#website\"},\"primaryImageOfPage\":{\"@id\":\"https:\/\/3sdesign.eu\/SI\/izdelek\/drzalo-za-brisace-30-basic\/#primaryimage\"},\"image\":{\"@id\":\"https:\/\/3sdesign.eu\/SI\/izdelek\/drzalo-za-brisace-30-basic\/#primaryimage\"},\"thumbnailUrl\":\"https:\/\/3sdesign.eu\/SI\/wp-content\/uploads\/2019\/10\/Magnetic-towel-bar_graphite.jpg\",\"datePublished\":\"2019-11-01T08:46:38+00:00\",\"dateModified\":\"2019-11-07T07:30:25+00:00\",\"breadcrumb\":{\"@id\":\"https:\/\/3sdesign.eu\/SI\/izdelek\/drzalo-za-brisace-30-basic\/#breadcrumb\"},\"inLanguage\":\"sl-SI\",\"potentialAction\":[{\"@type\":\"ReadAction\",\"target\":[\"https:\/\/3sdesign.eu\/SI\/izdelek\/drzalo-za-brisace-30-basic\/\"]}]},{\"@type\":\"ImageObject\",\"inLanguage\":\"sl-SI\",\"@id\":\"https:\/\/3sdesign.eu\/SI\/izdelek\/drzalo-za-brisace-30-basic\/#primaryimage\",\"url\":\"https:\/\/3sdesign.eu\/SI\/wp-content\/uploads\/2019\/10\/Magnetic-towel-bar_graphite.jpg\",\"contentUrl\":\"https:\/\/3sdesign.eu\/SI\/wp-content\/uploads\/2019\/10\/Magnetic-towel-bar_graphite.jpg\",\"width\":2000,\"height\":2000},{\"@type\":\"BreadcrumbList\",\"@id\":\"https:\/\/3sdesign.eu\/SI\/izdelek\/drzalo-za-brisace-30-basic\/#breadcrumb\",\"itemListElement\":[{\"@type\":\"ListItem\",\"position\":1,\"name\":\"Home\",\"item\":\"https:\/\/3sdesign.eu\/SI\/\"},{\"@type\":\"ListItem\",\"position\":2,\"name\":\"Izdelki\",\"item\":\"https:\/\/3sdesign.eu\/SI\/shop\/\"},{\"@type\":\"ListItem\",\"position\":3,\"name\":\"DR\u017dALO ZA BRISA\u010cE 30 \u2022 basic\"}]},{\"@type\":\"WebSite\",\"@id\":\"https:\/\/3sdesign.eu\/SI\/#website\",\"url\":\"https:\/\/3sdesign.eu\/SI\/\",\"name\":\"3s design\",\"description\":\"Dizajnersko pohi\u0161tvo in stenske obloge za kuhinjo\",\"potentialAction\":[{\"@type\":\"SearchAction\",\"target\":{\"@type\":\"EntryPoint\",\"urlTemplate\":\"https:\/\/3sdesign.eu\/SI\/?s={search_term_string}\"},\"query-input\":{\"@type\":\"PropertyValueSpecification\",\"valueRequired\":true,\"valueName\":\"search_term_string\"}}],\"inLanguage\":\"sl-SI\"}]}<\/script>\n<!-- \/ Yoast SEO plugin. -->","yoast_head_json":{"title":"DR\u017dALO ZA BRISA\u010cE 30 \u2022 basic - 3s design","robots":{"index":"index","follow":"follow","max-snippet":"max-snippet:-1","max-image-preview":"max-image-preview:large","max-video-preview":"max-video-preview:-1"},"canonical":"https:\/\/3sdesign.eu\/SI\/izdelek\/drzalo-za-brisace-30-basic\/","og_locale":"sl_SI","og_type":"article","og_title":"DR\u017dALO ZA BRISA\u010cE 30 \u2022 basic - 3s design","og_description":"MATERIALI: pra\u0161no barvano jeklo magneti  BARVA: BELA \/ \u010cRNA \/ GRAFIT  DIMENZIJE: L\u00a0 30 cm W 8 cm H\u00a0 4 cm  NOSILNOST: max. 2,5 kg*  TE\u017dA: 0,5 kg  PRITRJEVANJE: pritrjevanje Z MAGNETI STENSKA OBLOGA NI VKLJU\u010cENA  \u0160T. IZDELKA\u00a0 \u00a0 \u2022\u00a0\u00a0 BARVA  SM-TB-9005 \u00a0 \u00a0\u00a0\u00a0\u00a0\u00a0 \u010cRNA SM-TB-9016 \u00a0 \u00a0\u00a0\u00a0\u00a0\u00a0 BELA SM-TB-0000 \u00a0 \u00a0 \u00a0 \u00a0 GRAFIT  Idelek je v celoti proizveden v Sloveniji. Izdelke po\u0161iljamo po celem svetu. Po\u0161tnina po Sloveniji je brezpla\u010dna.  *Garantirana nosilnost magnetnih dodatkov velja le ob souporabi originalne 3S magnet stenske obloge.","og_url":"https:\/\/3sdesign.eu\/SI\/izdelek\/drzalo-za-brisace-30-basic\/","og_site_name":"3s design","article_modified_time":"2019-11-07T07:30:25+00:00","og_image":[{"width":2000,"height":2000,"url":"https:\/\/3sdesign.eu\/SI\/wp-content\/uploads\/2019\/10\/Magnetic-towel-bar_graphite.jpg","type":"image\/jpeg"}],"twitter_card":"summary_large_image","twitter_misc":{"Est. reading time":"1 minuta"},"schema":{"@context":"https:\/\/schema.org","@graph":[{"@type":"WebPage","@id":"https:\/\/3sdesign.eu\/SI\/izdelek\/drzalo-za-brisace-30-basic\/","url":"https:\/\/3sdesign.eu\/SI\/izdelek\/drzalo-za-brisace-30-basic\/","name":"DR\u017dALO ZA BRISA\u010cE 30 \u2022 basic - 3s design","isPartOf":{"@id":"https:\/\/3sdesign.eu\/SI\/#website"},"primaryImageOfPage":{"@id":"https:\/\/3sdesign.eu\/SI\/izdelek\/drzalo-za-brisace-30-basic\/#primaryimage"},"image":{"@id":"https:\/\/3sdesign.eu\/SI\/izdelek\/drzalo-za-brisace-30-basic\/#primaryimage"},"thumbnailUrl":"https:\/\/3sdesign.eu\/SI\/wp-content\/uploads\/2019\/10\/Magnetic-towel-bar_graphite.jpg","datePublished":"2019-11-01T08:46:38+00:00","dateModified":"2019-11-07T07:30:25+00:00","breadcrumb":{"@id":"https:\/\/3sdesign.eu\/SI\/izdelek\/drzalo-za-brisace-30-basic\/#breadcrumb"},"inLanguage":"sl-SI","potentialAction":[{"@type":"ReadAction","target":["https:\/\/3sdesign.eu\/SI\/izdelek\/drzalo-za-brisace-30-basic\/"]}]},{"@type":"ImageObject","inLanguage":"sl-SI","@id":"https:\/\/3sdesign.eu\/SI\/izdelek\/drzalo-za-brisace-30-basic\/#primaryimage","url":"https:\/\/3sdesign.eu\/SI\/wp-content\/uploads\/2019\/10\/Magnetic-towel-bar_graphite.jpg","contentUrl":"https:\/\/3sdesign.eu\/SI\/wp-content\/uploads\/2019\/10\/Magnetic-towel-bar_graphite.jpg","width":2000,"height":2000},{"@type":"BreadcrumbList","@id":"https:\/\/3sdesign.eu\/SI\/izdelek\/drzalo-za-brisace-30-basic\/#breadcrumb","itemListElement":[{"@type":"ListItem","position":1,"name":"Home","item":"https:\/\/3sdesign.eu\/SI\/"},{"@type":"ListItem","position":2,"name":"Izdelki","item":"https:\/\/3sdesign.eu\/SI\/shop\/"},{"@type":"ListItem","position":3,"name":"DR\u017dALO ZA BRISA\u010cE 30 \u2022 basic"}]},{"@type":"WebSite","@id":"https:\/\/3sdesign.eu\/SI\/#website","url":"https:\/\/3sdesign.eu\/SI\/","name":"3s design","description":"Dizajnersko pohi\u0161tvo in stenske obloge za kuhinjo","potentialAction":[{"@type":"SearchAction","target":{"@type":"EntryPoint","urlTemplate":"https:\/\/3sdesign.eu\/SI\/?s={search_term_string}"},"query-input":{"@type":"PropertyValueSpecification","valueRequired":true,"valueName":"search_term_string"}}],"inLanguage":"sl-SI"}]}},"_links":{"self":[{"href":"https:\/\/3sdesign.eu\/SI\/wp-json\/wp\/v2\/product\/1195","targetHints":{"allow":["GET"]}}],"collection":[{"href":"https:\/\/3sdesign.eu\/SI\/wp-json\/wp\/v2\/product"}],"about":[{"href":"https:\/\/3sdesign.eu\/SI\/wp-json\/wp\/v2\/types\/product"}],"wp:featuredmedia":[{"embeddable":true,"href":"https:\/\/3sdesign.eu\/SI\/wp-json\/wp\/v2\/media\/647"}],"wp:attachment":[{"href":"https:\/\/3sdesign.eu\/SI\/wp-json\/wp\/v2\/media?parent=1195"}],"wp:term":[{"taxonomy":"product_brand","embeddable":true,"href":"https:\/\/3sdesign.eu\/SI\/wp-json\/wp\/v2\/product_brand?post=1195"},{"taxonomy":"product_cat","embeddable":true,"href":"https:\/\/3sdesign.eu\/SI\/wp-json\/wp\/v2\/product_cat?post=1195"},{"taxonomy":"product_tag","embeddable":true,"href":"https:\/\/3sdesign.eu\/SI\/wp-json\/wp\/v2\/product_tag?post=1195"}],"curies":[{"name":"wp","href":"https:\/\/api.w.org\/{rel}","templated":true}]}}