{"id":347,"date":"2019-10-22T13:31:42","date_gmt":"2019-10-22T12:31:42","guid":{"rendered":"https:\/\/3sdesign.eu\/SI\/?page_id=347"},"modified":"2024-09-04T11:10:02","modified_gmt":"2024-09-04T10:10:02","slug":"domov","status":"publish","type":"page","link":"https:\/\/3sdesign.eu\/SI\/","title":{"rendered":"DOMOV"},"content":{"rendered":"<p>[et_pb_section fb_built=&#8221;1&#8243; _builder_version=&#8221;4.16&#8243; max_width=&#8221;2500px&#8221; min_height=&#8221;368.3px&#8221; global_colors_info=&#8221;{}&#8221;][et_pb_row column_structure=&#8221;1_4,1_4,1_4,1_4&#8243; use_custom_gutter=&#8221;on&#8221; gutter_width=&#8221;2&#8243; _builder_version=&#8221;4.17.4&#8243; width=&#8221;100%&#8221; max_width=&#8221;2500px&#8221; module_alignment=&#8221;center&#8221; custom_margin=&#8221;|||33px|false|false&#8221; global_colors_info=&#8221;{}&#8221;][et_pb_column type=&#8221;1_4&#8243; _builder_version=&#8221;4.16&#8243; global_colors_info=&#8221;{}&#8221;][et_pb_image src=&#8221;https:\/\/3sdesign.eu\/SI\/wp-content\/uploads\/2019\/10\/3S-magnet_kitchen-set.jpg&#8221; _builder_version=&#8221;4.16&#8243; global_colors_info=&#8221;{}&#8221;][\/et_pb_image][\/et_pb_column][et_pb_column type=&#8221;1_4&#8243; _builder_version=&#8221;4.16&#8243; global_colors_info=&#8221;{}&#8221;][et_pb_image src=&#8221;https:\/\/3sdesign.eu\/SI\/wp-content\/uploads\/2019\/10\/3S-magnet_black-magnetic-shelf.jpg&#8221; _builder_version=&#8221;4.16&#8243; global_colors_info=&#8221;{}&#8221;][\/et_pb_image][\/et_pb_column][et_pb_column type=&#8221;1_4&#8243; _builder_version=&#8221;4.16&#8243; global_colors_info=&#8221;{}&#8221;][et_pb_image src=&#8221;https:\/\/3sdesign.eu\/SI\/wp-content\/uploads\/2019\/10\/3S-magnet_kitchen-accessoris_oblique.jpg&#8221; _builder_version=&#8221;4.16&#8243; global_colors_info=&#8221;{}&#8221;][\/et_pb_image][\/et_pb_column][et_pb_column type=&#8221;1_4&#8243; _builder_version=&#8221;4.16&#8243; global_colors_info=&#8221;{}&#8221;][et_pb_image src=&#8221;https:\/\/3sdesign.eu\/SI\/wp-content\/uploads\/2019\/10\/3S-magnet_magnetic-kitchen-accessories.jpg&#8221; _builder_version=&#8221;4.16&#8243; global_colors_info=&#8221;{}&#8221;][\/et_pb_image][\/et_pb_column][\/et_pb_row][\/et_pb_section][et_pb_section fb_built=&#8221;1&#8243; _builder_version=&#8221;4.17.4&#8243; min_height=&#8221;620px&#8221; custom_margin=&#8221;||||false|false&#8221; global_colors_info=&#8221;{}&#8221;][et_pb_row _builder_version=&#8221;4.16&#8243; global_colors_info=&#8221;{}&#8221;][et_pb_column type=&#8221;4_4&#8243; _builder_version=&#8221;4.16&#8243; global_colors_info=&#8221;{}&#8221;][et_pb_button button_url=&#8221;https:\/\/3sdesign.eu\/SI\/3sdesign_katalog22\/&#8221; url_new_window=&#8221;on&#8221; button_text=&#8221;3S design &#8211; NOV katalog&#8221; button_alignment=&#8221;center&#8221; _builder_version=&#8221;4.17.4&#8243; _module_preset=&#8221;default&#8221; custom_button=&#8221;on&#8221; button_text_size=&#8221;35px&#8221; button_bg_color=&#8221;#3a4c44&#8243; button_border_radius=&#8221;18px&#8221; background_layout=&#8221;dark&#8221; global_colors_info=&#8221;{}&#8221;][\/et_pb_button][et_pb_text _builder_version=&#8221;4.16&#8243; header_font=&#8221;Shadows Into Light||||||||&#8221; header_text_color=&#8221;rgba(0,0,0,0.7)&#8221; header_font_size=&#8221;50px&#8221; global_colors_info=&#8221;{}&#8221;]<\/p>\n<h1 style=\"text-align: center;\">&#8220;Ne spreminjajte svojih navad, spremenite pohistvo!&#8221;<\/h1>\n<p>[\/et_pb_text][\/et_pb_column][\/et_pb_row][et_pb_row column_structure=&#8221;1_4,1_4,1_4,1_4&#8243; _builder_version=&#8221;4.16&#8243; global_colors_info=&#8221;{}&#8221;][et_pb_column type=&#8221;1_4&#8243; _builder_version=&#8221;4.16&#8243; global_colors_info=&#8221;{}&#8221;][et_pb_image src=&#8221;https:\/\/3sdesign.eu\/SI\/wp-content\/uploads\/2019\/10\/3S-magnet_kitchen_wooden-accessories-300&#215;300.jpg&#8221; url=&#8221;https:\/\/3sdesign.eu\/SI\/kolekcije\/3s-magnet\/&#8221; _builder_version=&#8221;4.16&#8243; global_colors_info=&#8221;{}&#8221;][\/et_pb_image][et_pb_text _builder_version=&#8221;4.16&#8243; header_font=&#8221;Noto Sans|700|||||||&#8221; header_text_color=&#8221;rgba(0,0,0,0.6)&#8221; header_3_font_size=&#8221;15px&#8221; global_colors_info=&#8221;{}&#8221;]<\/p>\n<h1 style=\"text-align: center;\"><a href=\"https:\/\/3sdesign.eu\/SI\/kolekcije\/3s-magnet\/\">3S magnet<\/a><\/h1>\n<p>&nbsp;<\/p>\n<h3 style=\"text-align: center;\">Sistem stenskih oblog,<\/h3>\n<h3 style=\"text-align: center;\">izdelanih po meri,<\/h3>\n<h3 style=\"text-align: center;\">in raznovstnih<\/h3>\n<h3 style=\"text-align: center;\">magnetnih dodatkov.<\/h3>\n<h3 style=\"text-align: center;\"><\/h3>\n<p>&nbsp;<\/p>\n<p>[\/et_pb_text][\/et_pb_column][et_pb_column type=&#8221;1_4&#8243; _builder_version=&#8221;4.16&#8243; global_colors_info=&#8221;{}&#8221;][et_pb_image src=&#8221;https:\/\/3sdesign.eu\/SI\/wp-content\/uploads\/2019\/10\/Steelline_coffee-table-TWIN-300&#215;300.jpg&#8221; url=&#8221;https:\/\/3sdesign.eu\/SI\/kolekcije\/steelline\/&#8221; _builder_version=&#8221;4.16&#8243; global_colors_info=&#8221;{}&#8221;][\/et_pb_image][et_pb_text _builder_version=&#8221;4.16&#8243; header_font=&#8221;Noto Sans|700|||||||&#8221; header_text_color=&#8221;rgba(0,0,0,0.6)&#8221; header_3_font_size=&#8221;15px&#8221; global_colors_info=&#8221;{}&#8221;]<\/p>\n<h1 style=\"text-align: center;\"><a href=\"https:\/\/3sdesign.eu\/SI\/kolekcije\/steelline\/\">Steelline<\/a><\/h1>\n<p>&nbsp;<\/p>\n<h3 style=\"text-align: center;\">Kovinsko pohi\u0161tvo,<\/h3>\n<h3 style=\"text-align: center;\">ustvarjeno, da<\/h3>\n<h3 style=\"text-align: center;\">se prilagodi va\u0161emu<\/h3>\n<h3 style=\"text-align: center;\">\u017eivljenskemu slogu.<\/h3>\n<h3 style=\"text-align: center;\"><\/h3>\n<h3 style=\"text-align: center;\"><\/h3>\n<p>&nbsp;<\/p>\n<p>[\/et_pb_text][\/et_pb_column][et_pb_column type=&#8221;1_4&#8243; _builder_version=&#8221;4.16&#8243; global_colors_info=&#8221;{}&#8221;][et_pb_image src=&#8221;https:\/\/3sdesign.eu\/SI\/wp-content\/uploads\/2019\/10\/Plutoo_Clothes-stand-Plutoo-300&#215;300.jpg&#8221; url=&#8221;https:\/\/3sdesign.eu\/SI\/kolekcije\/plutoo\/&#8221; _builder_version=&#8221;4.16&#8243; global_colors_info=&#8221;{}&#8221;][\/et_pb_image][et_pb_text _builder_version=&#8221;4.16&#8243; header_font=&#8221;Noto Sans|700|||||||&#8221; header_text_color=&#8221;rgba(0,0,0,0.6)&#8221; header_3_font_size=&#8221;15px&#8221; global_colors_info=&#8221;{}&#8221;]<\/p>\n<h1 style=\"text-align: center;\"><a href=\"https:\/\/3sdesign.eu\/SI\/kolekcije\/plutoo\/\">Plutoo<\/a><\/h1>\n<p>&nbsp;<\/p>\n<h3 style=\"text-align: center;\">Edinstven kos pohi\u0161tva.<\/h3>\n<h3 style=\"text-align: center;\">Stojalo za obleke,<\/h3>\n<h3 style=\"text-align: center;\">oblikovano<\/h3>\n<h3 style=\"text-align: center;\">v modernem slogu.<\/h3>\n<h3 style=\"text-align: center;\"><\/h3>\n<p>&nbsp;<\/p>\n<p>[\/et_pb_text][\/et_pb_column][et_pb_column type=&#8221;1_4&#8243; _builder_version=&#8221;4.16&#8243; global_colors_info=&#8221;{}&#8221;][et_pb_image src=&#8221;https:\/\/3sdesign.eu\/SI\/wp-content\/uploads\/2019\/10\/DESIGN-STUDIO-1-300&#215;300.jpg&#8221; _builder_version=&#8221;4.16&#8243; global_colors_info=&#8221;{}&#8221;][\/et_pb_image][et_pb_text _builder_version=&#8221;4.16&#8243; header_font=&#8221;Noto Sans|700|||||||&#8221; header_text_color=&#8221;rgba(0,0,0,0.6)&#8221; header_3_font_size=&#8221;15px&#8221; global_colors_info=&#8221;{}&#8221;]<\/p>\n<h1 style=\"text-align: center;\">Design Studio<\/h1>\n<p>&nbsp;<\/p>\n<h3 style=\"text-align: center;\"><span>Prizadevamo si oblikovati<\/span><\/h3>\n<h3 style=\"text-align: center;\"><span>prilagodljivo arhitekturo,<\/span><\/h3>\n<h3 style=\"text-align: center;\"><span>interier in pohi\u0161tvo.<\/span><\/h3>\n<h3 style=\"text-align: center;\"><span>Z dolgo \u017eivljenjsko dobo.<\/span><\/h3>\n<h3 style=\"text-align: center;\"><\/h3>\n<p>&nbsp;<\/p>\n<p>[\/et_pb_text][\/et_pb_column][\/et_pb_row][\/et_pb_section][et_pb_section fb_built=&#8221;1&#8243; _builder_version=&#8221;4.16&#8243; background_color=&#8221;rgba(0,0,0,0.08)&#8221; global_colors_info=&#8221;{}&#8221;][et_pb_row column_structure=&#8221;1_3,1_3,1_3&#8243; _builder_version=&#8221;4.16&#8243; global_colors_info=&#8221;{}&#8221;][et_pb_column type=&#8221;1_3&#8243; _builder_version=&#8221;4.16&#8243; global_colors_info=&#8221;{}&#8221;][et_pb_text _builder_version=&#8221;4.24.1&#8243; hover_enabled=&#8221;0&#8243; global_colors_info=&#8221;{}&#8221; sticky_enabled=&#8221;0&#8243;]<\/p>\n<p style=\"text-align: center;\">KONTAKT<\/p>\n<p style=\"text-align: center;\">3S design, d.o.o.<\/p>\n<p style=\"text-align: center;\">Slovenia<\/p>\n<p style=\"text-align: center;\"><strong>studio@3sdesign.eu<\/strong><\/p>\n<p style=\"text-align: center;\"><strong>070 322 122<br \/><\/strong><\/p>\n<p>[\/et_pb_text][\/et_pb_column][et_pb_column type=&#8221;1_3&#8243; _builder_version=&#8221;4.16&#8243; global_colors_info=&#8221;{}&#8221;][et_pb_text _builder_version=&#8221;4.16&#8243; global_colors_info=&#8221;{}&#8221;]<\/p>\n<p style=\"text-align: center;\">INFORMACIJE<\/p>\n<p style=\"text-align: center;\">Pogoji<\/p>\n<p style=\"text-align: center;\">Dostava in vra\u010dilo blaga<\/p>\n<p style=\"text-align: center;\">Zasebna politika<\/p>\n<p>[\/et_pb_text][\/et_pb_column][et_pb_column type=&#8221;1_3&#8243; _builder_version=&#8221;4.16&#8243; global_colors_info=&#8221;{}&#8221;][et_pb_text _builder_version=&#8221;4.16&#8243; global_colors_info=&#8221;{}&#8221;]<\/p>\n<p style=\"text-align: center;\">SLEDI NAM<\/p>\n<p>[\/et_pb_text][et_pb_social_media_follow _builder_version=&#8221;4.16&#8243; text_orientation=&#8221;center&#8221; global_colors_info=&#8221;{}&#8221;][et_pb_social_media_follow_network social_network=&#8221;facebook&#8221; url=&#8221;https:\/\/www.facebook.com\/3sdesigneu\/&#8221; _builder_version=&#8221;4.16&#8243; background_color=&#8221;rgba(0,0,0,0.6)&#8221; background_enable_color=&#8221;on&#8221; global_colors_info=&#8221;{}&#8221; follow_button=&#8221;off&#8221; url_new_window=&#8221;on&#8221;]facebook[\/et_pb_social_media_follow_network][et_pb_social_media_follow_network social_network=&#8221;instagram&#8221; url=&#8221;https:\/\/www.instagram.com\/3sdesign_eu\/&#8221; _builder_version=&#8221;4.16&#8243; background_color=&#8221;rgba(0,0,0,0.6)&#8221; background_enable_color=&#8221;on&#8221; global_colors_info=&#8221;{}&#8221; follow_button=&#8221;off&#8221; url_new_window=&#8221;on&#8221;]instagram[\/et_pb_social_media_follow_network][et_pb_social_media_follow_network social_network=&#8221;pinterest&#8221; url=&#8221;https:\/\/www.pinterest.com\/3sdesign\/&#8221; _builder_version=&#8221;4.16&#8243; background_color=&#8221;rgba(0,0,0,0.6)&#8221; background_enable_color=&#8221;on&#8221; global_colors_info=&#8221;{}&#8221; follow_button=&#8221;off&#8221; url_new_window=&#8221;on&#8221;]pinterest[\/et_pb_social_media_follow_network][et_pb_social_media_follow_network social_network=&#8221;linkedin&#8221; url=&#8221;https:\/\/www.linkedin.com\/company\/9272777\/admin\/&#8221; _builder_version=&#8221;4.16&#8243; background_color=&#8221;rgba(0,0,0,0.6)&#8221; background_enable_color=&#8221;on&#8221; global_colors_info=&#8221;{}&#8221; follow_button=&#8221;off&#8221; url_new_window=&#8221;on&#8221;]linkedin[\/et_pb_social_media_follow_network][\/et_pb_social_media_follow][\/et_pb_column][\/et_pb_row][\/et_pb_section]<\/p>\n","protected":false},"excerpt":{"rendered":"<p>&#8220;Ne spreminjajte svojih navad, spremenite pohistvo!&#8221;3S magnet &nbsp; Sistem stenskih oblog, izdelanih po meri, in raznovstnih magnetnih dodatkov. &nbsp;Steelline &nbsp; Kovinsko pohi\u0161tvo, ustvarjeno, da se prilagodi va\u0161emu \u017eivljenskemu slogu. &nbsp;Plutoo &nbsp; Edinstven kos pohi\u0161tva. Stojalo za obleke, oblikovano v modernem slogu. &nbsp;Design Studio &nbsp; Prizadevamo si oblikovati prilagodljivo arhitekturo, interier in pohi\u0161tvo. Z dolgo \u017eivljenjsko [&hellip;]<\/p>\n","protected":false},"author":1,"featured_media":0,"parent":0,"menu_order":0,"comment_status":"closed","ping_status":"closed","template":"","meta":{"_et_pb_use_builder":"on","_et_pb_old_content":"<!-- wp:divi\/placeholder \/-->","_et_gb_content_width":"","_monsterinsights_skip_tracking":false,"_monsterinsights_sitenote_active":false,"_monsterinsights_sitenote_note":"","_monsterinsights_sitenote_category":0,"footnotes":""},"class_list":["post-347","page","type-page","status-publish","hentry"],"yoast_head":"<!-- This site is optimized with the Yoast SEO plugin v25.0 - https:\/\/yoast.com\/wordpress\/plugins\/seo\/ -->\n<title>DOMOV - 3s design<\/title>\n<meta name=\"robots\" content=\"index, follow, max-snippet:-1, max-image-preview:large, max-video-preview:-1\" \/>\n<link rel=\"canonical\" href=\"https:\/\/3sdesign.eu\/SI\/\" \/>\n<meta property=\"og:locale\" content=\"sl_SI\" \/>\n<meta property=\"og:type\" content=\"article\" \/>\n<meta property=\"og:title\" content=\"DOMOV - 3s design\" \/>\n<meta property=\"og:description\" content=\"&quot;Ne spreminjajte svojih navad, spremenite pohistvo!&quot;3S magnet &nbsp; Sistem stenskih oblog, izdelanih po meri, in raznovstnih magnetnih dodatkov. &nbsp;Steelline &nbsp; Kovinsko pohi\u0161tvo, ustvarjeno, da se prilagodi va\u0161emu \u017eivljenskemu slogu. &nbsp;Plutoo &nbsp; Edinstven kos pohi\u0161tva. Stojalo za obleke, oblikovano v modernem slogu. &nbsp;Design Studio &nbsp; Prizadevamo si oblikovati prilagodljivo arhitekturo, interier in pohi\u0161tvo. Z dolgo \u017eivljenjsko [&hellip;]\" \/>\n<meta property=\"og:url\" content=\"https:\/\/3sdesign.eu\/SI\/\" \/>\n<meta property=\"og:site_name\" content=\"3s design\" \/>\n<meta property=\"article:modified_time\" content=\"2024-09-04T10:10:02+00:00\" \/>\n<meta name=\"twitter:card\" content=\"summary_large_image\" \/>\n<meta name=\"twitter:label1\" content=\"Est. reading time\" \/>\n\t<meta name=\"twitter:data1\" content=\"5 minut\" \/>\n<script type=\"application\/ld+json\" class=\"yoast-schema-graph\">{\"@context\":\"https:\/\/schema.org\",\"@graph\":[{\"@type\":\"WebPage\",\"@id\":\"https:\/\/3sdesign.eu\/SI\/\",\"url\":\"https:\/\/3sdesign.eu\/SI\/\",\"name\":\"DOMOV - 3s design\",\"isPartOf\":{\"@id\":\"https:\/\/3sdesign.eu\/SI\/#website\"},\"datePublished\":\"2019-10-22T12:31:42+00:00\",\"dateModified\":\"2024-09-04T10:10:02+00:00\",\"breadcrumb\":{\"@id\":\"https:\/\/3sdesign.eu\/SI\/#breadcrumb\"},\"inLanguage\":\"sl-SI\",\"potentialAction\":[{\"@type\":\"ReadAction\",\"target\":[\"https:\/\/3sdesign.eu\/SI\/\"]}]},{\"@type\":\"BreadcrumbList\",\"@id\":\"https:\/\/3sdesign.eu\/SI\/#breadcrumb\",\"itemListElement\":[{\"@type\":\"ListItem\",\"position\":1,\"name\":\"Home\",\"item\":\"https:\/\/3sdesign.eu\/SI\/\"},{\"@type\":\"ListItem\",\"position\":2,\"name\":\"DOMOV\"}]},{\"@type\":\"WebSite\",\"@id\":\"https:\/\/3sdesign.eu\/SI\/#website\",\"url\":\"https:\/\/3sdesign.eu\/SI\/\",\"name\":\"3s design\",\"description\":\"Dizajnersko pohi\u0161tvo in stenske obloge za kuhinjo\",\"potentialAction\":[{\"@type\":\"SearchAction\",\"target\":{\"@type\":\"EntryPoint\",\"urlTemplate\":\"https:\/\/3sdesign.eu\/SI\/?s={search_term_string}\"},\"query-input\":{\"@type\":\"PropertyValueSpecification\",\"valueRequired\":true,\"valueName\":\"search_term_string\"}}],\"inLanguage\":\"sl-SI\"}]}<\/script>\n<!-- \/ Yoast SEO plugin. -->","yoast_head_json":{"title":"DOMOV - 3s design","robots":{"index":"index","follow":"follow","max-snippet":"max-snippet:-1","max-image-preview":"max-image-preview:large","max-video-preview":"max-video-preview:-1"},"canonical":"https:\/\/3sdesign.eu\/SI\/","og_locale":"sl_SI","og_type":"article","og_title":"DOMOV - 3s design","og_description":"\"Ne spreminjajte svojih navad, spremenite pohistvo!\"3S magnet &nbsp; Sistem stenskih oblog, izdelanih po meri, in raznovstnih magnetnih dodatkov. &nbsp;Steelline &nbsp; Kovinsko pohi\u0161tvo, ustvarjeno, da se prilagodi va\u0161emu \u017eivljenskemu slogu. &nbsp;Plutoo &nbsp; Edinstven kos pohi\u0161tva. Stojalo za obleke, oblikovano v modernem slogu. &nbsp;Design Studio &nbsp; Prizadevamo si oblikovati prilagodljivo arhitekturo, interier in pohi\u0161tvo. Z dolgo \u017eivljenjsko [&hellip;]","og_url":"https:\/\/3sdesign.eu\/SI\/","og_site_name":"3s design","article_modified_time":"2024-09-04T10:10:02+00:00","twitter_card":"summary_large_image","twitter_misc":{"Est. reading time":"5 minut"},"schema":{"@context":"https:\/\/schema.org","@graph":[{"@type":"WebPage","@id":"https:\/\/3sdesign.eu\/SI\/","url":"https:\/\/3sdesign.eu\/SI\/","name":"DOMOV - 3s design","isPartOf":{"@id":"https:\/\/3sdesign.eu\/SI\/#website"},"datePublished":"2019-10-22T12:31:42+00:00","dateModified":"2024-09-04T10:10:02+00:00","breadcrumb":{"@id":"https:\/\/3sdesign.eu\/SI\/#breadcrumb"},"inLanguage":"sl-SI","potentialAction":[{"@type":"ReadAction","target":["https:\/\/3sdesign.eu\/SI\/"]}]},{"@type":"BreadcrumbList","@id":"https:\/\/3sdesign.eu\/SI\/#breadcrumb","itemListElement":[{"@type":"ListItem","position":1,"name":"Home","item":"https:\/\/3sdesign.eu\/SI\/"},{"@type":"ListItem","position":2,"name":"DOMOV"}]},{"@type":"WebSite","@id":"https:\/\/3sdesign.eu\/SI\/#website","url":"https:\/\/3sdesign.eu\/SI\/","name":"3s design","description":"Dizajnersko pohi\u0161tvo in stenske obloge za kuhinjo","potentialAction":[{"@type":"SearchAction","target":{"@type":"EntryPoint","urlTemplate":"https:\/\/3sdesign.eu\/SI\/?s={search_term_string}"},"query-input":{"@type":"PropertyValueSpecification","valueRequired":true,"valueName":"search_term_string"}}],"inLanguage":"sl-SI"}]}},"_links":{"self":[{"href":"https:\/\/3sdesign.eu\/SI\/wp-json\/wp\/v2\/pages\/347","targetHints":{"allow":["GET"]}}],"collection":[{"href":"https:\/\/3sdesign.eu\/SI\/wp-json\/wp\/v2\/pages"}],"about":[{"href":"https:\/\/3sdesign.eu\/SI\/wp-json\/wp\/v2\/types\/page"}],"author":[{"embeddable":true,"href":"https:\/\/3sdesign.eu\/SI\/wp-json\/wp\/v2\/users\/1"}],"replies":[{"embeddable":true,"href":"https:\/\/3sdesign.eu\/SI\/wp-json\/wp\/v2\/comments?post=347"}],"version-history":[{"count":29,"href":"https:\/\/3sdesign.eu\/SI\/wp-json\/wp\/v2\/pages\/347\/revisions"}],"predecessor-version":[{"id":1344,"href":"https:\/\/3sdesign.eu\/SI\/wp-json\/wp\/v2\/pages\/347\/revisions\/1344"}],"wp:attachment":[{"href":"https:\/\/3sdesign.eu\/SI\/wp-json\/wp\/v2\/media?parent=347"}],"curies":[{"name":"wp","href":"https:\/\/api.w.org\/{rel}","templated":true}]}}